{"id":120037,"date":"2025-03-30T13:18:45","date_gmt":"2025-03-30T13:18:45","guid":{"rendered":"https:\/\/lplawyersfirm.com\/?page_id=120037"},"modified":"2025-04-12T12:21:47","modified_gmt":"2025-04-12T12:21:47","slug":"mini-alternative-investment-fund-manager-mini-aifm","status":"publish","type":"page","link":"https:\/\/lplawyersfirm.com\/de\/mini-alternative-investment-fund-manager-mini-aifm\/","title":{"rendered":"Mini Alternative Investment Fund Manager (Mini-AIFM)"},"content":{"rendered":"<p><section data-bb-version=\"5.2.6\" id=\"bt_bb_section69dc85e5a8168\" class=\"bt_bb_section bt_bb_color_scheme_1 bt_bb_layout_boxed_1200 bt_bb_vertical_align_top bt_bb_top_spacing_extra_large bt_bb_bottom_spacing_extra_large\" style=\"; --section-primary-color:#ffffff; --section-secondary-color:#191919;\" data-bt-override-class=\"{&quot;bt_bb_top_spacing_&quot;:{&quot;current_class&quot;:&quot;bt_bb_top_spacing_extra_large&quot;,&quot;def&quot;:&quot;extra_large&quot;},&quot;bt_bb_bottom_spacing_&quot;:{&quot;current_class&quot;:&quot;bt_bb_bottom_spacing_extra_large&quot;,&quot;def&quot;:&quot;extra_large&quot;},&quot;bt_bb_animation_&quot;:{&quot;current_class&quot;:&quot;bt_bb_animation_no_animation&quot;,&quot;def&quot;:&quot;no_animation&quot;}}\"><div class=\"bt_bb_background_image_holder_wrapper\"><div class=\"bt_bb_background_image_holder bt_bb_parallax\"  data-parallax=\"0.7\" data-parallax-offset=\"0\" data-parallax-zoom-start=\"1\" data-parallax-zoom-end=\"1\" data-parallax-blur-start=\"0\" data-parallax-blur-end=\"0\" data-parallax-opacity-start=\"1\" data-parallax-opacity-end=\"1\" style=\" background-image:url(&#039;https:\/\/lplawyersfirm.com\/wp-content\/uploads\/2025\/04\/Services-08-AIF-RAIF.jpg&#039;);\"><\/div><\/div><div class=\"bt_bb_port\"><div class=\"bt_bb_cell\"><div class=\"bt_bb_cell_inner\"><div class=\"bt_bb_row \"  data-bt-override-class=\"{}\"><div class=\"bt_bb_row_holder\" ><div  class=\"bt_bb_column col-xl-2 bt_bb_align_left bt_bb_padding_normal\"  data-width=\"2\" data-bt-override-class=\"{}\"><div class=\"bt_bb_column_content bt_bb_vertical_align_top bt_bb_color_scheme_\"><div class=\"bt_bb_column_content_inner\"><\/div><\/div><\/div><div  class=\"bt_bb_column col-xl-8 bt_bb_align_center bt_bb_padding_normal\"  data-width=\"8\" data-bt-override-class=\"{}\"><div class=\"bt_bb_column_content bt_bb_vertical_align_bottom bt_bb_color_scheme_\"><div class=\"bt_bb_column_content_inner\"><div class=\"bt_bb_separator bt_bb_border_style_none bt_bb_bottom_spacing_medium\" data-bt-override-class=\"null\"><\/div><div class=\"bt_bb_separator bt_bb_border_style_none bt_bb_bottom_spacing_medium\" data-bt-override-class=\"null\"><\/div><div class=\"bt_bb_separator bt_bb_border_style_none bt_bb_bottom_spacing_small\" data-bt-override-class=\"null\"><\/div><\/div><\/div><\/div><div  class=\"bt_bb_column col-xl-2 bt_bb_align_left bt_bb_padding_normal\"  data-width=\"2\" data-bt-override-class=\"{}\"><div class=\"bt_bb_column_content bt_bb_vertical_align_top bt_bb_color_scheme_\"><div class=\"bt_bb_column_content_inner\"><\/div><\/div><\/div><\/div><\/div><\/div><!-- cell_inner --><\/div><!-- cell --><\/div><!-- port --><\/section><section id=\"bt_bb_section69dc85e5a8540\" class=\"bt_bb_section bt_bb_layout_boxed_1200 bt_bb_vertical_align_top bt_bb_top_spacing_medium bt_bb_bottom_spacing_medium\"  data-bt-override-class=\"null\"><div class=\"bt_bb_port\"><div class=\"bt_bb_cell\"><div class=\"bt_bb_cell_inner\"><div class=\"bt_bb_row \"  data-bt-override-class=\"{}\"><div class=\"bt_bb_row_holder\" ><div  class=\"bt_bb_column col-xl-12 bt_bb_align_left bt_bb_padding_normal\"  data-width=\"12\" data-bt-override-class=\"{}\"><div class=\"bt_bb_column_content bt_bb_vertical_align_top bt_bb_color_scheme_\"><div class=\"bt_bb_column_content_inner\"><div class=\"bt_bb_separator bt_bb_border_style_none bt_bb_bottom_spacing_normal\" data-bt-override-class=\"null\"><\/div><div  class=\"bt_bb_text\" ><\/p>\n<article class=\"w-full text-token-text-primary\" dir=\"auto\" data-testid=\"conversation-turn-34\" data-scroll-anchor=\"true\">\n<div class=\"text-base my-auto mx-auto py-5 px-6\">\n<div class=\"mx-auto flex flex-1 text-base gap-4 md:gap-5 lg:gap-6 md:max-w-3xl group\/turn-messages focus-visible:outline-none\" tabindex=\"-1\">\n<div class=\"group\/conversation-turn relative flex w-full min-w-0 flex-col agent-turn @xs\/thread:px-0 @sm\/thread:px-1.5 @md\/thread:px-4\">\n<div class=\"relative flex-col gap-1 md:gap-3\">\n<div class=\"flex max-w-full flex-col flex-grow\">\n<div class=\"min-h-8 text-message relative flex w-full flex-col items-end gap-2 whitespace-normal break-words text-start &#091;.text-message+&amp;&#093;:mt-5\" dir=\"auto\" data-message-author-role=\"assistant\" data-message-id=\"8c92402d-97a5-4ed2-9f8b-c7e815bb14bf\" data-message-model-slug=\"gpt-4o-mini\">\n<div class=\"flex w-full flex-col gap-1 empty:hidden first:pt-&#091;3px&#093;\">\n<div class=\"markdown prose w-full break-words dark:prose-invert dark\">\n<h3 data-start=\"0\" data-end=\"62\">Mini Alternative Investment Fund Manager (Mini-AIFM) in Zypern<\/h3>\n<p>&nbsp;<\/p>\n<\/div>\n<\/div>\n<\/div>\n<p class=\"\" data-start=\"0\" data-end=\"164\">\u200b<span class=\"relative -mx-px my-&#091;-0.2rem&#093; rounded px-px py-&#091;0.2rem&#093;\">In Zypern wurde im Juli 2020 das Gesetz \u00fcber Mini Alternative Investment Fund Manager (Mini-AIFM) eingef\u00fchrt.<\/span> <span class=\"relative -mx-px my-&#091;-0.2rem&#093; rounded px-px py-&#091;0.2rem&#093;\">Dieses Regime richtet sich an kleinere Fondsmanager, die AIFs mit begrenztem Verm\u00f6gen verwalten und bietet eine kosteneffiziente und flexible Alternative zur traditionellen AIFM-Lizenzierung.<\/span> \u200b<\/p>\n<h5 data-start=\"166\" data-end=\"206\">Hauptmerkmale des Mini-AIFM-Regimes:<\/h5>\n<ul data-start=\"208\" data-end=\"959\">\n<li class=\"\" data-start=\"208\" data-end=\"351\">\n<p class=\"\" data-start=\"210\" data-end=\"351\"><strong data-start=\"210\" data-end=\"231\">Verm\u00f6gensgrenzen:<\/strong> <span class=\"relative -mx-px my-&#091;-0.2rem&#093; rounded px-px py-&#091;0.2rem&#093;\">Verwaltung von AIFs mit einem Gesamtverm\u00f6gen von bis zu 100 Millionen Euro (einschlie\u00dflich Leverage) oder bis zu 500 Millionen Euro (ohne Leverage und mit einer Sperrfrist von mindestens f\u00fcnf Jahren f\u00fcr Investoren).<\/span> \u200b<span class=\"ml-1 inline-flex max-w-full items-center relative top-&#091;-0.094rem&#093;\"><a class=\"flex h-6 overflow-hidden rounded-xl px-2.5 text-&#091;0.5625em&#093; font-medium !bg-&#091;#F4F4F4&#093; !text-token-text-secondary dark:!bg-&#091;#303030&#093;\" href=\"https:\/\/www.arotislaw.com\/mini-alternative-investment-fund-managers-law\/?utm_source=chatgpt.com\" target=\"_blank\" rel=\"noopener\"><span class=\"relative bottom-0 left-0 flex h-full w-full items-center\"><span class=\"flex h-4 w-full items-center justify-between overflow-hidden\"><span class=\"max-w-full grow overflow-hidden truncate text-center\">arotislaw.com<\/span><\/span><\/span><\/a><\/span><\/p>\n<\/li>\n<li class=\"\" data-start=\"353\" data-end=\"490\">\n<p class=\"\" data-start=\"355\" data-end=\"490\"><strong data-start=\"355\" data-end=\"370\">Rechtsform:<\/strong> <span class=\"relative -mx-px my-&#091;-0.2rem&#093; rounded px-px py-&#091;0.2rem&#093;\">Muss als Gesellschaft mit beschr\u00e4nkter Haftung in Zypern gegr\u00fcndet werden.<\/span> \u200b<\/p>\n<\/li>\n<li class=\"\" data-start=\"492\" data-end=\"649\">\n<p class=\"\" data-start=\"494\" data-end=\"649\"><strong data-start=\"494\" data-end=\"523\">Eigenmittelanforderungen:<\/strong> <span class=\"relative -mx-px my-&#091;-0.2rem&#093; rounded px-px py-&#091;0.2rem&#093;\">Bei Verm\u00f6genswerten \u00fcber 125 Millionen Euro ist eine zus\u00e4tzliche Eigenkapitalquote von 0,02 % des \u00fcbersteigenden Betrags erforderlich.<\/span> \u200b<span class=\"ml-1 inline-flex max-w-full items-center relative top-&#091;-0.094rem&#093;\"><a class=\"flex h-6 overflow-hidden rounded-xl px-2.5 text-&#091;0.5625em&#093; font-medium !bg-&#091;#F4F4F4&#093; !text-token-text-secondary dark:!bg-&#091;#303030&#093;\" href=\"https:\/\/www.pavlaw.com\/pulication\/mini-fund-manager-an-alternative-powerful-and-cost-efficient-vehicle\/?utm_source=chatgpt.com\" target=\"_blank\" rel=\"noopener\"><span class=\"relative bottom-0 left-0 flex h-full w-full items-center\"><span class=\"flex h-4 w-full items-center justify-between overflow-hidden\"><span class=\"max-w-full grow overflow-hidden truncate text-center\">PATRIKIOS LEGAL<\/span><\/span><\/span><\/a><\/span><\/p>\n<\/li>\n<li class=\"\" data-start=\"651\" data-end=\"800\">\n<p class=\"\" data-start=\"653\" data-end=\"800\"><strong data-start=\"653\" data-end=\"674\">Aufsichtsbeh\u00f6rde:<\/strong> <span class=\"relative -mx-px my-&#091;-0.2rem&#093; rounded px-px py-&#091;0.2rem&#093;\">Die Cypriotische Wertpapier- und B\u00f6rsenaufsichtsbeh\u00f6rde (CySEC) ist f\u00fcr die Regulierung und \u00dcberwachung zust\u00e4ndig.<\/span> \u200b<span class=\"\" data-state=\"closed\"><span class=\"ml-1 inline-flex max-w-full items-center relative top-&#091;-0.094rem&#093;\"><a class=\"flex h-6 overflow-hidden rounded-xl px-2.5 text-&#091;0.5625em&#093; font-medium !bg-&#091;#F4F4F4&#093; !text-token-text-secondary dark:!bg-&#091;#303030&#093;\" href=\"https:\/\/www.harneys.com\/insights\/enactment-of-mini-alternative-investment-fund-managers-law-in-cyprus\/?utm_source=chatgpt.com\" target=\"_blank\" rel=\"noopener\"><span class=\"relative bottom-0 left-0 flex h-full w-full items-center\"><span class=\"flex h-4 w-full items-center justify-between overflow-hidden\"><span class=\"max-w-full grow overflow-hidden truncate text-center\">Harneys<\/span><\/span><\/span><\/a><\/span><\/span><\/p>\n<\/li>\n<li class=\"\" data-start=\"802\" data-end=\"959\">\n<p class=\"\" data-start=\"804\" data-end=\"959\"><strong data-start=\"804\" data-end=\"833\">Umwandlungsm\u00f6glichkeiten:<\/strong> <span class=\"relative -mx-px my-&#091;-0.2rem&#093; rounded px-px py-&#091;0.2rem&#093;\">Ein Mini-AIFM kann in einen vollwertigen AIFM umgewandelt werden, sobald die festgelegten Verm\u00f6gensschwellen \u00fcberschritten werden.<\/span> \u200b<\/p>\n<\/li>\n<\/ul>\n<p class=\"\" data-start=\"961\" data-end=\"1126\"><span class=\"relative -mx-px my-&#091;-0.2rem&#093; rounded px-px py-&#091;0.2rem&#093;\">Dieses Regime bietet insbesondere f\u00fcr kleinere Fondsmanager oder Neueinsteiger im Fondsmanagement eine attraktive M\u00f6glichkeit, mit geringeren Kosten und geringerer regulatorischer Belastung t\u00e4tig zu werden.<\/span> <span class=\"relative -mx-px my-&#091;-0.2rem&#093; rounded px-px py-&#091;0.2rem&#093;\">Es erm\u00f6glicht die Verwaltung von AIFs, die in Zypern, der EU oder in Drittl\u00e4ndern ans\u00e4ssig sind.<\/span><\/p>\n<div class=\"min-h-8 text-message relative flex w-full flex-col items-end gap-2 whitespace-normal break-words text-start &#091;.text-message+&amp;&#093;:mt-5\" dir=\"auto\" data-message-author-role=\"assistant\" data-message-id=\"8c92402d-97a5-4ed2-9f8b-c7e815bb14bf\" data-message-model-slug=\"gpt-4o-mini\">\n<div class=\"flex w-full flex-col gap-1 empty:hidden first:pt-&#091;3px&#093;\">\n<div class=\"markdown prose w-full break-words dark:prose-invert dark\">\n<p>&nbsp;<\/p>\n<\/div>\n<\/div>\n<\/div>\n<\/div>\n<\/div>\n<\/div>\n<\/div>\n<\/div>\n<\/article>\n<p>\n<\/div><div class=\"bt_bb_separator bt_bb_border_style_none bt_bb_bottom_spacing_40\" data-bt-override-class=\"null\"><\/div><\/div><\/div><\/div><\/div><\/div><\/div><!-- cell_inner --><\/div><!-- cell --><\/div><!-- port --><\/section><\/p>\n","protected":false},"excerpt":{"rendered":"","protected":false},"author":4,"featured_media":0,"parent":0,"menu_order":0,"comment_status":"closed","ping_status":"closed","template":"","meta":{"footnotes":""},"class_list":["post-120037","page","type-page","status-publish","hentry"],"yoast_head":"<!-- This site is optimized with the Yoast SEO plugin v24.5 - https:\/\/yoast.com\/wordpress\/plugins\/seo\/ -->\n<title>Mini Alternative Investment Fund Manager (Mini-AIFM) - lplawyersfirm.com<\/title>\n<meta name=\"robots\" content=\"index, follow, max-snippet:-1, max-image-preview:large, max-video-preview:-1\" \/>\n<link rel=\"canonical\" href=\"https:\/\/lplawyersfirm.com\/de\/mini-alternative-investment-fund-manager-mini-aifm\/\" \/>\n<meta property=\"og:locale\" content=\"de_DE\" \/>\n<meta property=\"og:type\" content=\"article\" \/>\n<meta property=\"og:title\" content=\"Mini Alternative Investment Fund Manager (Mini-AIFM) - lplawyersfirm.com\" \/>\n<meta property=\"og:url\" content=\"https:\/\/lplawyersfirm.com\/de\/mini-alternative-investment-fund-manager-mini-aifm\/\" \/>\n<meta property=\"og:site_name\" content=\"lplawyersfirm.com\" \/>\n<meta property=\"article:publisher\" content=\"https:\/\/www.facebook.com\/lplawyersfirm\" \/>\n<meta property=\"article:modified_time\" content=\"2025-04-12T12:21:47+00:00\" \/>\n<meta name=\"twitter:card\" content=\"summary_large_image\" \/>\n<meta name=\"twitter:label1\" content=\"Gesch\u00e4tzte Lesezeit\" \/>\n\t<meta name=\"twitter:data1\" content=\"2\u00a0Minuten\" \/>\n<script type=\"application\/ld+json\" class=\"yoast-schema-graph\">{\"@context\":\"https:\/\/schema.org\",\"@graph\":[{\"@type\":\"WebPage\",\"@id\":\"https:\/\/lplawyersfirm.com\/de\/mini-alternative-investment-fund-manager-mini-aifm\/\",\"url\":\"https:\/\/lplawyersfirm.com\/de\/mini-alternative-investment-fund-manager-mini-aifm\/\",\"name\":\"Mini Alternative Investment Fund Manager (Mini-AIFM) - lplawyersfirm.com\",\"isPartOf\":{\"@id\":\"https:\/\/lplawyersfirm.com\/de\/#website\"},\"datePublished\":\"2025-03-30T13:18:45+00:00\",\"dateModified\":\"2025-04-12T12:21:47+00:00\",\"breadcrumb\":{\"@id\":\"https:\/\/lplawyersfirm.com\/de\/mini-alternative-investment-fund-manager-mini-aifm\/#breadcrumb\"},\"inLanguage\":\"de\",\"potentialAction\":[{\"@type\":\"ReadAction\",\"target\":[\"https:\/\/lplawyersfirm.com\/de\/mini-alternative-investment-fund-manager-mini-aifm\/\"]}]},{\"@type\":\"BreadcrumbList\",\"@id\":\"https:\/\/lplawyersfirm.com\/de\/mini-alternative-investment-fund-manager-mini-aifm\/#breadcrumb\",\"itemListElement\":[{\"@type\":\"ListItem\",\"position\":1,\"name\":\"Home\",\"item\":\"https:\/\/lplawyersfirm.com\/de\/\"},{\"@type\":\"ListItem\",\"position\":2,\"name\":\"Mini Alternative Investment Fund Manager (Mini-AIFM)\"}]},{\"@type\":\"WebSite\",\"@id\":\"https:\/\/lplawyersfirm.com\/de\/#website\",\"url\":\"https:\/\/lplawyersfirm.com\/de\/\",\"name\":\"https:\/\/www.lplawyersfirm.com\",\"description\":\"Papasavvas &amp; Liskavidou LLC - Expert Commercial Law Fir\",\"publisher\":{\"@id\":\"https:\/\/lplawyersfirm.com\/de\/#organization\"},\"potentialAction\":[{\"@type\":\"SearchAction\",\"target\":{\"@type\":\"EntryPoint\",\"urlTemplate\":\"https:\/\/lplawyersfirm.com\/de\/?s={search_term_string}\"},\"query-input\":{\"@type\":\"PropertyValueSpecification\",\"valueRequired\":true,\"valueName\":\"search_term_string\"}}],\"inLanguage\":\"de\"},{\"@type\":\"Organization\",\"@id\":\"https:\/\/lplawyersfirm.com\/de\/#organization\",\"name\":\"Papasavvas and Liskavidou\u00a0LLC\",\"url\":\"https:\/\/lplawyersfirm.com\/de\/\",\"logo\":{\"@type\":\"ImageObject\",\"inLanguage\":\"de\",\"@id\":\"https:\/\/lplawyersfirm.com\/de\/#\/schema\/logo\/image\/\",\"url\":\"https:\/\/lplawyersfirm.com\/wp-content\/uploads\/2021\/04\/logo-lpllc-white-270.png\",\"contentUrl\":\"https:\/\/lplawyersfirm.com\/wp-content\/uploads\/2021\/04\/logo-lpllc-white-270.png\",\"width\":270,\"height\":43,\"caption\":\"Papasavvas and Liskavidou\u00a0LLC\"},\"image\":{\"@id\":\"https:\/\/lplawyersfirm.com\/de\/#\/schema\/logo\/image\/\"},\"sameAs\":[\"https:\/\/www.facebook.com\/lplawyersfirm\"]}]}<\/script>\n<!-- \/ Yoast SEO plugin. -->","yoast_head_json":{"title":"Mini Alternative Investment Fund Manager (Mini-AIFM) - lplawyersfirm.com","robots":{"index":"index","follow":"follow","max-snippet":"max-snippet:-1","max-image-preview":"max-image-preview:large","max-video-preview":"max-video-preview:-1"},"canonical":"https:\/\/lplawyersfirm.com\/de\/mini-alternative-investment-fund-manager-mini-aifm\/","og_locale":"de_DE","og_type":"article","og_title":"Mini Alternative Investment Fund Manager (Mini-AIFM) - lplawyersfirm.com","og_url":"https:\/\/lplawyersfirm.com\/de\/mini-alternative-investment-fund-manager-mini-aifm\/","og_site_name":"lplawyersfirm.com","article_publisher":"https:\/\/www.facebook.com\/lplawyersfirm","article_modified_time":"2025-04-12T12:21:47+00:00","twitter_card":"summary_large_image","twitter_misc":{"Gesch\u00e4tzte Lesezeit":"2\u00a0Minuten"},"schema":{"@context":"https:\/\/schema.org","@graph":[{"@type":"WebPage","@id":"https:\/\/lplawyersfirm.com\/de\/mini-alternative-investment-fund-manager-mini-aifm\/","url":"https:\/\/lplawyersfirm.com\/de\/mini-alternative-investment-fund-manager-mini-aifm\/","name":"Mini Alternative Investment Fund Manager (Mini-AIFM) - lplawyersfirm.com","isPartOf":{"@id":"https:\/\/lplawyersfirm.com\/de\/#website"},"datePublished":"2025-03-30T13:18:45+00:00","dateModified":"2025-04-12T12:21:47+00:00","breadcrumb":{"@id":"https:\/\/lplawyersfirm.com\/de\/mini-alternative-investment-fund-manager-mini-aifm\/#breadcrumb"},"inLanguage":"de","potentialAction":[{"@type":"ReadAction","target":["https:\/\/lplawyersfirm.com\/de\/mini-alternative-investment-fund-manager-mini-aifm\/"]}]},{"@type":"BreadcrumbList","@id":"https:\/\/lplawyersfirm.com\/de\/mini-alternative-investment-fund-manager-mini-aifm\/#breadcrumb","itemListElement":[{"@type":"ListItem","position":1,"name":"Home","item":"https:\/\/lplawyersfirm.com\/de\/"},{"@type":"ListItem","position":2,"name":"Mini Alternative Investment Fund Manager (Mini-AIFM)"}]},{"@type":"WebSite","@id":"https:\/\/lplawyersfirm.com\/de\/#website","url":"https:\/\/lplawyersfirm.com\/de\/","name":"https:\/\/www.lplawyersfirm.com","description":"Papasavvas &amp; Liskavidou LLC - Expert Commercial Law Fir","publisher":{"@id":"https:\/\/lplawyersfirm.com\/de\/#organization"},"potentialAction":[{"@type":"SearchAction","target":{"@type":"EntryPoint","urlTemplate":"https:\/\/lplawyersfirm.com\/de\/?s={search_term_string}"},"query-input":{"@type":"PropertyValueSpecification","valueRequired":true,"valueName":"search_term_string"}}],"inLanguage":"de"},{"@type":"Organization","@id":"https:\/\/lplawyersfirm.com\/de\/#organization","name":"Papasavvas and Liskavidou\u00a0LLC","url":"https:\/\/lplawyersfirm.com\/de\/","logo":{"@type":"ImageObject","inLanguage":"de","@id":"https:\/\/lplawyersfirm.com\/de\/#\/schema\/logo\/image\/","url":"https:\/\/lplawyersfirm.com\/wp-content\/uploads\/2021\/04\/logo-lpllc-white-270.png","contentUrl":"https:\/\/lplawyersfirm.com\/wp-content\/uploads\/2021\/04\/logo-lpllc-white-270.png","width":270,"height":43,"caption":"Papasavvas and Liskavidou\u00a0LLC"},"image":{"@id":"https:\/\/lplawyersfirm.com\/de\/#\/schema\/logo\/image\/"},"sameAs":["https:\/\/www.facebook.com\/lplawyersfirm"]}]}},"_links":{"self":[{"href":"https:\/\/lplawyersfirm.com\/de\/wp-json\/wp\/v2\/pages\/120037"}],"collection":[{"href":"https:\/\/lplawyersfirm.com\/de\/wp-json\/wp\/v2\/pages"}],"about":[{"href":"https:\/\/lplawyersfirm.com\/de\/wp-json\/wp\/v2\/types\/page"}],"author":[{"embeddable":true,"href":"https:\/\/lplawyersfirm.com\/de\/wp-json\/wp\/v2\/users\/4"}],"replies":[{"embeddable":true,"href":"https:\/\/lplawyersfirm.com\/de\/wp-json\/wp\/v2\/comments?post=120037"}],"version-history":[{"count":2,"href":"https:\/\/lplawyersfirm.com\/de\/wp-json\/wp\/v2\/pages\/120037\/revisions"}],"predecessor-version":[{"id":120087,"href":"https:\/\/lplawyersfirm.com\/de\/wp-json\/wp\/v2\/pages\/120037\/revisions\/120087"}],"wp:attachment":[{"href":"https:\/\/lplawyersfirm.com\/de\/wp-json\/wp\/v2\/media?parent=120037"}],"curies":[{"name":"wp","href":"https:\/\/api.w.org\/{rel}","templated":true}]}}