{"id":120034,"date":"2025-03-30T10:40:23","date_gmt":"2025-03-30T10:40:23","guid":{"rendered":"https:\/\/lplawyersfirm.com\/?page_id=120034"},"modified":"2025-04-12T12:20:50","modified_gmt":"2025-04-12T12:20:50","slug":"alternative-investment-fund-manager-aifm","status":"publish","type":"page","link":"https:\/\/lplawyersfirm.com\/de\/alternative-investment-fund-manager-aifm\/","title":{"rendered":"Alternative Investment Fund Manager (AIFM)"},"content":{"rendered":"<p><section data-bb-version=\"5.2.6\" id=\"bt_bb_section69def0b38717e\" class=\"bt_bb_section bt_bb_color_scheme_1 bt_bb_layout_boxed_1200 bt_bb_vertical_align_top bt_bb_top_spacing_extra_large bt_bb_bottom_spacing_extra_large\" style=\"; --section-primary-color:#ffffff; --section-secondary-color:#191919;\" data-bt-override-class=\"{&quot;bt_bb_top_spacing_&quot;:{&quot;current_class&quot;:&quot;bt_bb_top_spacing_extra_large&quot;,&quot;def&quot;:&quot;extra_large&quot;},&quot;bt_bb_bottom_spacing_&quot;:{&quot;current_class&quot;:&quot;bt_bb_bottom_spacing_extra_large&quot;,&quot;def&quot;:&quot;extra_large&quot;},&quot;bt_bb_animation_&quot;:{&quot;current_class&quot;:&quot;bt_bb_animation_no_animation&quot;,&quot;def&quot;:&quot;no_animation&quot;}}\"><div class=\"bt_bb_background_image_holder_wrapper\"><div class=\"bt_bb_background_image_holder bt_bb_parallax\"  data-parallax=\"0.7\" data-parallax-offset=\"0\" data-parallax-zoom-start=\"1\" data-parallax-zoom-end=\"1\" data-parallax-blur-start=\"0\" data-parallax-blur-end=\"0\" data-parallax-opacity-start=\"1\" data-parallax-opacity-end=\"1\" style=\" background-image:url(&#039;https:\/\/lplawyersfirm.com\/wp-content\/uploads\/2025\/04\/Services-08-AIF-RAIF.jpg&#039;);\"><\/div><\/div><div class=\"bt_bb_port\"><div class=\"bt_bb_cell\"><div class=\"bt_bb_cell_inner\"><div class=\"bt_bb_row \"  data-bt-override-class=\"{}\"><div class=\"bt_bb_row_holder\" ><div  class=\"bt_bb_column col-xl-2 bt_bb_align_left bt_bb_padding_normal\"  data-width=\"2\" data-bt-override-class=\"{}\"><div class=\"bt_bb_column_content bt_bb_vertical_align_top bt_bb_color_scheme_\"><div class=\"bt_bb_column_content_inner\"><\/div><\/div><\/div><div  class=\"bt_bb_column col-xl-8 bt_bb_align_center bt_bb_padding_normal\"  data-width=\"8\" data-bt-override-class=\"{}\"><div class=\"bt_bb_column_content bt_bb_vertical_align_bottom bt_bb_color_scheme_\"><div class=\"bt_bb_column_content_inner\"><div class=\"bt_bb_separator bt_bb_border_style_none bt_bb_bottom_spacing_medium\" data-bt-override-class=\"null\"><\/div><div class=\"bt_bb_separator bt_bb_border_style_none bt_bb_bottom_spacing_medium\" data-bt-override-class=\"null\"><\/div><div class=\"bt_bb_separator bt_bb_border_style_none bt_bb_bottom_spacing_small\" data-bt-override-class=\"null\"><\/div><\/div><\/div><\/div><div  class=\"bt_bb_column col-xl-2 bt_bb_align_left bt_bb_padding_normal\"  data-width=\"2\" data-bt-override-class=\"{}\"><div class=\"bt_bb_column_content bt_bb_vertical_align_top bt_bb_color_scheme_\"><div class=\"bt_bb_column_content_inner\"><\/div><\/div><\/div><\/div><\/div><\/div><!-- cell_inner --><\/div><!-- cell --><\/div><!-- port --><\/section><section id=\"bt_bb_section69def0b387512\" class=\"bt_bb_section bt_bb_layout_boxed_1200 bt_bb_vertical_align_top bt_bb_top_spacing_medium bt_bb_bottom_spacing_medium\"  data-bt-override-class=\"null\"><div class=\"bt_bb_port\"><div class=\"bt_bb_cell\"><div class=\"bt_bb_cell_inner\"><div class=\"bt_bb_row \"  data-bt-override-class=\"{}\"><div class=\"bt_bb_row_holder\" ><div  class=\"bt_bb_column col-xl-12 bt_bb_align_left bt_bb_padding_normal\"  data-width=\"12\" data-bt-override-class=\"{}\"><div class=\"bt_bb_column_content bt_bb_vertical_align_top bt_bb_color_scheme_\"><div class=\"bt_bb_column_content_inner\"><div class=\"bt_bb_separator bt_bb_border_style_none bt_bb_bottom_spacing_normal\" data-bt-override-class=\"null\"><\/div><div  class=\"bt_bb_text\" ><\/p>\n<h3 data-start=\"61\" data-end=\"122\">\u00dcberblick \u00fcber Alternative Investment Fund Manager (AIFM)<\/h3>\n<h5 data-start=\"124\" data-end=\"159\"><\/h5>\n<h5 data-start=\"124\" data-end=\"159\">Definition und Rolle eines AIFM<\/h5>\n<p class=\"\" data-start=\"161\" data-end=\"693\">Jeder Alternative Investment Fund (AIF) muss \u00fcber einen einzigen AIFM verf\u00fcgen, der daf\u00fcr verantwortlich ist, die Einhaltung des AIFM-Gesetzes sicherzustellen. Der AIFM kann sein: \u25cf Ein externer Manager, eine juristische Person, die vom AIF oder in dessen Auftrag bestellt wird, um ihn zu verwalten (externer AIFM). \u25cf Ein intern verwalteter AIF, bei dem die Rechtsstruktur des AIF eine interne Verwaltung erm\u00f6glicht und dessen leitendes Organ sich entscheidet, keinen externen AIFM zu bestellen, sodass der AIF selbst der AIFM wird.<\/p>\n<h5 data-start=\"695\" data-end=\"724\">Kernfunktionen eines AIFM<\/h5>\n<p class=\"\" data-start=\"726\" data-end=\"890\">Bei der Verwaltung eines AIF muss der AIFM mindestens die folgenden zentralen Investmentmanagementfunktionen durchf\u00fchren:<br \/>\n\u25cf Portfoliomanagement<br \/>\n\u25cf Risikomanagement<\/p>\n<p class=\"\" data-start=\"892\" data-end=\"1889\">Zus\u00e4tzlich kann einem AIFM die Berechtigung erteilt werden, weitere Funktionen im Rahmen der kollektiven Verwaltung eines AIF zu \u00fcbernehmen, darunter:<\/p>\n<p class=\"\" data-start=\"892\" data-end=\"1889\">\u25cf Verwaltung, wie rechtliche und fondsmanagementbezogene Buchhaltungsdienste.<br \/>\n\u25cf Bearbeitung von Kundenanfragen.<br \/>\n\u25cf Bewertung und Preisgestaltung, einschlie\u00dflich der Vorbereitung von Steuererkl\u00e4rungen.<br \/>\n\u25cf \u00dcberwachung der Einhaltung gesetzlicher Vorschriften.<br \/>\n\u25cf F\u00fchren des Einheiten-\/Aktion\u00e4rsregisters.<br \/>\n\u25cf Verwaltung der Einkommensverteilung.<br \/>\n\u25cf Bearbeitung von Einheiten-\/Aktienausgaben und R\u00fccknahmen.<br \/>\n\u25cf Abschluss von Vertr\u00e4gen, einschlie\u00dflich Versand von Zertifikaten.<br \/>\n\u25cf Aufbewahrung von Aufzeichnungen.<br \/>\n\u25cf Marketingdienstleistungen.<br \/>\n\u25cf T\u00e4tigkeiten im Zusammenhang mit den Verm\u00f6genswerten des AIF, wie die Erf\u00fcllung treuh\u00e4nderischer Pflichten, Facility Management, Immobilienverwaltung, Beratung zur Kapitalstruktur, Industrie-Strategie, Fusionen, Akquisitionen und andere mit der Verwaltung und den Investitionen des AIF verbundene Dienstleistungen.<\/p>\n<h5 data-start=\"1891\" data-end=\"1933\">Zus\u00e4tzliche Investmentdienstleistungen<\/h5>\n<p class=\"\" data-start=\"1935\" data-end=\"2550\">Ein externer AIFM kann, ohne eine separate MiFID-Lizenz zu ben\u00f6tigen, jedoch den MiFID-Vorschriften unterliegend, auch folgende Leistungen erbringen:<br \/>\n\u25cf Discretionary Portfolio Management, d. h. Portfolioverwaltung f\u00fcr einzelne Kunden, einschlie\u00dflich Pensionsfonds und berufsst\u00e4ndischen Altersvorsorgeeinrichtungen, basierend auf den Mandaten der Investoren.<br \/>\n\u25cf Neben Portfoliomanagement auch zus\u00e4tzliche Dienstleistungen wie:<br \/>\n\u25cb Anlageberatung.<br \/>\n\u25cb Verwahrung und Verwaltung von Anteilen oder Einheiten in kollektiven Investmentunternehmen.<br \/>\n\u25cb Entgegennahme und \u00dcbermittlung von Auftr\u00e4gen f\u00fcr Finanzinstrumente.<\/p>\n<h5 data-start=\"2552\" data-end=\"2574\">Doppellizenzierung<\/h5>\n<p class=\"\" data-start=\"2576\" data-end=\"2749\">Ein externer AIFM kann auch eine Lizenz erwerben, um als UCITS-Managementgesellschaft zu fungieren, vorbehaltlich der Genehmigung gem\u00e4\u00df der UCITS-IV-Richtlinie (2009\/65\/EG).<\/p>\n<h5 data-start=\"2751\" data-end=\"2776\">AIFM-Gesetz in Zypern<\/h5>\n<p class=\"\" data-start=\"2778\" data-end=\"3651\">Das zypriotische AIFM-Gesetz (Gesetz 56(I)\/2013), das am 5. Juli 2013 in Kraft trat, setzt die AIFM-Richtlinie in die zypriotische Gesetzgebung um. Es entspricht dem AIFM-Rahmenwerk und legt Regeln f\u00fcr die AIFM-Autorisierung, Kapitalanforderungen, Betriebsbedingungen, Governance, Risikomanagement, Delegation, Verg\u00fctung, Berichterstattung, Depotanforderungen und Marketing fest. EU-Verordnungen, wie die delegierte Verordnung der Kommission 231\/2013 (Level 2), die am 22. Juli 2013 in Kraft trat, erg\u00e4nzen die AIFM-Richtlinie mit Details zu Ausnahmen, Betriebsbedingungen, Depotvorschriften, Hebelwirkung, Transparenz und Aufsicht und sind in Zypern direkt anwendbar, ohne dass eine lokale Umsetzung erforderlich ist. Die zypriotische Wertpapier- und B\u00f6rsenaufsichtsbeh\u00f6rde (CySEC) ist die zust\u00e4ndige Beh\u00f6rde f\u00fcr die Regulierung und Aufsicht von AIFMs gem\u00e4\u00df diesem Gesetz.<\/p>\n<h5 data-start=\"3653\" data-end=\"3690\">Geltungsbereich des AIFM-Gesetzes<\/h5>\n<p class=\"\" data-start=\"3692\" data-end=\"4080\">Das AIFM-Gesetz gilt f\u00fcr:<br \/>\n\u25cf Zypriotische AIFMs, die zypriotische AIFs oder AIFs aus anderen Mitgliedstaaten oder Drittl\u00e4ndern verwalten.<br \/>\n\u25cf EU- oder Drittl\u00e4nder-AIFMs, die zypriotische AIFs verwalten.<br \/>\n\u25cf Zypriotische AIFMs, die AIF-Anteile oder -Aktien in anderen Mitgliedstaaten oder Drittl\u00e4ndern vertreiben.<br \/>\n\u25cf EU- oder Drittl\u00e4nder-AIFMs, die AIF-Anteile oder -Aktien in Zypern vertreiben.<\/p>\n<p class=\"\" data-start=\"4082\" data-end=\"4638\">Ein Investmentfondsmanager muss als zypriotischer AIFM autorisiert werden, wenn:<br \/>\n\u25cf Sein Hauptsitz und seine eingetragenen B\u00fcros in Zypern sind.<br \/>\n\u25cf Er eine juristische Person ist, deren Hauptgesch\u00e4ft darin besteht, einen oder mehrere AIFs zu verwalten, unabh\u00e4ngig von deren Rechtsform, Standort (EU oder au\u00dferhalb der EU), Struktur (offen oder geschlossen) oder B\u00f6rsennotierung. \u25cf Das Gesamtverm\u00f6gen der verwalteten AIFs \u00fcbersteigt:<br \/>\n\u25cb 100 Millionen \u20ac (einschlie\u00dflich Hebel), oder<br \/>\n\u25cb 500 Millionen \u20ac (f\u00fcr unleveraged Fonds mit einer 5-Jahres-Sperrfrist).<\/p>\n<p class=\"\" data-start=\"4640\" data-end=\"4840\">Der AIFM kann entweder ein externer Manager oder der AIF selbst sein, wenn seine Rechtsform eine interne Verwaltung erlaubt und sein leitendes Organ entscheidet, keinen externen Manager zu bestellen.<\/p>\n<p data-start=\"2576\" data-end=\"2749\">\n<\/div><div class=\"bt_bb_separator bt_bb_border_style_none bt_bb_bottom_spacing_40\" data-bt-override-class=\"null\"><\/div><\/div><\/div><\/div><\/div><\/div><\/div><!-- cell_inner --><\/div><!-- cell --><\/div><!-- port --><\/section><\/p>\n","protected":false},"excerpt":{"rendered":"","protected":false},"author":4,"featured_media":0,"parent":0,"menu_order":0,"comment_status":"closed","ping_status":"closed","template":"","meta":{"footnotes":""},"class_list":["post-120034","page","type-page","status-publish","hentry"],"yoast_head":"<!-- This site is optimized with the Yoast SEO plugin v24.5 - https:\/\/yoast.com\/wordpress\/plugins\/seo\/ -->\n<title>Alternative Investment Fund Manager (AIFM) - lplawyersfirm.com<\/title>\n<meta name=\"robots\" content=\"index, follow, max-snippet:-1, max-image-preview:large, max-video-preview:-1\" \/>\n<link rel=\"canonical\" href=\"https:\/\/lplawyersfirm.com\/de\/alternative-investment-fund-manager-aifm\/\" \/>\n<meta property=\"og:locale\" content=\"de_DE\" \/>\n<meta property=\"og:type\" content=\"article\" \/>\n<meta property=\"og:title\" content=\"Alternative Investment Fund Manager (AIFM) - lplawyersfirm.com\" \/>\n<meta property=\"og:url\" content=\"https:\/\/lplawyersfirm.com\/de\/alternative-investment-fund-manager-aifm\/\" \/>\n<meta property=\"og:site_name\" content=\"lplawyersfirm.com\" \/>\n<meta property=\"article:publisher\" content=\"https:\/\/www.facebook.com\/lplawyersfirm\" \/>\n<meta property=\"article:modified_time\" content=\"2025-04-12T12:20:50+00:00\" \/>\n<meta name=\"twitter:card\" content=\"summary_large_image\" \/>\n<meta name=\"twitter:label1\" content=\"Gesch\u00e4tzte Lesezeit\" \/>\n\t<meta name=\"twitter:data1\" content=\"6\u00a0Minuten\" \/>\n<script type=\"application\/ld+json\" class=\"yoast-schema-graph\">{\"@context\":\"https:\/\/schema.org\",\"@graph\":[{\"@type\":\"WebPage\",\"@id\":\"https:\/\/lplawyersfirm.com\/de\/alternative-investment-fund-manager-aifm\/\",\"url\":\"https:\/\/lplawyersfirm.com\/de\/alternative-investment-fund-manager-aifm\/\",\"name\":\"Alternative Investment Fund Manager (AIFM) - lplawyersfirm.com\",\"isPartOf\":{\"@id\":\"https:\/\/lplawyersfirm.com\/de\/#website\"},\"datePublished\":\"2025-03-30T10:40:23+00:00\",\"dateModified\":\"2025-04-12T12:20:50+00:00\",\"breadcrumb\":{\"@id\":\"https:\/\/lplawyersfirm.com\/de\/alternative-investment-fund-manager-aifm\/#breadcrumb\"},\"inLanguage\":\"de\",\"potentialAction\":[{\"@type\":\"ReadAction\",\"target\":[\"https:\/\/lplawyersfirm.com\/de\/alternative-investment-fund-manager-aifm\/\"]}]},{\"@type\":\"BreadcrumbList\",\"@id\":\"https:\/\/lplawyersfirm.com\/de\/alternative-investment-fund-manager-aifm\/#breadcrumb\",\"itemListElement\":[{\"@type\":\"ListItem\",\"position\":1,\"name\":\"Home\",\"item\":\"https:\/\/lplawyersfirm.com\/de\/\"},{\"@type\":\"ListItem\",\"position\":2,\"name\":\"Alternative Investment Fund Manager (AIFM)\"}]},{\"@type\":\"WebSite\",\"@id\":\"https:\/\/lplawyersfirm.com\/de\/#website\",\"url\":\"https:\/\/lplawyersfirm.com\/de\/\",\"name\":\"https:\/\/www.lplawyersfirm.com\",\"description\":\"Papasavvas &amp; Liskavidou LLC - Expert Commercial Law Fir\",\"publisher\":{\"@id\":\"https:\/\/lplawyersfirm.com\/de\/#organization\"},\"potentialAction\":[{\"@type\":\"SearchAction\",\"target\":{\"@type\":\"EntryPoint\",\"urlTemplate\":\"https:\/\/lplawyersfirm.com\/de\/?s={search_term_string}\"},\"query-input\":{\"@type\":\"PropertyValueSpecification\",\"valueRequired\":true,\"valueName\":\"search_term_string\"}}],\"inLanguage\":\"de\"},{\"@type\":\"Organization\",\"@id\":\"https:\/\/lplawyersfirm.com\/de\/#organization\",\"name\":\"Papasavvas and Liskavidou\u00a0LLC\",\"url\":\"https:\/\/lplawyersfirm.com\/de\/\",\"logo\":{\"@type\":\"ImageObject\",\"inLanguage\":\"de\",\"@id\":\"https:\/\/lplawyersfirm.com\/de\/#\/schema\/logo\/image\/\",\"url\":\"https:\/\/lplawyersfirm.com\/wp-content\/uploads\/2021\/04\/logo-lpllc-white-270.png\",\"contentUrl\":\"https:\/\/lplawyersfirm.com\/wp-content\/uploads\/2021\/04\/logo-lpllc-white-270.png\",\"width\":270,\"height\":43,\"caption\":\"Papasavvas and Liskavidou\u00a0LLC\"},\"image\":{\"@id\":\"https:\/\/lplawyersfirm.com\/de\/#\/schema\/logo\/image\/\"},\"sameAs\":[\"https:\/\/www.facebook.com\/lplawyersfirm\"]}]}<\/script>\n<!-- \/ Yoast SEO plugin. -->","yoast_head_json":{"title":"Alternative Investment Fund Manager (AIFM) - lplawyersfirm.com","robots":{"index":"index","follow":"follow","max-snippet":"max-snippet:-1","max-image-preview":"max-image-preview:large","max-video-preview":"max-video-preview:-1"},"canonical":"https:\/\/lplawyersfirm.com\/de\/alternative-investment-fund-manager-aifm\/","og_locale":"de_DE","og_type":"article","og_title":"Alternative Investment Fund Manager (AIFM) - lplawyersfirm.com","og_url":"https:\/\/lplawyersfirm.com\/de\/alternative-investment-fund-manager-aifm\/","og_site_name":"lplawyersfirm.com","article_publisher":"https:\/\/www.facebook.com\/lplawyersfirm","article_modified_time":"2025-04-12T12:20:50+00:00","twitter_card":"summary_large_image","twitter_misc":{"Gesch\u00e4tzte Lesezeit":"6\u00a0Minuten"},"schema":{"@context":"https:\/\/schema.org","@graph":[{"@type":"WebPage","@id":"https:\/\/lplawyersfirm.com\/de\/alternative-investment-fund-manager-aifm\/","url":"https:\/\/lplawyersfirm.com\/de\/alternative-investment-fund-manager-aifm\/","name":"Alternative Investment Fund Manager (AIFM) - lplawyersfirm.com","isPartOf":{"@id":"https:\/\/lplawyersfirm.com\/de\/#website"},"datePublished":"2025-03-30T10:40:23+00:00","dateModified":"2025-04-12T12:20:50+00:00","breadcrumb":{"@id":"https:\/\/lplawyersfirm.com\/de\/alternative-investment-fund-manager-aifm\/#breadcrumb"},"inLanguage":"de","potentialAction":[{"@type":"ReadAction","target":["https:\/\/lplawyersfirm.com\/de\/alternative-investment-fund-manager-aifm\/"]}]},{"@type":"BreadcrumbList","@id":"https:\/\/lplawyersfirm.com\/de\/alternative-investment-fund-manager-aifm\/#breadcrumb","itemListElement":[{"@type":"ListItem","position":1,"name":"Home","item":"https:\/\/lplawyersfirm.com\/de\/"},{"@type":"ListItem","position":2,"name":"Alternative Investment Fund Manager (AIFM)"}]},{"@type":"WebSite","@id":"https:\/\/lplawyersfirm.com\/de\/#website","url":"https:\/\/lplawyersfirm.com\/de\/","name":"https:\/\/www.lplawyersfirm.com","description":"Papasavvas &amp; Liskavidou LLC - Expert Commercial Law Fir","publisher":{"@id":"https:\/\/lplawyersfirm.com\/de\/#organization"},"potentialAction":[{"@type":"SearchAction","target":{"@type":"EntryPoint","urlTemplate":"https:\/\/lplawyersfirm.com\/de\/?s={search_term_string}"},"query-input":{"@type":"PropertyValueSpecification","valueRequired":true,"valueName":"search_term_string"}}],"inLanguage":"de"},{"@type":"Organization","@id":"https:\/\/lplawyersfirm.com\/de\/#organization","name":"Papasavvas and Liskavidou\u00a0LLC","url":"https:\/\/lplawyersfirm.com\/de\/","logo":{"@type":"ImageObject","inLanguage":"de","@id":"https:\/\/lplawyersfirm.com\/de\/#\/schema\/logo\/image\/","url":"https:\/\/lplawyersfirm.com\/wp-content\/uploads\/2021\/04\/logo-lpllc-white-270.png","contentUrl":"https:\/\/lplawyersfirm.com\/wp-content\/uploads\/2021\/04\/logo-lpllc-white-270.png","width":270,"height":43,"caption":"Papasavvas and Liskavidou\u00a0LLC"},"image":{"@id":"https:\/\/lplawyersfirm.com\/de\/#\/schema\/logo\/image\/"},"sameAs":["https:\/\/www.facebook.com\/lplawyersfirm"]}]}},"_links":{"self":[{"href":"https:\/\/lplawyersfirm.com\/de\/wp-json\/wp\/v2\/pages\/120034"}],"collection":[{"href":"https:\/\/lplawyersfirm.com\/de\/wp-json\/wp\/v2\/pages"}],"about":[{"href":"https:\/\/lplawyersfirm.com\/de\/wp-json\/wp\/v2\/types\/page"}],"author":[{"embeddable":true,"href":"https:\/\/lplawyersfirm.com\/de\/wp-json\/wp\/v2\/users\/4"}],"replies":[{"embeddable":true,"href":"https:\/\/lplawyersfirm.com\/de\/wp-json\/wp\/v2\/comments?post=120034"}],"version-history":[{"count":2,"href":"https:\/\/lplawyersfirm.com\/de\/wp-json\/wp\/v2\/pages\/120034\/revisions"}],"predecessor-version":[{"id":120086,"href":"https:\/\/lplawyersfirm.com\/de\/wp-json\/wp\/v2\/pages\/120034\/revisions\/120086"}],"wp:attachment":[{"href":"https:\/\/lplawyersfirm.com\/de\/wp-json\/wp\/v2\/media?parent=120034"}],"curies":[{"name":"wp","href":"https:\/\/api.w.org\/{rel}","templated":true}]}}