{"id":120032,"date":"2025-03-30T13:03:31","date_gmt":"2025-03-30T13:03:31","guid":{"rendered":"https:\/\/lplawyersfirm.com\/?page_id=120032"},"modified":"2025-04-12T12:19:09","modified_gmt":"2025-04-12T12:19:09","slug":"registrierte-alternative-investmentfonds","status":"publish","type":"page","link":"https:\/\/lplawyersfirm.com\/de\/registrierte-alternative-investmentfonds\/","title":{"rendered":"Registrierte Alternative Investmentfonds"},"content":{"rendered":"<p><section data-bb-version=\"5.2.6\" id=\"bt_bb_section69d4fce05d5b6\" class=\"bt_bb_section bt_bb_color_scheme_1 bt_bb_layout_boxed_1200 bt_bb_vertical_align_top bt_bb_top_spacing_extra_large bt_bb_bottom_spacing_extra_large\" style=\"; --section-primary-color:#ffffff; --section-secondary-color:#191919;\" data-bt-override-class=\"{&quot;bt_bb_top_spacing_&quot;:{&quot;current_class&quot;:&quot;bt_bb_top_spacing_extra_large&quot;,&quot;def&quot;:&quot;extra_large&quot;},&quot;bt_bb_bottom_spacing_&quot;:{&quot;current_class&quot;:&quot;bt_bb_bottom_spacing_extra_large&quot;,&quot;def&quot;:&quot;extra_large&quot;},&quot;bt_bb_animation_&quot;:{&quot;current_class&quot;:&quot;bt_bb_animation_no_animation&quot;,&quot;def&quot;:&quot;no_animation&quot;}}\"><div class=\"bt_bb_background_image_holder_wrapper\"><div class=\"bt_bb_background_image_holder bt_bb_parallax\"  data-parallax=\"0.7\" data-parallax-offset=\"0\" data-parallax-zoom-start=\"1\" data-parallax-zoom-end=\"1\" data-parallax-blur-start=\"0\" data-parallax-blur-end=\"0\" data-parallax-opacity-start=\"1\" data-parallax-opacity-end=\"1\" style=\" background-image:url(&#039;https:\/\/lplawyersfirm.com\/wp-content\/uploads\/2025\/04\/Services-08-AIF-RAIF.jpg&#039;);\"><\/div><\/div><div class=\"bt_bb_port\"><div class=\"bt_bb_cell\"><div class=\"bt_bb_cell_inner\"><div class=\"bt_bb_row \"  data-bt-override-class=\"{}\"><div class=\"bt_bb_row_holder\" ><div  class=\"bt_bb_column col-xl-2 bt_bb_align_left bt_bb_padding_normal\"  data-width=\"2\" data-bt-override-class=\"{}\"><div class=\"bt_bb_column_content bt_bb_vertical_align_top bt_bb_color_scheme_\"><div class=\"bt_bb_column_content_inner\"><\/div><\/div><\/div><div  class=\"bt_bb_column col-xl-8 bt_bb_align_center bt_bb_padding_normal\"  data-width=\"8\" data-bt-override-class=\"{}\"><div class=\"bt_bb_column_content bt_bb_vertical_align_bottom bt_bb_color_scheme_\"><div class=\"bt_bb_column_content_inner\"><div class=\"bt_bb_separator bt_bb_border_style_none bt_bb_bottom_spacing_medium\" data-bt-override-class=\"null\"><\/div><div class=\"bt_bb_separator bt_bb_border_style_none bt_bb_bottom_spacing_small\" data-bt-override-class=\"null\"><\/div><div class=\"bt_bb_separator bt_bb_border_style_none bt_bb_bottom_spacing_small\" data-bt-override-class=\"null\"><\/div><\/div><\/div><\/div><div  class=\"bt_bb_column col-xl-2 bt_bb_align_left bt_bb_padding_normal\"  data-width=\"2\" data-bt-override-class=\"{}\"><div class=\"bt_bb_column_content bt_bb_vertical_align_top bt_bb_color_scheme_\"><div class=\"bt_bb_column_content_inner\"><\/div><\/div><\/div><\/div><\/div><\/div><!-- cell_inner --><\/div><!-- cell --><\/div><!-- port --><\/section><section id=\"bt_bb_section69d4fce05d97d\" class=\"bt_bb_section bt_bb_layout_boxed_1200 bt_bb_vertical_align_top bt_bb_top_spacing_medium bt_bb_bottom_spacing_medium\"  data-bt-override-class=\"null\"><div class=\"bt_bb_port\"><div class=\"bt_bb_cell\"><div class=\"bt_bb_cell_inner\"><div class=\"bt_bb_row \"  data-bt-override-class=\"{}\"><div class=\"bt_bb_row_holder\" ><div  class=\"bt_bb_column col-xl-12 bt_bb_align_left bt_bb_padding_normal\"  data-width=\"12\" data-bt-override-class=\"{}\"><div class=\"bt_bb_column_content bt_bb_vertical_align_top bt_bb_color_scheme_\"><div class=\"bt_bb_column_content_inner\"><div class=\"bt_bb_separator bt_bb_border_style_none bt_bb_bottom_spacing_normal\" data-bt-override-class=\"null\"><\/div><div  class=\"bt_bb_text\" ><\/p>\n<div class=\"flex flex-1 grow basis-auto flex-col overflow-hidden\">\n<div class=\"relative h-full\">\n<div class=\"flex h-full flex-col overflow-y-auto &#091;scrollbar-gutter:stable&#093;\">\n<div class=\"mt-1.5 flex flex-col text-sm @thread-xl\/thread:pt-header-height md:pb-9\">\n<article class=\"w-full text-token-text-primary\" dir=\"auto\" data-testid=\"conversation-turn-24\" data-scroll-anchor=\"true\">\n<div class=\"text-base my-auto mx-auto py-5 px-6\">\n<div class=\"mx-auto flex flex-1 text-base gap-4 md:gap-5 lg:gap-6 md:max-w-3xl group\/turn-messages focus-visible:outline-none\" tabindex=\"-1\">\n<div class=\"group\/conversation-turn relative flex w-full min-w-0 flex-col agent-turn @xs\/thread:px-0 @sm\/thread:px-1.5 @md\/thread:px-4\">\n<div class=\"relative flex-col gap-1 md:gap-3\">\n<div class=\"flex max-w-full flex-col flex-grow\">\n<div class=\"min-h-8 text-message relative flex w-full flex-col items-end gap-2 whitespace-normal break-words text-start &#091;.text-message+&amp;&#093;:mt-5\" dir=\"auto\" data-message-author-role=\"assistant\" data-message-id=\"a9b8b563-0f4c-4685-864a-edb51f1f9dff\" data-message-model-slug=\"gpt-4o-mini\">\n<div class=\"flex w-full flex-col gap-1 empty:hidden first:pt-&#091;3px&#093;\">\n<div class=\"markdown prose w-full break-words dark:prose-invert dark\">\n<h3 data-start=\"63\" data-end=\"125\">Registrierte Alternative Investmentfonds<\/h3>\n<h5 data-start=\"63\" data-end=\"125\"><\/h5>\n<h5 data-start=\"63\" data-end=\"125\">Das neue Gesetz zu Alternativen Investmentfonds (AIF) 2018<\/h5>\n<p class=\"\" data-start=\"127\" data-end=\"536\">Am 31. Juli 2018 ver\u00f6ffentlichte die Cyprus Securities and Exchange Commission (CySEC) das Gesetz zu Alternativen Investmentfonds (AIF) 2018, das das vorherige Gesetz 131(I)\/2014 ersetzt. Diese neue Gesetzgebung, die die Alternativen Investmentfonds (AIF) in Zypern regelt, ist derzeit nur auf Griechisch verf\u00fcgbar. Bestimmungen f\u00fcr regulierte Alternative Investmentfonds (RAIF) sind in Teil VIII detailliert.<\/p>\n<h5 data-start=\"538\" data-end=\"671\">Zypriotische Gesetzgebung sieht unregulierte Fonds vor, die als registrierte Alternative Investmentfonds (RAIF) bezeichnet werden<\/h5>\n<p class=\"\" data-start=\"673\" data-end=\"837\">Das aktualisierte zypriotische AIF-Gesetz f\u00fchrt die \u201eRegistrierten Alternativen Investmentfonds\u201c (RAIF) ein, die die Notwendigkeit einer CySEC-Lizenzierung umgehen.<\/p>\n<p class=\"\" data-start=\"839\" data-end=\"1087\">RAIFs werden von einem obligatorisch lizenzierten Alternative Investment Fund Manager (AIFM) \u00fcberwacht, der f\u00fcr die Aufsicht und die Erbringung wesentlicher Dienstleistungen wie Risikomanagement, Compliance und interne Pr\u00fcfungen verantwortlich ist.<\/p>\n<p class=\"\" data-start=\"1089\" data-end=\"1231\">Dieses Gesetz soll eine kosteng\u00fcnstige Fondsoption bieten und den Zeitrahmen f\u00fcr die Einf\u00fchrung von Investitionsangeboten erheblich verk\u00fcrzen.<\/p>\n<p class=\"\" data-start=\"1233\" data-end=\"1353\">Die steigende Nachfrage nach unregulierten Fonds in Zypern kommt aus Regionen wie China, dem Nahen Osten und EU-Staaten.<\/p>\n<p class=\"\" data-start=\"1355\" data-end=\"2076\">Ein zypriotischer RAIF bietet folgende Vorteile:<br \/>\n\u25cf Keine CySEC-Lizenz erforderlich.<br \/>\n\u25cf Reguliert von CySEC und den anwendbaren Gesetzen trotz fehlender Lizenz.<br \/>\n\u25cf Wird von einem externen AIFM verwaltet, der in jedem EU-Land ans\u00e4ssig sein kann.<br \/>\n\u25cf Kein Mindestkapital erforderlich, obwohl eine Mindestinvestition gilt (siehe unten).<br \/>\n\u25cf Kann als gemeinsamer Fonds, variable\/feste Kapitalanlagegesellschaft oder Kommanditgesellschaft strukturiert werden.<br \/>\n\u25cf Kann als Umbrella-Fonds mit mehreren Teilfonds operieren.<br \/>\n\u25cf Keine Investitionsbeschr\u00e4nkungen, au\u00dfer dass RAIFs keine Fonds von Fonds, Geldmarktfonds oder Darlehensvergabefonds sein k\u00f6nnen.<br \/>\n\u25cf Unbegrenzte Anzahl von Investoren zul\u00e4ssig.<br \/>\n\u25cf Kein Cap f\u00fcr verwaltetes Verm\u00f6gen.<\/p>\n<p class=\"\" data-start=\"2078\" data-end=\"2225\">Das RAIF-Modell vereinfacht die Fondsgr\u00fcndung, indem es langwierige CySEC-Zulassungsverfahren entfernt und die Lizenzierungskosten erheblich senkt.<\/p>\n<p class=\"\" data-start=\"2227\" data-end=\"3422\">Bedingungen f\u00fcr die Gr\u00fcndung eines unregulierten RAIF in Zypern umfassen:<br \/>\n\u25cf Verwaltung durch einen in Zypern oder einem anderen EU-Staat lizenzierten AIFM, der die Aufsicht und Berichterstattung \u00fcbernimmt.<br \/>\n\u25cf Der AIFM erbringt obligatorische Dienstleistungen wie Compliance, Risikomanagement und Pr\u00fcfungen, wie sie f\u00fcr standardm\u00e4\u00dfige AIFs erforderlich sind.<br \/>\n\u25cf Alternativ kann ein UCITS-Manager oder eine zypriotische Investmentgesellschaft (CIF) eine RAIF-Partnerschaft verwalten, die mindestens 70% in illiquide Verm\u00f6genswerte (z. B. Immobilien, Schiffe) investiert, wenn sie geschlossen ist.<br \/>\n\u25cf Bald k\u00f6nnte eine Option f\u00fcr einen \u201eMini Fund Manager\u201c eingef\u00fchrt werden, mit ausstehender Gesetzgebung.<br \/>\n\u25cf Es muss ein lokaler Verwahrer (z. B. eine zypriotische Finanzinstitution oder CIF) ernannt werden.<br \/>\n\u25cf Bankkonten k\u00f6nnen weltweit mit der Genehmigung des Verwahrers gef\u00fchrt werden.<br \/>\n\u25cf CySEC erfordert die Mitteilung von RAIF-Gr\u00fcndungsdetails und Updates und f\u00fchrt ein besonderes Register; die Betriebserlaubnis beginnt mit der Aufnahme in das Register.<br \/>\n\u25cf Zielt nur auf gut informierte oder professionelle Investoren ab.<br \/>\n\u25cf Erfordert eine Mindestinvestition von 500.000 \u20ac innerhalb des ersten Jahres.<\/p>\n<p class=\"\" data-start=\"3424\" data-end=\"3612\">F\u00fcr weitere Details oder Unterst\u00fctzung bei der Einrichtung eines zypriotischen RAIFs kontaktieren Sie uns unter <a class=\"cursor-pointer\" rel=\"noopener\" data-start=\"3536\" data-end=\"3558\">info@lplawyersfirm.com<\/a>. Wir sind bereit, Sie zu beraten und zu unterst\u00fctzen.<\/p>\n<\/div>\n<p data-start=\"3424\" data-end=\"3612\">Sehen Sie sich <a href=\"https:\/\/heyzine.com\/flip-book\/474fa6000f.html\">unser Heft an.<\/a><\/p>\n<\/div>\n<\/div>\n<\/div>\n<\/div>\n<\/div>\n<\/div>\n<\/div>\n<\/article>\n<\/div>\n<\/div>\n<\/div>\n<\/div>\n<p>\n<\/div><div class=\"bt_bb_separator bt_bb_border_style_none bt_bb_bottom_spacing_40\" data-bt-override-class=\"null\"><\/div><\/div><\/div><\/div><\/div><\/div><\/div><!-- cell_inner --><\/div><!-- cell --><\/div><!-- port --><\/section><\/p>\n","protected":false},"excerpt":{"rendered":"","protected":false},"author":4,"featured_media":0,"parent":0,"menu_order":0,"comment_status":"closed","ping_status":"closed","template":"","meta":{"footnotes":""},"class_list":["post-120032","page","type-page","status-publish","hentry"],"yoast_head":"<!-- This site is optimized with the Yoast SEO plugin v24.5 - https:\/\/yoast.com\/wordpress\/plugins\/seo\/ -->\n<title>Registrierte Alternative Investmentfonds - lplawyersfirm.com<\/title>\n<meta name=\"robots\" content=\"index, follow, max-snippet:-1, max-image-preview:large, max-video-preview:-1\" \/>\n<link rel=\"canonical\" href=\"https:\/\/lplawyersfirm.com\/de\/registrierte-alternative-investmentfonds\/\" \/>\n<meta property=\"og:locale\" content=\"de_DE\" \/>\n<meta property=\"og:type\" content=\"article\" \/>\n<meta property=\"og:title\" content=\"Registrierte Alternative Investmentfonds - lplawyersfirm.com\" \/>\n<meta property=\"og:url\" content=\"https:\/\/lplawyersfirm.com\/de\/registrierte-alternative-investmentfonds\/\" \/>\n<meta property=\"og:site_name\" content=\"lplawyersfirm.com\" \/>\n<meta property=\"article:publisher\" content=\"https:\/\/www.facebook.com\/lplawyersfirm\" \/>\n<meta property=\"article:modified_time\" content=\"2025-04-12T12:19:09+00:00\" \/>\n<meta name=\"twitter:card\" content=\"summary_large_image\" \/>\n<meta name=\"twitter:label1\" content=\"Gesch\u00e4tzte Lesezeit\" \/>\n\t<meta name=\"twitter:data1\" content=\"4\u00a0Minuten\" \/>\n<script type=\"application\/ld+json\" class=\"yoast-schema-graph\">{\"@context\":\"https:\/\/schema.org\",\"@graph\":[{\"@type\":\"WebPage\",\"@id\":\"https:\/\/lplawyersfirm.com\/de\/registrierte-alternative-investmentfonds\/\",\"url\":\"https:\/\/lplawyersfirm.com\/de\/registrierte-alternative-investmentfonds\/\",\"name\":\"Registrierte Alternative Investmentfonds - lplawyersfirm.com\",\"isPartOf\":{\"@id\":\"https:\/\/lplawyersfirm.com\/de\/#website\"},\"datePublished\":\"2025-03-30T13:03:31+00:00\",\"dateModified\":\"2025-04-12T12:19:09+00:00\",\"breadcrumb\":{\"@id\":\"https:\/\/lplawyersfirm.com\/de\/registrierte-alternative-investmentfonds\/#breadcrumb\"},\"inLanguage\":\"de\",\"potentialAction\":[{\"@type\":\"ReadAction\",\"target\":[\"https:\/\/lplawyersfirm.com\/de\/registrierte-alternative-investmentfonds\/\"]}]},{\"@type\":\"BreadcrumbList\",\"@id\":\"https:\/\/lplawyersfirm.com\/de\/registrierte-alternative-investmentfonds\/#breadcrumb\",\"itemListElement\":[{\"@type\":\"ListItem\",\"position\":1,\"name\":\"Home\",\"item\":\"https:\/\/lplawyersfirm.com\/de\/\"},{\"@type\":\"ListItem\",\"position\":2,\"name\":\"Registrierte Alternative Investmentfonds\"}]},{\"@type\":\"WebSite\",\"@id\":\"https:\/\/lplawyersfirm.com\/de\/#website\",\"url\":\"https:\/\/lplawyersfirm.com\/de\/\",\"name\":\"https:\/\/www.lplawyersfirm.com\",\"description\":\"Papasavvas &amp; Liskavidou LLC - Expert Commercial Law Fir\",\"publisher\":{\"@id\":\"https:\/\/lplawyersfirm.com\/de\/#organization\"},\"potentialAction\":[{\"@type\":\"SearchAction\",\"target\":{\"@type\":\"EntryPoint\",\"urlTemplate\":\"https:\/\/lplawyersfirm.com\/de\/?s={search_term_string}\"},\"query-input\":{\"@type\":\"PropertyValueSpecification\",\"valueRequired\":true,\"valueName\":\"search_term_string\"}}],\"inLanguage\":\"de\"},{\"@type\":\"Organization\",\"@id\":\"https:\/\/lplawyersfirm.com\/de\/#organization\",\"name\":\"Papasavvas and Liskavidou\u00a0LLC\",\"url\":\"https:\/\/lplawyersfirm.com\/de\/\",\"logo\":{\"@type\":\"ImageObject\",\"inLanguage\":\"de\",\"@id\":\"https:\/\/lplawyersfirm.com\/de\/#\/schema\/logo\/image\/\",\"url\":\"https:\/\/lplawyersfirm.com\/wp-content\/uploads\/2021\/04\/logo-lpllc-white-270.png\",\"contentUrl\":\"https:\/\/lplawyersfirm.com\/wp-content\/uploads\/2021\/04\/logo-lpllc-white-270.png\",\"width\":270,\"height\":43,\"caption\":\"Papasavvas and Liskavidou\u00a0LLC\"},\"image\":{\"@id\":\"https:\/\/lplawyersfirm.com\/de\/#\/schema\/logo\/image\/\"},\"sameAs\":[\"https:\/\/www.facebook.com\/lplawyersfirm\"]}]}<\/script>\n<!-- \/ Yoast SEO plugin. -->","yoast_head_json":{"title":"Registrierte Alternative Investmentfonds - lplawyersfirm.com","robots":{"index":"index","follow":"follow","max-snippet":"max-snippet:-1","max-image-preview":"max-image-preview:large","max-video-preview":"max-video-preview:-1"},"canonical":"https:\/\/lplawyersfirm.com\/de\/registrierte-alternative-investmentfonds\/","og_locale":"de_DE","og_type":"article","og_title":"Registrierte Alternative Investmentfonds - lplawyersfirm.com","og_url":"https:\/\/lplawyersfirm.com\/de\/registrierte-alternative-investmentfonds\/","og_site_name":"lplawyersfirm.com","article_publisher":"https:\/\/www.facebook.com\/lplawyersfirm","article_modified_time":"2025-04-12T12:19:09+00:00","twitter_card":"summary_large_image","twitter_misc":{"Gesch\u00e4tzte Lesezeit":"4\u00a0Minuten"},"schema":{"@context":"https:\/\/schema.org","@graph":[{"@type":"WebPage","@id":"https:\/\/lplawyersfirm.com\/de\/registrierte-alternative-investmentfonds\/","url":"https:\/\/lplawyersfirm.com\/de\/registrierte-alternative-investmentfonds\/","name":"Registrierte Alternative Investmentfonds - lplawyersfirm.com","isPartOf":{"@id":"https:\/\/lplawyersfirm.com\/de\/#website"},"datePublished":"2025-03-30T13:03:31+00:00","dateModified":"2025-04-12T12:19:09+00:00","breadcrumb":{"@id":"https:\/\/lplawyersfirm.com\/de\/registrierte-alternative-investmentfonds\/#breadcrumb"},"inLanguage":"de","potentialAction":[{"@type":"ReadAction","target":["https:\/\/lplawyersfirm.com\/de\/registrierte-alternative-investmentfonds\/"]}]},{"@type":"BreadcrumbList","@id":"https:\/\/lplawyersfirm.com\/de\/registrierte-alternative-investmentfonds\/#breadcrumb","itemListElement":[{"@type":"ListItem","position":1,"name":"Home","item":"https:\/\/lplawyersfirm.com\/de\/"},{"@type":"ListItem","position":2,"name":"Registrierte Alternative Investmentfonds"}]},{"@type":"WebSite","@id":"https:\/\/lplawyersfirm.com\/de\/#website","url":"https:\/\/lplawyersfirm.com\/de\/","name":"https:\/\/www.lplawyersfirm.com","description":"Papasavvas &amp; Liskavidou LLC - Expert Commercial Law Fir","publisher":{"@id":"https:\/\/lplawyersfirm.com\/de\/#organization"},"potentialAction":[{"@type":"SearchAction","target":{"@type":"EntryPoint","urlTemplate":"https:\/\/lplawyersfirm.com\/de\/?s={search_term_string}"},"query-input":{"@type":"PropertyValueSpecification","valueRequired":true,"valueName":"search_term_string"}}],"inLanguage":"de"},{"@type":"Organization","@id":"https:\/\/lplawyersfirm.com\/de\/#organization","name":"Papasavvas and Liskavidou\u00a0LLC","url":"https:\/\/lplawyersfirm.com\/de\/","logo":{"@type":"ImageObject","inLanguage":"de","@id":"https:\/\/lplawyersfirm.com\/de\/#\/schema\/logo\/image\/","url":"https:\/\/lplawyersfirm.com\/wp-content\/uploads\/2021\/04\/logo-lpllc-white-270.png","contentUrl":"https:\/\/lplawyersfirm.com\/wp-content\/uploads\/2021\/04\/logo-lpllc-white-270.png","width":270,"height":43,"caption":"Papasavvas and Liskavidou\u00a0LLC"},"image":{"@id":"https:\/\/lplawyersfirm.com\/de\/#\/schema\/logo\/image\/"},"sameAs":["https:\/\/www.facebook.com\/lplawyersfirm"]}]}},"_links":{"self":[{"href":"https:\/\/lplawyersfirm.com\/de\/wp-json\/wp\/v2\/pages\/120032"}],"collection":[{"href":"https:\/\/lplawyersfirm.com\/de\/wp-json\/wp\/v2\/pages"}],"about":[{"href":"https:\/\/lplawyersfirm.com\/de\/wp-json\/wp\/v2\/types\/page"}],"author":[{"embeddable":true,"href":"https:\/\/lplawyersfirm.com\/de\/wp-json\/wp\/v2\/users\/4"}],"replies":[{"embeddable":true,"href":"https:\/\/lplawyersfirm.com\/de\/wp-json\/wp\/v2\/comments?post=120032"}],"version-history":[{"count":3,"href":"https:\/\/lplawyersfirm.com\/de\/wp-json\/wp\/v2\/pages\/120032\/revisions"}],"predecessor-version":[{"id":120085,"href":"https:\/\/lplawyersfirm.com\/de\/wp-json\/wp\/v2\/pages\/120032\/revisions\/120085"}],"wp:attachment":[{"href":"https:\/\/lplawyersfirm.com\/de\/wp-json\/wp\/v2\/media?parent=120032"}],"curies":[{"name":"wp","href":"https:\/\/api.w.org\/{rel}","templated":true}]}}