{"id":119858,"date":"2024-04-04T16:50:53","date_gmt":"2024-04-04T16:50:53","guid":{"rendered":"https:\/\/lplawyersfirm.com\/?page_id=119858"},"modified":"2026-03-18T18:01:22","modified_gmt":"2026-03-18T18:01:22","slug":"dido-pasiou","status":"publish","type":"page","link":"https:\/\/lplawyersfirm.com\/de\/uber-uns\/dido-pasiou\/","title":{"rendered":"Dido Pasiou"},"content":{"rendered":"<p><section id=\"bt_bb_section69d5ace911149\" class=\"bt_bb_section bt_bb_layout_boxed_1200 bt_bb_vertical_align_top bt_bb_top_spacing_large bt_bb_bottom_spacing_large\"  data-bt-override-class=\"null\"><div class=\"bt_bb_background_image_holder_wrapper\"><div class=\"bt_bb_background_image_holder btLazyLoadBackground bt_bb_parallax\"  data-background_image_src=\"https:\/\/lplawyersfirm.com\/wp-content\/uploads\/2019\/10\/hero_about_me.jpg\" data-parallax=\"0.7\" data-parallax-offset=\"0\" data-parallax-zoom-start=\"1\" data-parallax-zoom-end=\"1\" data-parallax-blur-start=\"0\" data-parallax-blur-end=\"0\" data-parallax-opacity-start=\"1\" data-parallax-opacity-end=\"1\" style=\" background-image: url(&#039;https:\/\/lplawyersfirm.com\/wp-content\/plugins\/bold-page-builder\/img\/blank.gif&#039;);\"><\/div><\/div><div class=\"bt_bb_port\"><div class=\"bt_bb_cell\"><div class=\"bt_bb_cell_inner\"><div class=\"bt_bb_row \"  data-bt-override-class=\"{}\"><div class=\"bt_bb_row_holder\" ><div  class=\"bt_bb_column col-xl-12 bt_bb_align_center bt_bb_padding_normal\"  data-width=\"12\" data-bt-override-class=\"{}\"><div class=\"bt_bb_column_content bt_bb_vertical_align_top bt_bb_color_scheme_\"><div class=\"bt_bb_column_content_inner\"><div class=\"bt_bb_separator bt_bb_border_style_none bt_bb_top_spacing_normal bt_bb_bottom_spacing_medium bt_bb_hidden_xs bt_bb_hidden_ms bt_bb_hidden_sm\" data-bt-override-class=\"null\"><\/div><header data-bb-version=\"5.4.2\" class=\"bt_bb_headline bt_bb_color_scheme_1 bt_bb_dash_none bt_bb_size_extralarge bt_bb_align_inherit\" style=\"; --primary-color:#ffffff; --secondary-color:#191919;\" data-bt-override-class=\"{&quot;bt_bb_size_&quot;:{&quot;current_class&quot;:&quot;bt_bb_size_extralarge&quot;,&quot;def&quot;:&quot;extralarge&quot;},&quot;bt_bb_align_&quot;:{&quot;current_class&quot;:&quot;bt_bb_align_inherit&quot;,&quot;def&quot;:&quot;inherit&quot;},&quot;bt_bb_animation_&quot;:{&quot;current_class&quot;:&quot;bt_bb_animation_no_animation&quot;,&quot;def&quot;:&quot;no_animation&quot;}}\"><h3 class=\"bt_bb_headline_tag\"><span class=\"bt_bb_headline_content\"><span>\u00dcber Dido<\/span><\/span><\/h3><\/header><div class=\"bt_bb_separator bt_bb_border_style_none bt_bb_bottom_spacing_large bt_bb_hidden_xs bt_bb_hidden_ms bt_bb_hidden_sm\" data-bt-override-class=\"null\"><\/div><\/div><\/div><\/div><\/div><\/div><\/div><!-- cell_inner --><\/div><!-- cell --><\/div><!-- port --><\/section><section id=\"bt_bb_section69d5ace911640\" class=\"bt_bb_section bt_bb_layout_wide bt_bb_vertical_align_top bt_bb_negative_margin_large\"  data-bt-override-class=\"null\"><div class=\"bt_bb_port\"><div class=\"bt_bb_cell\"><div class=\"bt_bb_cell_inner\"><div class=\"bt_bb_row  bt_bb_layout_special btOverlapRight\"  data-bt-override-class=\"{}\"><div class=\"bt_bb_row_holder\" ><div data-bb-version=\"4.7.6\"  class=\"bt_bb_column col-xl-6 bt_bb_align_left bt_bb_padding_normal\"  data-width=\"6\" data-bt-override-class=\"{}\"><div class=\"bt_bb_column_content bt_bb_vertical_align_top bt_bb_color_scheme_ bt_bb_column_background_image\" style=\"background-image:url(&#039;https:\/\/lplawyersfirm.com\/wp-content\/uploads\/2024\/04\/dido-photo-2.jpg&#039;);\"><div class=\"bt_bb_column_content_inner\"><div class=\"bt_bb_separator bt_bb_border_style_none bt_bb_bottom_spacing_extra_large\" data-bt-override-class=\"null\"><\/div><\/div><\/div><\/div><div  class=\"bt_bb_column col-xl-6 btWithIcon bt_bb_align_left bt_bb_icon_color_scheme_6 bt_bb_padding_normal\" style=\"; --column-icon-primary-color:#ffffff; --column-icon-secondary-color:#b07c4b;\" data-width=\"6\" data-bt-override-class=\"{}\"><div class=\"bt_bb_column_content bt_bb_vertical_align_top bt_bb_color_scheme_\"><div class=\"bt_bb_column_icon\"><span  data-ico-icon7stroke=\"&#xe68f;\" class=\"bt_bb_icon_holder\"><\/span><\/div><div class=\"bt_bb_column_content_inner\"><header data-bb-version=\"5.2.6\" class=\"bt_bb_headline bt_bb_color_scheme_14 bt_bb_dash_none bt_bb_subheadline bt_bb_size_normal bt_bb_align_inherit\" style=\"; --primary-color:#353535; --secondary-color:#b07c4b;\" data-bt-override-class=\"{&quot;bt_bb_size_&quot;:{&quot;current_class&quot;:&quot;bt_bb_size_normal&quot;,&quot;def&quot;:&quot;normal&quot;},&quot;bt_bb_align_&quot;:{&quot;current_class&quot;:&quot;bt_bb_align_inherit&quot;,&quot;def&quot;:&quot;inherit&quot;},&quot;bt_bb_animation_&quot;:{&quot;current_class&quot;:&quot;bt_bb_animation_no_animation&quot;,&quot;def&quot;:&quot;no_animation&quot;}}\"><h3 class=\"bt_bb_headline_tag\"><span class=\"bt_bb_headline_content\"><span>Dido Pasiou<\/span><\/span><\/h3><div class=\"bt_bb_headline_subheadline\">Portfolio-Buchhalter (BSc, MSc in Rechnungswesen, Bankwesen &amp; Finanzen, MBA)<\/div><\/header><div class=\"bt_bb_separator bt_bb_border_style_none bt_bb_bottom_spacing_small\" data-bt-override-class=\"null\"><\/div><header data-bb-version=\"4.7.6\" class=\"bt_bb_headline bt_bb_subheadline_text_transform_default bt_bb_color_scheme_5 bt_bb_dash_none bt_bb_superheadline bt_bb_size_normal bt_bb_align_inherit btNoHeadline\" style=\"; --primary-color:#191919; --secondary-color:#b07c4b;\" data-bt-override-class=\"{&quot;bt_bb_align_&quot;:{&quot;current_class&quot;:&quot;bt_bb_align_inherit&quot;,&quot;def&quot;:&quot;inherit&quot;}}\"><h4 class=\"bt_bb_headline_tag\"><span class=\"bt_bb_headline_superheadline\">Portfolio Accountant (BSc, MSc in Accounting, Banking &amp; Finance, MBA)<\/span><\/h4><\/header><div class=\"bt_bb_separator bt_bb_border_style_none bt_bb_bottom_spacing_medium\" data-bt-override-class=\"null\"><\/div><div class=\" bt_bb_row_inner\"   data-bt-override-class=\"{}\"><div class=\"bt_bb_row_inner_holder\"  ><div  class=\"bt_bb_column_inner col-xl-6 bt_bb_align_left bt_bb_vertical_align_top bt_bb_padding_normal\"  data-width=\"6\" data-bt-override-class=\"{}\"><div class=\"bt_bb_column_inner_content\"><div data-bb-version=\"4.7.6\" class=\"bt_bb_service bt_bb_color_scheme_14 bt_bb_style_borderless bt_bb_size_normal bt_bb_shape_square bt_bb_target_self bt_bb_align_left bt_bb_title_color_scheme_13\" style=\"; --service-primary-color:#353535; --service-secondary-color:#b07c4b;; --service-title-primary-color:#b07c4b; --service-title-secondary-color:#353535;\" data-bt-override-class=\"{}\"><a href=\"mailto:administration@lplawyersfirm.com\"  target=\"_self\"  title=\"E-MAIL\"  data-ico-icon7stroke=\"&#xe63b;\" class=\"bt_bb_icon_holder\"><\/a><div class=\"bt_bb_service_content\"><a href=\"mailto:administration@lplawyersfirm.com\" target=\"_self\"><div class=\"bt_bb_service_content_title\">E-MAIL<\/div><div class=\"bt_bb_service_content_text\"> accounting@lplawyersfirm.com<\/div><\/a><\/div><\/div><div class=\"bt_bb_separator bt_bb_border_style_none bt_bb_bottom_spacing_normal bt_bb_hidden_md bt_bb_hidden_lg\" data-bt-override-class=\"null\"><\/div><\/div><\/div><div  class=\"bt_bb_column_inner col-xl-6 bt_bb_align_left bt_bb_vertical_align_top bt_bb_padding_normal\"  data-width=\"6\" data-bt-override-class=\"{}\"><div class=\"bt_bb_column_inner_content\"><div data-bb-version=\"4.7.6\" class=\"bt_bb_service bt_bb_color_scheme_14 bt_bb_style_borderless bt_bb_size_normal bt_bb_shape_square bt_bb_target_self bt_bb_align_left bt_bb_title_color_scheme_13\" style=\"; --service-primary-color:#353535; --service-secondary-color:#b07c4b;; --service-title-primary-color:#b07c4b; --service-title-secondary-color:#353535;\" data-bt-override-class=\"{}\"><a href=\"tel:+35726622400\"  target=\"_self\"  title=\"TELEPHONE\"  data-ico-icon7stroke=\"&#xe6b5;\" class=\"bt_bb_icon_holder\"><\/a><div class=\"bt_bb_service_content\"><a href=\"tel:+35726622400\" target=\"_self\"><div class=\"bt_bb_service_content_title\">TELEPHONE<\/div><div class=\"bt_bb_service_content_text\">+357 26622400<\/div><\/a><\/div><\/div><\/div><\/div><\/div><\/div><div class=\"bt_bb_separator bt_bb_border_style_solid bt_bb_top_spacing_normal bt_bb_bottom_spacing_normal bt_bb_color_dark\" data-bt-override-class=\"null\"><\/div><div  class=\"bt_bb_text\" ><\/p>\n<h5>Biografie &amp; Professionelles Profil<\/h5>\n<p data-start=\"42\" data-end=\"334\">Dido erwarb ihren Bachelor-Abschluss in Finanzwesen mit Schwerpunkt Rechnungswesen und Bankwesen an der Neapolis University Paphos. Im Anschluss an ihr Studium absolvierte sie einen Master in Bankwesen &amp; Finanzen sowie einen Master of Business Administration (MBA) an derselben Universit\u00e4t.<\/p>\n<p data-start=\"336\" data-end=\"1197\">Sie verf\u00fcgt \u00fcber umfassende Kenntnisse im Bereich der Berichterstattung innerhalb buchhalterischer Abl\u00e4ufe, insbesondere durch ihre Erfahrung bei internationalen Wirtschaftspr\u00fcfungsgesellschaften. Ihre Hauptaufgaben umfassen die Berechnung von Portfolio-Investmentrenditen, der verwalteten Verm\u00f6genswerte (Assets under Management) sowie der Geb\u00fchren f\u00fcr eine festgelegte Gruppe von Portfolios. Sie stellt sicher, dass genaue Finanzinformationen gem\u00e4\u00df den Investitionsverwaltungsvereinbarungen der Kunden, ma\u00dfgeblichen Rechnungslegungsvorschriften, Branchenstandards sowie den internen Richtlinien des Unternehmens bereitgestellt werden. Zudem ist sie f\u00fcr die Erstellung von Antr\u00e4gen zur Einrichtung neuer juristischer Einheiten, neuer Hauptbuchkonten, Berichtsformate und wiederkehrender Buchungsvorg\u00e4nge innerhalb des zentralen Buchhaltungssystems zust\u00e4ndig.<\/p>\n<p data-start=\"1199\" data-end=\"1472\" data-is-last-node=\"\" data-is-only-node=\"\">Letztendlich liefert sie unseren internen Buchhaltungs- und Steuerabteilungen pr\u00e4zise quantitative Informationen zur finanziellen Lage, Liquidit\u00e4t und den Cashflows der Unternehmen unserer Mandanten und stellt sicher, dass alle steuerlichen Vorschriften eingehalten werden.<\/p>\n<p>\n<\/div><div class=\"bt_bb_separator bt_bb_border_style_none bt_bb_bottom_spacing_normal\" data-bt-override-class=\"null\"><\/div><\/div><\/div><\/div><\/div><\/div><\/div><!-- cell_inner --><\/div><!-- cell --><\/div><!-- port --><\/section><section id=\"bt_bb_section69d5ace91245f\" class=\"bt_bb_section bt_bb_layout_boxed_1200 bt_bb_vertical_align_top bt_bb_top_spacing_large bt_bb_bottom_spacing_large\"  data-bt-override-class=\"null\"><div class=\"bt_bb_background_image_holder_wrapper\"><div class=\"bt_bb_background_image_holder btLazyLoadBackground bt_bb_parallax\"  data-background_image_src=\"https:\/\/lplawyersfirm.com\/wp-content\/uploads\/2019\/10\/background_04.jpg\" data-parallax=\"0.7\" data-parallax-offset=\"0\" data-parallax-zoom-start=\"1\" data-parallax-zoom-end=\"1\" data-parallax-blur-start=\"0\" data-parallax-blur-end=\"0\" data-parallax-opacity-start=\"1\" data-parallax-opacity-end=\"1\" style=\" background-image: url(&#039;https:\/\/lplawyersfirm.com\/wp-content\/plugins\/bold-page-builder\/img\/blank.gif&#039;);\"><\/div><\/div><div class=\"bt_bb_port\"><div class=\"bt_bb_cell\"><div class=\"bt_bb_cell_inner\"><div class=\"bt_bb_row \"  data-bt-override-class=\"{}\"><div class=\"bt_bb_row_holder\" ><div  class=\"bt_bb_column col-xl-12 bt_bb_align_center bt_bb_padding_normal\"  data-width=\"12\" data-bt-override-class=\"{}\"><div class=\"bt_bb_column_content bt_bb_vertical_align_top bt_bb_color_scheme_\"><div class=\"bt_bb_column_content_inner\"><header data-bb-version=\"5.2.6\" class=\"bt_bb_headline bt_bb_color_scheme_7 bt_bb_dash_gray bt_bb_size_large bt_bb_align_inherit\" style=\"; --primary-color:#353535; --secondary-color:#191919;\" data-bt-override-class=\"{&quot;bt_bb_size_&quot;:{&quot;current_class&quot;:&quot;bt_bb_size_large&quot;,&quot;def&quot;:&quot;large&quot;},&quot;bt_bb_align_&quot;:{&quot;current_class&quot;:&quot;bt_bb_align_inherit&quot;,&quot;def&quot;:&quot;inherit&quot;},&quot;bt_bb_animation_&quot;:{&quot;current_class&quot;:&quot;bt_bb_animation_no_animation&quot;,&quot;def&quot;:&quot;no_animation&quot;}}\"><h3 class=\"bt_bb_headline_tag\"><span class=\"bt_bb_headline_content\"><span>Kontakt Dido Pasiou<\/span><\/span><\/h3><\/header><div class=\"bt_bb_separator bt_bb_border_style_none bt_bb_bottom_spacing_90\" data-bt-override-class=\"null\"><\/div><div class=\"bt_bb_button bt_bb_color_scheme_10 bt_bb_icon_color_scheme_6 bt_bb_style_filled bt_bb_size_large bt_bb_width_inline bt_bb_shape_square bt_bb_align_inherit btWithIcon\" style=\"; --button-primary-color:#ffffff; --button-secondary-color:#353535;; --button-icon-primary-color:#ffffff; --button-icon-secondary-color:#b07c4b;\" data-bt-override-class=\"{}\"><a href=\"tel:+357 26622400\" target=\"_self\" class=\"bt_bb_link\" title=\"+357 26622400\"><div class=\"bt_bb_icon\"><span  data-ico-icon7stroke=\"&#xe670;\" class=\"bt_bb_icon_holder\"><\/span><\/div><div class=\"bt_bb_link\"><span class=\"bt_bb_button_text\">+357 26622400<\/span><\/div><\/a><\/div><\/div><\/div><\/div><\/div><\/div><\/div><!-- cell_inner --><\/div><!-- cell --><\/div><!-- port --><\/section><\/p>\n","protected":false},"excerpt":{"rendered":"","protected":false},"author":4,"featured_media":0,"parent":118723,"menu_order":0,"comment_status":"closed","ping_status":"closed","template":"","meta":{"footnotes":""},"class_list":["post-119858","page","type-page","status-publish","hentry"],"yoast_head":"<!-- This site is optimized with the Yoast SEO plugin v24.5 - https:\/\/yoast.com\/wordpress\/plugins\/seo\/ -->\n<title>Dido Pasiou - lplawyersfirm.com<\/title>\n<meta name=\"robots\" content=\"index, follow, max-snippet:-1, max-image-preview:large, max-video-preview:-1\" \/>\n<link rel=\"canonical\" href=\"https:\/\/lplawyersfirm.com\/de\/uber-uns\/dido-pasiou\/\" \/>\n<meta property=\"og:locale\" content=\"de_DE\" \/>\n<meta property=\"og:type\" content=\"article\" \/>\n<meta property=\"og:title\" content=\"Dido Pasiou - lplawyersfirm.com\" \/>\n<meta property=\"og:url\" content=\"https:\/\/lplawyersfirm.com\/de\/uber-uns\/dido-pasiou\/\" \/>\n<meta property=\"og:site_name\" content=\"lplawyersfirm.com\" \/>\n<meta property=\"article:publisher\" content=\"https:\/\/www.facebook.com\/lplawyersfirm\" \/>\n<meta property=\"article:modified_time\" content=\"2026-03-18T18:01:22+00:00\" \/>\n<meta name=\"twitter:card\" content=\"summary_large_image\" \/>\n<meta name=\"twitter:label1\" content=\"Gesch\u00e4tzte Lesezeit\" \/>\n\t<meta name=\"twitter:data1\" content=\"2\u00a0Minuten\" \/>\n<script type=\"application\/ld+json\" class=\"yoast-schema-graph\">{\"@context\":\"https:\/\/schema.org\",\"@graph\":[{\"@type\":\"WebPage\",\"@id\":\"https:\/\/lplawyersfirm.com\/de\/uber-uns\/dido-pasiou\/\",\"url\":\"https:\/\/lplawyersfirm.com\/de\/uber-uns\/dido-pasiou\/\",\"name\":\"Dido Pasiou - lplawyersfirm.com\",\"isPartOf\":{\"@id\":\"https:\/\/lplawyersfirm.com\/de\/#website\"},\"datePublished\":\"2024-04-04T16:50:53+00:00\",\"dateModified\":\"2026-03-18T18:01:22+00:00\",\"breadcrumb\":{\"@id\":\"https:\/\/lplawyersfirm.com\/de\/uber-uns\/dido-pasiou\/#breadcrumb\"},\"inLanguage\":\"de\",\"potentialAction\":[{\"@type\":\"ReadAction\",\"target\":[\"https:\/\/lplawyersfirm.com\/de\/uber-uns\/dido-pasiou\/\"]}]},{\"@type\":\"BreadcrumbList\",\"@id\":\"https:\/\/lplawyersfirm.com\/de\/uber-uns\/dido-pasiou\/#breadcrumb\",\"itemListElement\":[{\"@type\":\"ListItem\",\"position\":1,\"name\":\"Home\",\"item\":\"https:\/\/lplawyersfirm.com\/de\/\"},{\"@type\":\"ListItem\",\"position\":2,\"name\":\"\u00dcber uns\",\"item\":\"https:\/\/lplawyersfirm.com\/de\/uber-uns\/\"},{\"@type\":\"ListItem\",\"position\":3,\"name\":\"Dido Pasiou\"}]},{\"@type\":\"WebSite\",\"@id\":\"https:\/\/lplawyersfirm.com\/de\/#website\",\"url\":\"https:\/\/lplawyersfirm.com\/de\/\",\"name\":\"https:\/\/www.lplawyersfirm.com\",\"description\":\"Papasavvas &amp; Liskavidou LLC - Expert Commercial Law Fir\",\"publisher\":{\"@id\":\"https:\/\/lplawyersfirm.com\/de\/#organization\"},\"potentialAction\":[{\"@type\":\"SearchAction\",\"target\":{\"@type\":\"EntryPoint\",\"urlTemplate\":\"https:\/\/lplawyersfirm.com\/de\/?s={search_term_string}\"},\"query-input\":{\"@type\":\"PropertyValueSpecification\",\"valueRequired\":true,\"valueName\":\"search_term_string\"}}],\"inLanguage\":\"de\"},{\"@type\":\"Organization\",\"@id\":\"https:\/\/lplawyersfirm.com\/de\/#organization\",\"name\":\"Papasavvas and Liskavidou\u00a0LLC\",\"url\":\"https:\/\/lplawyersfirm.com\/de\/\",\"logo\":{\"@type\":\"ImageObject\",\"inLanguage\":\"de\",\"@id\":\"https:\/\/lplawyersfirm.com\/de\/#\/schema\/logo\/image\/\",\"url\":\"https:\/\/lplawyersfirm.com\/wp-content\/uploads\/2021\/04\/logo-lpllc-white-270.png\",\"contentUrl\":\"https:\/\/lplawyersfirm.com\/wp-content\/uploads\/2021\/04\/logo-lpllc-white-270.png\",\"width\":270,\"height\":43,\"caption\":\"Papasavvas and Liskavidou\u00a0LLC\"},\"image\":{\"@id\":\"https:\/\/lplawyersfirm.com\/de\/#\/schema\/logo\/image\/\"},\"sameAs\":[\"https:\/\/www.facebook.com\/lplawyersfirm\"]}]}<\/script>\n<!-- \/ Yoast SEO plugin. -->","yoast_head_json":{"title":"Dido Pasiou - lplawyersfirm.com","robots":{"index":"index","follow":"follow","max-snippet":"max-snippet:-1","max-image-preview":"max-image-preview:large","max-video-preview":"max-video-preview:-1"},"canonical":"https:\/\/lplawyersfirm.com\/de\/uber-uns\/dido-pasiou\/","og_locale":"de_DE","og_type":"article","og_title":"Dido Pasiou - lplawyersfirm.com","og_url":"https:\/\/lplawyersfirm.com\/de\/uber-uns\/dido-pasiou\/","og_site_name":"lplawyersfirm.com","article_publisher":"https:\/\/www.facebook.com\/lplawyersfirm","article_modified_time":"2026-03-18T18:01:22+00:00","twitter_card":"summary_large_image","twitter_misc":{"Gesch\u00e4tzte Lesezeit":"2\u00a0Minuten"},"schema":{"@context":"https:\/\/schema.org","@graph":[{"@type":"WebPage","@id":"https:\/\/lplawyersfirm.com\/de\/uber-uns\/dido-pasiou\/","url":"https:\/\/lplawyersfirm.com\/de\/uber-uns\/dido-pasiou\/","name":"Dido Pasiou - lplawyersfirm.com","isPartOf":{"@id":"https:\/\/lplawyersfirm.com\/de\/#website"},"datePublished":"2024-04-04T16:50:53+00:00","dateModified":"2026-03-18T18:01:22+00:00","breadcrumb":{"@id":"https:\/\/lplawyersfirm.com\/de\/uber-uns\/dido-pasiou\/#breadcrumb"},"inLanguage":"de","potentialAction":[{"@type":"ReadAction","target":["https:\/\/lplawyersfirm.com\/de\/uber-uns\/dido-pasiou\/"]}]},{"@type":"BreadcrumbList","@id":"https:\/\/lplawyersfirm.com\/de\/uber-uns\/dido-pasiou\/#breadcrumb","itemListElement":[{"@type":"ListItem","position":1,"name":"Home","item":"https:\/\/lplawyersfirm.com\/de\/"},{"@type":"ListItem","position":2,"name":"\u00dcber uns","item":"https:\/\/lplawyersfirm.com\/de\/uber-uns\/"},{"@type":"ListItem","position":3,"name":"Dido Pasiou"}]},{"@type":"WebSite","@id":"https:\/\/lplawyersfirm.com\/de\/#website","url":"https:\/\/lplawyersfirm.com\/de\/","name":"https:\/\/www.lplawyersfirm.com","description":"Papasavvas &amp; Liskavidou LLC - Expert Commercial Law Fir","publisher":{"@id":"https:\/\/lplawyersfirm.com\/de\/#organization"},"potentialAction":[{"@type":"SearchAction","target":{"@type":"EntryPoint","urlTemplate":"https:\/\/lplawyersfirm.com\/de\/?s={search_term_string}"},"query-input":{"@type":"PropertyValueSpecification","valueRequired":true,"valueName":"search_term_string"}}],"inLanguage":"de"},{"@type":"Organization","@id":"https:\/\/lplawyersfirm.com\/de\/#organization","name":"Papasavvas and Liskavidou\u00a0LLC","url":"https:\/\/lplawyersfirm.com\/de\/","logo":{"@type":"ImageObject","inLanguage":"de","@id":"https:\/\/lplawyersfirm.com\/de\/#\/schema\/logo\/image\/","url":"https:\/\/lplawyersfirm.com\/wp-content\/uploads\/2021\/04\/logo-lpllc-white-270.png","contentUrl":"https:\/\/lplawyersfirm.com\/wp-content\/uploads\/2021\/04\/logo-lpllc-white-270.png","width":270,"height":43,"caption":"Papasavvas and Liskavidou\u00a0LLC"},"image":{"@id":"https:\/\/lplawyersfirm.com\/de\/#\/schema\/logo\/image\/"},"sameAs":["https:\/\/www.facebook.com\/lplawyersfirm"]}]}},"_links":{"self":[{"href":"https:\/\/lplawyersfirm.com\/de\/wp-json\/wp\/v2\/pages\/119858"}],"collection":[{"href":"https:\/\/lplawyersfirm.com\/de\/wp-json\/wp\/v2\/pages"}],"about":[{"href":"https:\/\/lplawyersfirm.com\/de\/wp-json\/wp\/v2\/types\/page"}],"author":[{"embeddable":true,"href":"https:\/\/lplawyersfirm.com\/de\/wp-json\/wp\/v2\/users\/4"}],"replies":[{"embeddable":true,"href":"https:\/\/lplawyersfirm.com\/de\/wp-json\/wp\/v2\/comments?post=119858"}],"version-history":[{"count":2,"href":"https:\/\/lplawyersfirm.com\/de\/wp-json\/wp\/v2\/pages\/119858\/revisions"}],"predecessor-version":[{"id":120263,"href":"https:\/\/lplawyersfirm.com\/de\/wp-json\/wp\/v2\/pages\/119858\/revisions\/120263"}],"up":[{"embeddable":true,"href":"https:\/\/lplawyersfirm.com\/de\/wp-json\/wp\/v2\/pages\/118723"}],"wp:attachment":[{"href":"https:\/\/lplawyersfirm.com\/de\/wp-json\/wp\/v2\/media?parent=119858"}],"curies":[{"name":"wp","href":"https:\/\/api.w.org\/{rel}","templated":true}]}}