{"id":119847,"date":"2023-07-24T17:59:10","date_gmt":"2023-07-24T17:59:10","guid":{"rendered":"https:\/\/lplawyersfirm.com\/?page_id=119847"},"modified":"2025-02-23T13:31:15","modified_gmt":"2025-02-23T13:31:15","slug":"elena-theophanous","status":"publish","type":"page","link":"https:\/\/lplawyersfirm.com\/de\/uber-uns\/elena-theophanous\/","title":{"rendered":"Elena Theophanous"},"content":{"rendered":"<p><section data-bb-version=\"4.5.4\" id=\"bt_bb_section69f57a94a5f94\" class=\"bt_bb_section bt_bb_layout_boxed_1200 bt_bb_vertical_align_top bt_bb_top_spacing_large bt_bb_bottom_spacing_large\"  data-bt-override-class=\"null\"><div class=\"bt_bb_background_image_holder_wrapper\"><div class=\"bt_bb_background_image_holder btLazyLoadBackground bt_bb_parallax\"  data-background_image_src=\"https:\/\/lplawyersfirm.com\/wp-content\/uploads\/2023\/07\/hero_about_me.jpg\" data-parallax=\"0.7\" data-parallax-offset=\"0\" data-parallax-zoom-start=\"1\" data-parallax-zoom-end=\"1\" data-parallax-blur-start=\"0\" data-parallax-blur-end=\"0\" data-parallax-opacity-start=\"1\" data-parallax-opacity-end=\"1\" style=\" background-image: url(&#039;https:\/\/lplawyersfirm.com\/wp-content\/plugins\/bold-page-builder\/img\/blank.gif&#039;);\"><\/div><\/div><div class=\"bt_bb_port\"><div class=\"bt_bb_cell\"><div class=\"bt_bb_cell_inner\"><div class=\"bt_bb_row \"  data-bt-override-class=\"{}\"><div class=\"bt_bb_row_holder\" ><div data-bb-version=\"4.5.4\"  class=\"bt_bb_column col-xl-12 bt_bb_align_center bt_bb_padding_normal\"  data-width=\"12\" data-bt-override-class=\"{}\"><div class=\"bt_bb_column_content bt_bb_vertical_align_top bt_bb_color_scheme_\"><div class=\"bt_bb_column_content_inner\"><div data-bb-version=\"4.5.4\" class=\"bt_bb_separator bt_bb_border_style_none bt_bb_top_spacing_normal bt_bb_bottom_spacing_medium bt_bb_hidden_xs bt_bb_hidden_ms bt_bb_hidden_sm\" data-bt-override-class=\"null\"><\/div><header data-bb-version=\"5.2.6\" class=\"bt_bb_headline bt_bb_color_scheme_1 bt_bb_dash_none bt_bb_size_extralarge bt_bb_align_inherit\" style=\"; --primary-color:#ffffff; --secondary-color:#191919;\" data-bt-override-class=\"{&quot;bt_bb_size_&quot;:{&quot;current_class&quot;:&quot;bt_bb_size_extralarge&quot;,&quot;def&quot;:&quot;extralarge&quot;},&quot;bt_bb_align_&quot;:{&quot;current_class&quot;:&quot;bt_bb_align_inherit&quot;,&quot;def&quot;:&quot;inherit&quot;},&quot;bt_bb_animation_&quot;:{&quot;current_class&quot;:&quot;bt_bb_animation_no_animation&quot;,&quot;def&quot;:&quot;no_animation&quot;}}\"><h3 class=\"bt_bb_headline_tag\"><span class=\"bt_bb_headline_content\"><span>\u00dcber Elena<\/span><\/span><\/h3><\/header><div data-bb-version=\"4.5.4\" class=\"bt_bb_separator bt_bb_border_style_none bt_bb_bottom_spacing_large bt_bb_hidden_xs bt_bb_hidden_ms bt_bb_hidden_sm\" data-bt-override-class=\"null\"><\/div><\/div><\/div><\/div><\/div><\/div><\/div><!-- cell_inner --><\/div><!-- cell --><\/div><!-- port --><\/section><section data-bb-version=\"4.5.4\" id=\"bt_bb_section69f57a94a638d\" class=\"bt_bb_section bt_bb_layout_wide bt_bb_vertical_align_top bt_bb_negative_margin_large\"  data-bt-override-class=\"null\"><div class=\"bt_bb_port\"><div class=\"bt_bb_cell\"><div class=\"bt_bb_cell_inner\"><div data-bb-version=\"4.5.4\" class=\"bt_bb_row  bt_bb_layout_special btOverlapRight\"  data-bt-override-class=\"{}\"><div class=\"bt_bb_row_holder\" ><div data-bb-version=\"4.7.6\"  class=\"bt_bb_column col-xl-6 bt_bb_align_left bt_bb_padding_normal\"  data-width=\"6\" data-bt-override-class=\"{}\"><div class=\"bt_bb_column_content bt_bb_vertical_align_top bt_bb_color_scheme_ bt_bb_column_background_image\" style=\"background-image:url(&#039;https:\/\/lplawyersfirm.com\/wp-content\/uploads\/2024\/03\/Elena-photo-2.jpg&#039;);\"><div class=\"bt_bb_column_content_inner\"><div data-bb-version=\"4.5.4\" class=\"bt_bb_separator bt_bb_border_style_none bt_bb_bottom_spacing_extra_large\" data-bt-override-class=\"null\"><\/div><\/div><\/div><\/div><div data-bb-version=\"4.5.4\"  class=\"bt_bb_column col-xl-6 btWithIcon bt_bb_align_left bt_bb_icon_color_scheme_6 bt_bb_padding_normal\" style=\"; --column-icon-primary-color:#ffffff; --column-icon-secondary-color:#b07c4b;\" data-width=\"6\" data-bt-override-class=\"{}\"><div class=\"bt_bb_column_content bt_bb_vertical_align_top bt_bb_color_scheme_\"><div class=\"bt_bb_column_icon\"><span  data-ico-icon7stroke=\"&#xe68f;\" class=\"bt_bb_icon_holder\"><\/span><\/div><div class=\"bt_bb_column_content_inner\"><header data-bb-version=\"5.2.6\" class=\"bt_bb_headline bt_bb_color_scheme_14 bt_bb_dash_none bt_bb_subheadline bt_bb_size_normal bt_bb_align_inherit\" style=\"; --primary-color:#353535; --secondary-color:#b07c4b;\" data-bt-override-class=\"{&quot;bt_bb_size_&quot;:{&quot;current_class&quot;:&quot;bt_bb_size_normal&quot;,&quot;def&quot;:&quot;normal&quot;},&quot;bt_bb_align_&quot;:{&quot;current_class&quot;:&quot;bt_bb_align_inherit&quot;,&quot;def&quot;:&quot;inherit&quot;},&quot;bt_bb_animation_&quot;:{&quot;current_class&quot;:&quot;bt_bb_animation_no_animation&quot;,&quot;def&quot;:&quot;no_animation&quot;}}\"><h3 class=\"bt_bb_headline_tag\"><span class=\"bt_bb_headline_content\"><span>Elena Theophanous<\/span><\/span><\/h3><div class=\"bt_bb_headline_subheadline\">B\u00fcroadministrator<\/div><\/header><div data-bb-version=\"4.5.4\" class=\"bt_bb_separator bt_bb_border_style_none bt_bb_bottom_spacing_small\" data-bt-override-class=\"null\"><\/div><header data-bb-version=\"4.5.4\" class=\"bt_bb_headline bt_bb_subheadline_text_transform_default bt_bb_color_scheme_5 bt_bb_dash_none bt_bb_size_normal bt_bb_align_inherit btNoHeadline\" style=\"; --primary-color:#191919; --secondary-color:#b07c4b;\" data-bt-override-class=\"{&quot;bt_bb_align_&quot;:{&quot;current_class&quot;:&quot;bt_bb_align_inherit&quot;,&quot;def&quot;:&quot;inherit&quot;}}\"><\/header><div data-bb-version=\"4.5.4\" class=\"bt_bb_separator bt_bb_border_style_none bt_bb_bottom_spacing_medium\" data-bt-override-class=\"null\"><\/div><div data-bb-version=\"4.5.4\" class=\" bt_bb_row_inner\"   data-bt-override-class=\"{}\"><div class=\"bt_bb_row_inner_holder\"  ><div data-bb-version=\"4.5.4\"  class=\"bt_bb_column_inner col-xl-6 bt_bb_align_left bt_bb_vertical_align_top bt_bb_padding_normal\"  data-width=\"6\" data-bt-override-class=\"{}\"><div class=\"bt_bb_column_inner_content\"><div data-bb-version=\"4.5.4\" class=\"bt_bb_service bt_bb_color_scheme_14 bt_bb_style_borderless bt_bb_size_normal bt_bb_shape_square bt_bb_target_self bt_bb_align_left bt_bb_title_color_scheme_13\" style=\"; --service-primary-color:#353535; --service-secondary-color:#b07c4b;; --service-title-primary-color:#b07c4b; --service-title-secondary-color:#353535;\" data-bt-override-class=\"{}\"><a href=\"mailto:administration@lplwawyersfirm.com\"  target=\"_self\"  title=\"E-MAIL\"  data-ico-icon7stroke=\"&#xe63b;\" class=\"bt_bb_icon_holder\"><\/a><div class=\"bt_bb_service_content\"><a href=\"mailto:administration@lplwawyersfirm.com\" target=\"_self\"><div class=\"bt_bb_service_content_title\">E-MAIL<\/div><div class=\"bt_bb_service_content_text\">administration@lplawyersfirm.com<\/div><\/a><\/div><\/div><div data-bb-version=\"4.5.4\" class=\"bt_bb_separator bt_bb_border_style_none bt_bb_bottom_spacing_normal bt_bb_hidden_md bt_bb_hidden_lg bt_bb_hidden_xl\" data-bt-override-class=\"null\"><\/div><\/div><\/div><div data-bb-version=\"4.5.4\"  class=\"bt_bb_column_inner col-xl-6 bt_bb_align_left bt_bb_vertical_align_top bt_bb_padding_normal\"  data-width=\"6\" data-bt-override-class=\"{}\"><div class=\"bt_bb_column_inner_content\"><div data-bb-version=\"4.5.4\" class=\"bt_bb_service bt_bb_color_scheme_13 bt_bb_style_borderless bt_bb_size_normal bt_bb_shape_square bt_bb_target_self bt_bb_align_left bt_bb_title_color_scheme_13\" style=\"; --service-primary-color:#b07c4b; --service-secondary-color:#353535;; --service-title-primary-color:#b07c4b; --service-title-secondary-color:#353535;\" data-bt-override-class=\"{}\"><a href=\"tel:+35726622400\"  target=\"_self\"  title=\"TELEPHONE\"  data-ico-icon7stroke=\"&#xe6b5;\" class=\"bt_bb_icon_holder\"><\/a><div class=\"bt_bb_service_content\"><a href=\"tel:+35726622400\" target=\"_self\"><div class=\"bt_bb_service_content_title\">TELEPHONE<\/div><div class=\"bt_bb_service_content_text\">+357 26622400<\/div><\/a><\/div><\/div><\/div><\/div><\/div><\/div><div data-bb-version=\"4.5.4\" class=\"bt_bb_separator bt_bb_border_style_solid bt_bb_top_spacing_normal bt_bb_bottom_spacing_normal bt_bb_color_dark\" data-bt-override-class=\"null\"><\/div><div data-bb-version=\"4.5.4\"  class=\"bt_bb_text\" ><\/p>\n<p data-start=\"42\" data-end=\"350\">Elena ist eine erfahrene Fachkraft, die f\u00fcr die t\u00e4gliche Verwaltung und Organisation zust\u00e4ndig ist. Sie tr\u00e4gt die Verantwortung f\u00fcr interne und externe Angelegenheiten, einschlie\u00dflich Compliance und der Einhaltung der nationalen sowie EU-Vorschriften zur ordnungsgem\u00e4\u00dfen F\u00fchrung des Unternehmensportfolios.<\/p>\n<p data-start=\"352\" data-end=\"746\" data-is-last-node=\"\" data-is-only-node=\"\">Sie arbeitet eng mit den internen Abteilungen f\u00fcr Recht, Einwanderung, Buchhaltung und Steuern zusammen und koordiniert sowie \u00fcberwacht die Anfragen der Mandanten. Zudem stellt sie sicher, dass alle gesetzlichen Vorschriften \u2013 sowohl national als auch international \u2013 eingehalten werden, um Bu\u00dfgelder, rechtliche Konsequenzen oder Reputationssch\u00e4den im Interesse unserer Mandanten zu vermeiden.<\/p>\n<p>\n<\/div><div data-bb-version=\"4.5.4\" class=\"bt_bb_separator bt_bb_border_style_none bt_bb_bottom_spacing_normal\" data-bt-override-class=\"null\"><\/div><\/div><\/div><\/div><\/div><\/div><\/div><!-- cell_inner --><\/div><!-- cell --><\/div><!-- port --><\/section><section data-bb-version=\"4.5.4\" id=\"bt_bb_section69f57a94a6e46\" class=\"bt_bb_section bt_bb_layout_boxed_1200 bt_bb_vertical_align_top bt_bb_top_spacing_large bt_bb_bottom_spacing_large\"  data-bt-override-class=\"null\"><div class=\"bt_bb_background_image_holder_wrapper\"><div class=\"bt_bb_background_image_holder btLazyLoadBackground bt_bb_parallax\"  data-background_image_src=\"https:\/\/lplawyersfirm.com\/wp-content\/uploads\/2023\/07\/background_04.jpg\" data-parallax=\"0.7\" data-parallax-offset=\"0\" data-parallax-zoom-start=\"1\" data-parallax-zoom-end=\"1\" data-parallax-blur-start=\"0\" data-parallax-blur-end=\"0\" data-parallax-opacity-start=\"1\" data-parallax-opacity-end=\"1\" style=\" background-image: url(&#039;https:\/\/lplawyersfirm.com\/wp-content\/plugins\/bold-page-builder\/img\/blank.gif&#039;);\"><\/div><\/div><div class=\"bt_bb_port\"><div class=\"bt_bb_cell\"><div class=\"bt_bb_cell_inner\"><div data-bb-version=\"4.5.4\" class=\"bt_bb_row \"  data-bt-override-class=\"{}\"><div class=\"bt_bb_row_holder\" ><div data-bb-version=\"4.5.4\"  class=\"bt_bb_column col-xl-12 bt_bb_align_center bt_bb_padding_normal\"  data-width=\"12\" data-bt-override-class=\"{}\"><div class=\"bt_bb_column_content bt_bb_vertical_align_top bt_bb_color_scheme_\"><div class=\"bt_bb_column_content_inner\"><header data-bb-version=\"5.2.6\" class=\"bt_bb_headline bt_bb_color_scheme_3 bt_bb_dash_gray bt_bb_size_large bt_bb_align_inherit\" style=\"; --primary-color:#b07c4b; --secondary-color:#191919;\" data-bt-override-class=\"{&quot;bt_bb_size_&quot;:{&quot;current_class&quot;:&quot;bt_bb_size_large&quot;,&quot;def&quot;:&quot;large&quot;},&quot;bt_bb_align_&quot;:{&quot;current_class&quot;:&quot;bt_bb_align_inherit&quot;,&quot;def&quot;:&quot;inherit&quot;},&quot;bt_bb_animation_&quot;:{&quot;current_class&quot;:&quot;bt_bb_animation_no_animation&quot;,&quot;def&quot;:&quot;no_animation&quot;}}\"><h3 class=\"bt_bb_headline_tag\"><span class=\"bt_bb_headline_content\"><span>Kontakt Elena Theophanous<\/span><\/span><\/h3><\/header><div data-bb-version=\"4.5.4\" class=\"bt_bb_separator bt_bb_border_style_none bt_bb_bottom_spacing_90\" data-bt-override-class=\"null\"><\/div><div data-bb-version=\"4.5.4\" class=\"bt_bb_button bt_bb_color_scheme_10 bt_bb_icon_color_scheme_6 bt_bb_style_filled bt_bb_size_large bt_bb_width_inline bt_bb_shape_square bt_bb_align_inherit btWithIcon\" style=\"; --button-primary-color:#ffffff; --button-secondary-color:#353535;; --button-icon-primary-color:#ffffff; --button-icon-secondary-color:#b07c4b;\" data-bt-override-class=\"{}\"><a href=\"tel:+357 26622400\" target=\"_self\" class=\"bt_bb_link\" title=\"+357 26622400\"><div class=\"bt_bb_icon\"><span  data-ico-icon7stroke=\"&#xe670;\" class=\"bt_bb_icon_holder\"><\/span><\/div><div class=\"bt_bb_link\"><span class=\"bt_bb_button_text\">+357 26622400<\/span><\/div><\/a><\/div><\/div><\/div><\/div><\/div><\/div><\/div><!-- cell_inner --><\/div><!-- cell --><\/div><!-- port --><\/section><\/p>\n","protected":false},"excerpt":{"rendered":"","protected":false},"author":4,"featured_media":0,"parent":118723,"menu_order":0,"comment_status":"closed","ping_status":"closed","template":"","meta":{"footnotes":""},"class_list":["post-119847","page","type-page","status-publish","hentry"],"yoast_head":"<!-- This site is optimized with the Yoast SEO plugin v24.5 - https:\/\/yoast.com\/wordpress\/plugins\/seo\/ -->\n<title>Elena Theophanous - lplawyersfirm.com<\/title>\n<meta name=\"robots\" content=\"index, follow, max-snippet:-1, max-image-preview:large, max-video-preview:-1\" \/>\n<link rel=\"canonical\" href=\"https:\/\/lplawyersfirm.com\/de\/uber-uns\/elena-theophanous\/\" \/>\n<meta property=\"og:locale\" content=\"de_DE\" \/>\n<meta property=\"og:type\" content=\"article\" \/>\n<meta property=\"og:title\" content=\"Elena Theophanous - lplawyersfirm.com\" \/>\n<meta property=\"og:url\" content=\"https:\/\/lplawyersfirm.com\/de\/uber-uns\/elena-theophanous\/\" \/>\n<meta property=\"og:site_name\" content=\"lplawyersfirm.com\" \/>\n<meta property=\"article:publisher\" content=\"https:\/\/www.facebook.com\/lplawyersfirm\" \/>\n<meta property=\"article:modified_time\" content=\"2025-02-23T13:31:15+00:00\" \/>\n<meta name=\"twitter:card\" content=\"summary_large_image\" \/>\n<meta name=\"twitter:label1\" content=\"Gesch\u00e4tzte Lesezeit\" \/>\n\t<meta name=\"twitter:data1\" content=\"1\u00a0Minute\" \/>\n<script type=\"application\/ld+json\" class=\"yoast-schema-graph\">{\"@context\":\"https:\/\/schema.org\",\"@graph\":[{\"@type\":\"WebPage\",\"@id\":\"https:\/\/lplawyersfirm.com\/de\/uber-uns\/elena-theophanous\/\",\"url\":\"https:\/\/lplawyersfirm.com\/de\/uber-uns\/elena-theophanous\/\",\"name\":\"Elena Theophanous - lplawyersfirm.com\",\"isPartOf\":{\"@id\":\"https:\/\/lplawyersfirm.com\/de\/#website\"},\"datePublished\":\"2023-07-24T17:59:10+00:00\",\"dateModified\":\"2025-02-23T13:31:15+00:00\",\"breadcrumb\":{\"@id\":\"https:\/\/lplawyersfirm.com\/de\/uber-uns\/elena-theophanous\/#breadcrumb\"},\"inLanguage\":\"de\",\"potentialAction\":[{\"@type\":\"ReadAction\",\"target\":[\"https:\/\/lplawyersfirm.com\/de\/uber-uns\/elena-theophanous\/\"]}]},{\"@type\":\"BreadcrumbList\",\"@id\":\"https:\/\/lplawyersfirm.com\/de\/uber-uns\/elena-theophanous\/#breadcrumb\",\"itemListElement\":[{\"@type\":\"ListItem\",\"position\":1,\"name\":\"Home\",\"item\":\"https:\/\/lplawyersfirm.com\/de\/\"},{\"@type\":\"ListItem\",\"position\":2,\"name\":\"\u00dcber uns\",\"item\":\"https:\/\/lplawyersfirm.com\/de\/uber-uns\/\"},{\"@type\":\"ListItem\",\"position\":3,\"name\":\"Elena Theophanous\"}]},{\"@type\":\"WebSite\",\"@id\":\"https:\/\/lplawyersfirm.com\/de\/#website\",\"url\":\"https:\/\/lplawyersfirm.com\/de\/\",\"name\":\"https:\/\/www.lplawyersfirm.com\",\"description\":\"Papasavvas &amp; Liskavidou LLC - Expert Commercial Law Fir\",\"publisher\":{\"@id\":\"https:\/\/lplawyersfirm.com\/de\/#organization\"},\"potentialAction\":[{\"@type\":\"SearchAction\",\"target\":{\"@type\":\"EntryPoint\",\"urlTemplate\":\"https:\/\/lplawyersfirm.com\/de\/?s={search_term_string}\"},\"query-input\":{\"@type\":\"PropertyValueSpecification\",\"valueRequired\":true,\"valueName\":\"search_term_string\"}}],\"inLanguage\":\"de\"},{\"@type\":\"Organization\",\"@id\":\"https:\/\/lplawyersfirm.com\/de\/#organization\",\"name\":\"Papasavvas and Liskavidou\u00a0LLC\",\"url\":\"https:\/\/lplawyersfirm.com\/de\/\",\"logo\":{\"@type\":\"ImageObject\",\"inLanguage\":\"de\",\"@id\":\"https:\/\/lplawyersfirm.com\/de\/#\/schema\/logo\/image\/\",\"url\":\"https:\/\/lplawyersfirm.com\/wp-content\/uploads\/2021\/04\/logo-lpllc-white-270.png\",\"contentUrl\":\"https:\/\/lplawyersfirm.com\/wp-content\/uploads\/2021\/04\/logo-lpllc-white-270.png\",\"width\":270,\"height\":43,\"caption\":\"Papasavvas and Liskavidou\u00a0LLC\"},\"image\":{\"@id\":\"https:\/\/lplawyersfirm.com\/de\/#\/schema\/logo\/image\/\"},\"sameAs\":[\"https:\/\/www.facebook.com\/lplawyersfirm\"]}]}<\/script>\n<!-- \/ Yoast SEO plugin. -->","yoast_head_json":{"title":"Elena Theophanous - lplawyersfirm.com","robots":{"index":"index","follow":"follow","max-snippet":"max-snippet:-1","max-image-preview":"max-image-preview:large","max-video-preview":"max-video-preview:-1"},"canonical":"https:\/\/lplawyersfirm.com\/de\/uber-uns\/elena-theophanous\/","og_locale":"de_DE","og_type":"article","og_title":"Elena Theophanous - lplawyersfirm.com","og_url":"https:\/\/lplawyersfirm.com\/de\/uber-uns\/elena-theophanous\/","og_site_name":"lplawyersfirm.com","article_publisher":"https:\/\/www.facebook.com\/lplawyersfirm","article_modified_time":"2025-02-23T13:31:15+00:00","twitter_card":"summary_large_image","twitter_misc":{"Gesch\u00e4tzte Lesezeit":"1\u00a0Minute"},"schema":{"@context":"https:\/\/schema.org","@graph":[{"@type":"WebPage","@id":"https:\/\/lplawyersfirm.com\/de\/uber-uns\/elena-theophanous\/","url":"https:\/\/lplawyersfirm.com\/de\/uber-uns\/elena-theophanous\/","name":"Elena Theophanous - lplawyersfirm.com","isPartOf":{"@id":"https:\/\/lplawyersfirm.com\/de\/#website"},"datePublished":"2023-07-24T17:59:10+00:00","dateModified":"2025-02-23T13:31:15+00:00","breadcrumb":{"@id":"https:\/\/lplawyersfirm.com\/de\/uber-uns\/elena-theophanous\/#breadcrumb"},"inLanguage":"de","potentialAction":[{"@type":"ReadAction","target":["https:\/\/lplawyersfirm.com\/de\/uber-uns\/elena-theophanous\/"]}]},{"@type":"BreadcrumbList","@id":"https:\/\/lplawyersfirm.com\/de\/uber-uns\/elena-theophanous\/#breadcrumb","itemListElement":[{"@type":"ListItem","position":1,"name":"Home","item":"https:\/\/lplawyersfirm.com\/de\/"},{"@type":"ListItem","position":2,"name":"\u00dcber uns","item":"https:\/\/lplawyersfirm.com\/de\/uber-uns\/"},{"@type":"ListItem","position":3,"name":"Elena Theophanous"}]},{"@type":"WebSite","@id":"https:\/\/lplawyersfirm.com\/de\/#website","url":"https:\/\/lplawyersfirm.com\/de\/","name":"https:\/\/www.lplawyersfirm.com","description":"Papasavvas &amp; Liskavidou LLC - Expert Commercial Law Fir","publisher":{"@id":"https:\/\/lplawyersfirm.com\/de\/#organization"},"potentialAction":[{"@type":"SearchAction","target":{"@type":"EntryPoint","urlTemplate":"https:\/\/lplawyersfirm.com\/de\/?s={search_term_string}"},"query-input":{"@type":"PropertyValueSpecification","valueRequired":true,"valueName":"search_term_string"}}],"inLanguage":"de"},{"@type":"Organization","@id":"https:\/\/lplawyersfirm.com\/de\/#organization","name":"Papasavvas and Liskavidou\u00a0LLC","url":"https:\/\/lplawyersfirm.com\/de\/","logo":{"@type":"ImageObject","inLanguage":"de","@id":"https:\/\/lplawyersfirm.com\/de\/#\/schema\/logo\/image\/","url":"https:\/\/lplawyersfirm.com\/wp-content\/uploads\/2021\/04\/logo-lpllc-white-270.png","contentUrl":"https:\/\/lplawyersfirm.com\/wp-content\/uploads\/2021\/04\/logo-lpllc-white-270.png","width":270,"height":43,"caption":"Papasavvas and Liskavidou\u00a0LLC"},"image":{"@id":"https:\/\/lplawyersfirm.com\/de\/#\/schema\/logo\/image\/"},"sameAs":["https:\/\/www.facebook.com\/lplawyersfirm"]}]}},"_links":{"self":[{"href":"https:\/\/lplawyersfirm.com\/de\/wp-json\/wp\/v2\/pages\/119847"}],"collection":[{"href":"https:\/\/lplawyersfirm.com\/de\/wp-json\/wp\/v2\/pages"}],"about":[{"href":"https:\/\/lplawyersfirm.com\/de\/wp-json\/wp\/v2\/types\/page"}],"author":[{"embeddable":true,"href":"https:\/\/lplawyersfirm.com\/de\/wp-json\/wp\/v2\/users\/4"}],"replies":[{"embeddable":true,"href":"https:\/\/lplawyersfirm.com\/de\/wp-json\/wp\/v2\/comments?post=119847"}],"version-history":[{"count":3,"href":"https:\/\/lplawyersfirm.com\/de\/wp-json\/wp\/v2\/pages\/119847\/revisions"}],"predecessor-version":[{"id":119869,"href":"https:\/\/lplawyersfirm.com\/de\/wp-json\/wp\/v2\/pages\/119847\/revisions\/119869"}],"up":[{"embeddable":true,"href":"https:\/\/lplawyersfirm.com\/de\/wp-json\/wp\/v2\/pages\/118723"}],"wp:attachment":[{"href":"https:\/\/lplawyersfirm.com\/de\/wp-json\/wp\/v2\/media?parent=119847"}],"curies":[{"name":"wp","href":"https:\/\/api.w.org\/{rel}","templated":true}]}}