{"id":118817,"date":"2023-03-17T00:19:51","date_gmt":"2023-03-17T00:19:51","guid":{"rendered":"https:\/\/lplawyersfirm.com\/cyprus\/how-to-open-a-cyprus-company\/"},"modified":"2024-10-07T17:29:42","modified_gmt":"2024-10-07T17:29:42","slug":"limited-gesellschaft-in-zypern","status":"publish","type":"page","link":"https:\/\/lplawyersfirm.com\/de\/cyprus\/limited-gesellschaft-in-zypern\/","title":{"rendered":"Limited-Gesellschaft in Zypern"},"content":{"rendered":"<p><section id=\"bt_bb_section69dc308d86f8c\" class=\"bt_bb_section bt_bb_color_scheme_1 bt_bb_layout_boxed_1200 bt_bb_vertical_align_top bt_bb_top_spacing_extra_large bt_bb_bottom_spacing_extra_large\" style=\"; --section-primary-color:#ffffff; --section-secondary-color:#191919;;background-color:rgb(255,255,255);\" data-bt-override-class=\"null\"><div class=\"bt_bb_background_image_holder_wrapper\"><div class=\"bt_bb_background_image_holder bt_bb_parallax\"  data-parallax=\"0.7\" data-parallax-offset=\"0\" data-parallax-zoom-start=\"1\" data-parallax-zoom-end=\"1\" data-parallax-blur-start=\"0\" data-parallax-blur-end=\"0\" data-parallax-opacity-start=\"1\" data-parallax-opacity-end=\"1\" style=\" background-image:url(&#039;https:\/\/lplawyersfirm.com\/wp-content\/uploads\/2022\/08\/Captur5768.png&#039;);\"><\/div><\/div><div class=\"bt_bb_port\"><div class=\"bt_bb_cell\"><div class=\"bt_bb_cell_inner\"><div class=\"bt_bb_row \"  data-bt-override-class=\"{}\"><div class=\"bt_bb_row_holder\" ><div  class=\"bt_bb_column col-xl-2 bt_bb_align_left bt_bb_padding_normal\"  data-width=\"2\" data-bt-override-class=\"{}\"><div class=\"bt_bb_column_content bt_bb_vertical_align_top bt_bb_color_scheme_\"><div class=\"bt_bb_column_content_inner\"><\/div><\/div><\/div><div  class=\"bt_bb_column col-xl-8 bt_bb_align_center bt_bb_padding_normal\"  data-width=\"8\" data-bt-override-class=\"{}\"><div class=\"bt_bb_column_content bt_bb_vertical_align_bottom bt_bb_color_scheme_\"><div class=\"bt_bb_column_content_inner\"><div class=\"bt_bb_separator bt_bb_border_style_none bt_bb_bottom_spacing_medium\" data-bt-override-class=\"null\"><\/div><header class=\"bt_bb_headline bt_bb_subheadline_text_transform_default bt_bb_dash_none bt_bb_size_extrahuge bt_bb_align_inherit\" data-bt-override-class=\"{&quot;bt_bb_align_&quot;:{&quot;current_class&quot;:&quot;bt_bb_align_inherit&quot;,&quot;def&quot;:&quot;inherit&quot;,&quot;xl&quot;:&quot;inherit&quot;}}\"><h1 class=\"bt_bb_headline_tag\"><span class=\"bt_bb_headline_content\"><span>Wie man ein Limited Unternehmen auf Zypern gr\u00fcndet<\/span><\/span><\/h1><\/header><div class=\"bt_bb_separator bt_bb_border_style_none bt_bb_bottom_spacing_small\" data-bt-override-class=\"null\"><\/div><\/div><\/div><\/div><div  class=\"bt_bb_column col-xl-2 bt_bb_align_left bt_bb_padding_normal\"  data-width=\"2\" data-bt-override-class=\"{}\"><div class=\"bt_bb_column_content bt_bb_vertical_align_top bt_bb_color_scheme_\"><div class=\"bt_bb_column_content_inner\"><\/div><\/div><\/div><\/div><\/div><\/div><!-- cell_inner --><\/div><!-- cell --><\/div><!-- port --><\/section><section id=\"bt_bb_section69dc308d872c7\" class=\"bt_bb_section bt_bb_layout_boxed_1200 bt_bb_vertical_align_top bt_bb_top_spacing_medium bt_bb_bottom_spacing_large\"  data-bt-override-class=\"null\"><div class=\"bt_bb_port\"><div class=\"bt_bb_cell\"><div class=\"bt_bb_cell_inner\"><div class=\"bt_bb_row \"  data-bt-override-class=\"{}\"><div class=\"bt_bb_row_holder\" ><div  class=\"bt_bb_column col-xl-8 bt_bb_align_left bt_bb_padding_normal\"  data-width=\"8\" data-bt-override-class=\"{}\"><div class=\"bt_bb_column_content bt_bb_vertical_align_top bt_bb_color_scheme_\"><div class=\"bt_bb_column_content_inner\"><div  class=\"bt_bb_text\" ><\/p>\n<p>Eine <strong>Limited-Gesellschaft in Zypern<\/strong>, auch bekannt als eine Private Limited Company, ist eine beliebte Unternehmensstruktur in Zypern. Diese Art von Unternehmen bietet verschiedene Vorteile wie die beschr\u00e4nkte Haftung f\u00fcr Aktion\u00e4re, eine flexible Managementstruktur sowie viele Steuervorteile. Um eine <strong>Limited-Gesellschaft in Zypern<\/strong> zu gr\u00fcnden, sind mindestens ein Aktion\u00e4r und ein Direktor erforderlich, die dieselbe Person sein k\u00f6nnen. Es ist kein Mindeststammkapital erforderlich. Das Unternehmen muss eine ordnungsgem\u00e4\u00dfe Buchhaltung f\u00fchren und j\u00e4hrliche Abschlussberichte beim Registrar of Companies einreichen. Dank seines vorteilhaften Gesch\u00e4ftsumfelds ist Zypern zu einem beliebten Ziel f\u00fcr Investoren geworden, die daran interessiert sind, eine Limited-Gesellschaft zu gr\u00fcnden und ihre Pr\u00e4senz in Europa zu erweitern.<\/p>\n<h2>Warum sollte ich ein Limited-Unternehmen auf Zypern gr\u00fcnden?<\/h2>\n<p>Eine Limited-Gr\u00fcndung ist eine beliebte Option f\u00fcr ausl\u00e4ndische Unternehmen, um vom g\u00fcnstigen Steuersystem und vom unternehmensfreundlichen Umfeld zu profitieren. Um ein solches Unternehmen zu gr\u00fcnden, m\u00fcssen bestimmte Voraussetzungen erf\u00fcllt werden. Dazu geh\u00f6rt die Registrierung eines individuellen Firmennamens beim Handelsregister (Registrar of Companies). Sobald das Unternehmen gegr\u00fcndet ist, unterliegt es einer pauschalen Besteuerung von 12,5% auf den weltweiten Ertrag. Zus\u00e4tzlich hat Zypern Doppelbesteuerungsabkommen mit mehr als 60 L\u00e4ndern, was es zu einem attraktiven Standort f\u00fcr internationale Gesch\u00e4ftst\u00e4tigkeiten macht.<\/p>\n<p>Bevor Sie ein Unternehmen in Zypern er\u00f6ffnen, m\u00fcssen Sie entscheiden, welche Art von Unternehmensstruktur Sie haben m\u00f6chten.<\/p>\n<p>Die vorteilhafteste in Kombination mit dem <a href=\"https:\/\/lplawyersfirm.com\/cyprus\/non-dom-status-and-taxes\/\">Non-Dom Status<\/a> (siehe Abschnitt \u201eNon-Dom Status und Steuern\u201c) ist eindeutig die Gr\u00fcndung einer Limited.<\/p>\n<h2>Was ist eine Limited in Zypern?<\/h2>\n<p>Eine Limited ist eine Gesellschaft mit beschr\u00e4nkter Haftung, die von einem oder mehreren Gesellschaftern (maximal 50) gegr\u00fcndet wurde.<\/p>\n<p>Jeder Gr\u00fcnder der Limited kann laut Gesetz Aktion\u00e4r (shareholder), Direktor (director) und Sekret\u00e4r (secretary) der Limited sein.<\/p>\n<p>Das bedeutet, dass der Gesellschafter f\u00fcr die Schulden und Verbindlichkeiten der Limited nur in H\u00f6he des Nennwerts seiner Anteile haftet. Ein Gesellschafter kann jedoch nicht verpflichtet werden, die Schulden der Limited mit seinem privaten Verm\u00f6gen zu begleichen.<\/p>\n<h2>Was wird ben\u00f6tigt, um eine Limited in Zypern zu er\u00f6ffnen?<\/h2>\n<p>Eine Limited in Zypern hat einige Voraussetzungen, die f\u00fcr die Firmengr\u00fcndung erf\u00fcllt sein m\u00fcssen:<\/p>\n<ul>\n<li>Der Unternehmensname muss beim Handelsregister beantragt werden. Damit stellen die Beh\u00f6rden sicher, dass jedes Unternehmen einen eigenen Firmennamen hat und dieser nicht von mehreren Unternehmen verwendet wird. Dieser Vorgang dauert bis zu 3 Tagen.<\/li>\n<li>Die Mehrheit der Direktoren muss steuerlich in Zypern ans\u00e4ssig sein.<\/li>\n<li>Dazu sind der Yellow Slip (siehe \u201eWie man nach Zypern einwandert (Yellow Slip)\u201c) und die Einhaltung\u00a0der 60-Tage-Regelung erforderlich.<\/li>\n<li>Die Antragsunterlagen m\u00fcssen ordnungsgem\u00e4\u00df ausgef\u00fcllt und von einem zypriotischen Anwalt unterschrieben werden. Die Angaben beinhalten den Gesch\u00e4ftsf\u00fchrer, die Anteilseigner und den Gesch\u00e4ftszweck des Unternehmens.<\/li>\n<li>Die Personalidentifikationsdokumente wie der Personalausweis oder Reisepass m\u00fcssen g\u00fcltig sein und werden von den Beh\u00f6rden gepr\u00fcft und kopiert.<\/li>\n<li>Anders als in anderen europ\u00e4ischen L\u00e4ndern gibt es jedoch KEINE Anforderung, ein bestimmtes Stammkapital f\u00fcr Ihre Limited-Gr\u00fcndung zu haben. Das bedeutet, dass Sie Ihr Unternehmen mit 1 Euro auf Ihrem Firmenbankkonto gr\u00fcnden k\u00f6nnen.<\/li>\n<\/ul>\n<h2>Wie er\u00f6ffne ich eine Limited in Zypern?<\/h2>\n<ul>\n<li>Um eine Limited zu er\u00f6ffnen, m\u00fcssen Sie die oben genannten Voraussetzungen erf\u00fcllen und die Firmenregistrierung beim zypriotischen Handelsregister beantragen.<\/li>\n<li>Wir begleiten Sie gerne in diesem Prozess, der mit uns 8-10 Werktage in Anspruch nimmt.<\/li>\n<\/ul>\n<p>Wir sind sehr erfahren im Gr\u00fcndungsprozess und freuen uns, Ihnen unsere qualitativ hochwertigen Dienstleistungen zu wettbewerbsf\u00e4higen Preisen anbieten zu k\u00f6nnen. Kontaktieren Sie uns gerne f\u00fcr weitere Informationen und eine individuelle Beratung.<\/p>\n<p>\n<\/div><\/div><\/div><\/div><div  class=\"bt_bb_column col-xl-4 bt_bb_align_left bt_bb_padding_normal\"  data-width=\"4\" data-bt-override-class=\"{}\"><div class=\"bt_bb_column_content bt_bb_vertical_align_top bt_bb_color_scheme_\"><div class=\"bt_bb_column_content_inner\"><div  class=\"bt_bb_text\" ><\/p>\n<h5>Fragen Sie unser Team der Einwanderungsberatung (geb\u00fchrenfrei)!<\/h5>\n<p>Egal welche Frage Sie haben, schreiben Sie uns eine schnelle Whatsapp.<\/p>\n<p>\n<\/div><div class=\"bt_bb_separator bt_bb_border_style_none bt_bb_bottom_spacing_small\" data-bt-override-class=\"null\"><\/div><div  class=\"bt_bb_text\" ><\/p>\n<p><span style=\"color: #353535\">Team Einwanderungsberatung<br \/>Telefon: +35796742400\u00a0(Beratung geb\u00fchrenfrei)<br \/>Kontaktieren Sie uns per Whatsapp (Beratung geb\u00fchrenfrei)<br \/>Email: immigration@lplawyersfirm.com<br \/><\/span><\/p>\n<p>\n<\/div><div class=\"bt_bb_separator bt_bb_border_style_none bt_bb_bottom_spacing_small\" data-bt-override-class=\"null\"><\/div><div class=\"bt_bb_separator bt_bb_border_style_none bt_bb_bottom_spacing_medium\" data-bt-override-class=\"null\"><\/div><\/div><\/div><\/div><\/div><\/div><\/div><!-- cell_inner --><\/div><!-- cell --><\/div><!-- port --><\/section><\/p>\n","protected":false},"excerpt":{"rendered":"","protected":false},"author":6,"featured_media":0,"parent":118727,"menu_order":0,"comment_status":"closed","ping_status":"closed","template":"","meta":{"footnotes":""},"class_list":["post-118817","page","type-page","status-publish","hentry"],"yoast_head":"<!-- This site is optimized with the Yoast SEO plugin v24.5 - https:\/\/yoast.com\/wordpress\/plugins\/seo\/ -->\n<title>Limited-Gesellschaft in Zypern - lplawyersfirm.com<\/title>\n<meta name=\"description\" content=\"Er\u00f6ffnen Sie eine Limited auf Zypern und profitieren Sie von den niedrigen Steuern. Unsere Anw\u00e4lte begleiten Sie im Gr\u00fcndungsprozess.\" \/>\n<meta name=\"robots\" content=\"index, follow, max-snippet:-1, max-image-preview:large, max-video-preview:-1\" \/>\n<link rel=\"canonical\" href=\"https:\/\/lplawyersfirm.com\/de\/cyprus\/limited-gesellschaft-in-zypern\/\" \/>\n<meta property=\"og:locale\" content=\"de_DE\" \/>\n<meta property=\"og:type\" content=\"article\" \/>\n<meta property=\"og:title\" content=\"Limited-Gesellschaft in Zypern - lplawyersfirm.com\" \/>\n<meta property=\"og:description\" content=\"Er\u00f6ffnen Sie eine Limited auf Zypern und profitieren Sie von den niedrigen Steuern. Unsere Anw\u00e4lte begleiten Sie im Gr\u00fcndungsprozess.\" \/>\n<meta property=\"og:url\" content=\"https:\/\/lplawyersfirm.com\/de\/cyprus\/limited-gesellschaft-in-zypern\/\" \/>\n<meta property=\"og:site_name\" content=\"lplawyersfirm.com\" \/>\n<meta property=\"article:publisher\" content=\"https:\/\/www.facebook.com\/lplawyersfirm\" \/>\n<meta property=\"article:modified_time\" content=\"2024-10-07T17:29:42+00:00\" \/>\n<meta name=\"twitter:card\" content=\"summary_large_image\" \/>\n<meta name=\"twitter:label1\" content=\"Gesch\u00e4tzte Lesezeit\" \/>\n\t<meta name=\"twitter:data1\" content=\"4\u00a0Minuten\" \/>\n<script type=\"application\/ld+json\" class=\"yoast-schema-graph\">{\"@context\":\"https:\/\/schema.org\",\"@graph\":[{\"@type\":\"WebPage\",\"@id\":\"https:\/\/lplawyersfirm.com\/de\/cyprus\/limited-gesellschaft-in-zypern\/\",\"url\":\"https:\/\/lplawyersfirm.com\/de\/cyprus\/limited-gesellschaft-in-zypern\/\",\"name\":\"Limited-Gesellschaft in Zypern - lplawyersfirm.com\",\"isPartOf\":{\"@id\":\"https:\/\/lplawyersfirm.com\/de\/#website\"},\"datePublished\":\"2023-03-17T00:19:51+00:00\",\"dateModified\":\"2024-10-07T17:29:42+00:00\",\"description\":\"Er\u00f6ffnen Sie eine Limited auf Zypern und profitieren Sie von den niedrigen Steuern. Unsere Anw\u00e4lte begleiten Sie im Gr\u00fcndungsprozess.\",\"breadcrumb\":{\"@id\":\"https:\/\/lplawyersfirm.com\/de\/cyprus\/limited-gesellschaft-in-zypern\/#breadcrumb\"},\"inLanguage\":\"de\",\"potentialAction\":[{\"@type\":\"ReadAction\",\"target\":[\"https:\/\/lplawyersfirm.com\/de\/cyprus\/limited-gesellschaft-in-zypern\/\"]}]},{\"@type\":\"BreadcrumbList\",\"@id\":\"https:\/\/lplawyersfirm.com\/de\/cyprus\/limited-gesellschaft-in-zypern\/#breadcrumb\",\"itemListElement\":[{\"@type\":\"ListItem\",\"position\":1,\"name\":\"Home\",\"item\":\"https:\/\/lplawyersfirm.com\/de\/\"},{\"@type\":\"ListItem\",\"position\":2,\"name\":\"Zypern\",\"item\":\"https:\/\/lplawyersfirm.com\/de\/cyprus\/\"},{\"@type\":\"ListItem\",\"position\":3,\"name\":\"Limited-Gesellschaft in Zypern\"}]},{\"@type\":\"WebSite\",\"@id\":\"https:\/\/lplawyersfirm.com\/de\/#website\",\"url\":\"https:\/\/lplawyersfirm.com\/de\/\",\"name\":\"https:\/\/www.lplawyersfirm.com\",\"description\":\"Papasavvas &amp; Liskavidou LLC - Expert Commercial Law Fir\",\"publisher\":{\"@id\":\"https:\/\/lplawyersfirm.com\/de\/#organization\"},\"potentialAction\":[{\"@type\":\"SearchAction\",\"target\":{\"@type\":\"EntryPoint\",\"urlTemplate\":\"https:\/\/lplawyersfirm.com\/de\/?s={search_term_string}\"},\"query-input\":{\"@type\":\"PropertyValueSpecification\",\"valueRequired\":true,\"valueName\":\"search_term_string\"}}],\"inLanguage\":\"de\"},{\"@type\":\"Organization\",\"@id\":\"https:\/\/lplawyersfirm.com\/de\/#organization\",\"name\":\"Papasavvas and Liskavidou\u00a0LLC\",\"url\":\"https:\/\/lplawyersfirm.com\/de\/\",\"logo\":{\"@type\":\"ImageObject\",\"inLanguage\":\"de\",\"@id\":\"https:\/\/lplawyersfirm.com\/de\/#\/schema\/logo\/image\/\",\"url\":\"https:\/\/lplawyersfirm.com\/wp-content\/uploads\/2021\/04\/logo-lpllc-white-270.png\",\"contentUrl\":\"https:\/\/lplawyersfirm.com\/wp-content\/uploads\/2021\/04\/logo-lpllc-white-270.png\",\"width\":270,\"height\":43,\"caption\":\"Papasavvas and Liskavidou\u00a0LLC\"},\"image\":{\"@id\":\"https:\/\/lplawyersfirm.com\/de\/#\/schema\/logo\/image\/\"},\"sameAs\":[\"https:\/\/www.facebook.com\/lplawyersfirm\"]}]}<\/script>\n<!-- \/ Yoast SEO plugin. -->","yoast_head_json":{"title":"Limited-Gesellschaft in Zypern - lplawyersfirm.com","description":"Er\u00f6ffnen Sie eine Limited auf Zypern und profitieren Sie von den niedrigen Steuern. Unsere Anw\u00e4lte begleiten Sie im Gr\u00fcndungsprozess.","robots":{"index":"index","follow":"follow","max-snippet":"max-snippet:-1","max-image-preview":"max-image-preview:large","max-video-preview":"max-video-preview:-1"},"canonical":"https:\/\/lplawyersfirm.com\/de\/cyprus\/limited-gesellschaft-in-zypern\/","og_locale":"de_DE","og_type":"article","og_title":"Limited-Gesellschaft in Zypern - lplawyersfirm.com","og_description":"Er\u00f6ffnen Sie eine Limited auf Zypern und profitieren Sie von den niedrigen Steuern. Unsere Anw\u00e4lte begleiten Sie im Gr\u00fcndungsprozess.","og_url":"https:\/\/lplawyersfirm.com\/de\/cyprus\/limited-gesellschaft-in-zypern\/","og_site_name":"lplawyersfirm.com","article_publisher":"https:\/\/www.facebook.com\/lplawyersfirm","article_modified_time":"2024-10-07T17:29:42+00:00","twitter_card":"summary_large_image","twitter_misc":{"Gesch\u00e4tzte Lesezeit":"4\u00a0Minuten"},"schema":{"@context":"https:\/\/schema.org","@graph":[{"@type":"WebPage","@id":"https:\/\/lplawyersfirm.com\/de\/cyprus\/limited-gesellschaft-in-zypern\/","url":"https:\/\/lplawyersfirm.com\/de\/cyprus\/limited-gesellschaft-in-zypern\/","name":"Limited-Gesellschaft in Zypern - lplawyersfirm.com","isPartOf":{"@id":"https:\/\/lplawyersfirm.com\/de\/#website"},"datePublished":"2023-03-17T00:19:51+00:00","dateModified":"2024-10-07T17:29:42+00:00","description":"Er\u00f6ffnen Sie eine Limited auf Zypern und profitieren Sie von den niedrigen Steuern. Unsere Anw\u00e4lte begleiten Sie im Gr\u00fcndungsprozess.","breadcrumb":{"@id":"https:\/\/lplawyersfirm.com\/de\/cyprus\/limited-gesellschaft-in-zypern\/#breadcrumb"},"inLanguage":"de","potentialAction":[{"@type":"ReadAction","target":["https:\/\/lplawyersfirm.com\/de\/cyprus\/limited-gesellschaft-in-zypern\/"]}]},{"@type":"BreadcrumbList","@id":"https:\/\/lplawyersfirm.com\/de\/cyprus\/limited-gesellschaft-in-zypern\/#breadcrumb","itemListElement":[{"@type":"ListItem","position":1,"name":"Home","item":"https:\/\/lplawyersfirm.com\/de\/"},{"@type":"ListItem","position":2,"name":"Zypern","item":"https:\/\/lplawyersfirm.com\/de\/cyprus\/"},{"@type":"ListItem","position":3,"name":"Limited-Gesellschaft in Zypern"}]},{"@type":"WebSite","@id":"https:\/\/lplawyersfirm.com\/de\/#website","url":"https:\/\/lplawyersfirm.com\/de\/","name":"https:\/\/www.lplawyersfirm.com","description":"Papasavvas &amp; Liskavidou LLC - Expert Commercial Law Fir","publisher":{"@id":"https:\/\/lplawyersfirm.com\/de\/#organization"},"potentialAction":[{"@type":"SearchAction","target":{"@type":"EntryPoint","urlTemplate":"https:\/\/lplawyersfirm.com\/de\/?s={search_term_string}"},"query-input":{"@type":"PropertyValueSpecification","valueRequired":true,"valueName":"search_term_string"}}],"inLanguage":"de"},{"@type":"Organization","@id":"https:\/\/lplawyersfirm.com\/de\/#organization","name":"Papasavvas and Liskavidou\u00a0LLC","url":"https:\/\/lplawyersfirm.com\/de\/","logo":{"@type":"ImageObject","inLanguage":"de","@id":"https:\/\/lplawyersfirm.com\/de\/#\/schema\/logo\/image\/","url":"https:\/\/lplawyersfirm.com\/wp-content\/uploads\/2021\/04\/logo-lpllc-white-270.png","contentUrl":"https:\/\/lplawyersfirm.com\/wp-content\/uploads\/2021\/04\/logo-lpllc-white-270.png","width":270,"height":43,"caption":"Papasavvas and Liskavidou\u00a0LLC"},"image":{"@id":"https:\/\/lplawyersfirm.com\/de\/#\/schema\/logo\/image\/"},"sameAs":["https:\/\/www.facebook.com\/lplawyersfirm"]}]}},"_links":{"self":[{"href":"https:\/\/lplawyersfirm.com\/de\/wp-json\/wp\/v2\/pages\/118817"}],"collection":[{"href":"https:\/\/lplawyersfirm.com\/de\/wp-json\/wp\/v2\/pages"}],"about":[{"href":"https:\/\/lplawyersfirm.com\/de\/wp-json\/wp\/v2\/types\/page"}],"author":[{"embeddable":true,"href":"https:\/\/lplawyersfirm.com\/de\/wp-json\/wp\/v2\/users\/6"}],"replies":[{"embeddable":true,"href":"https:\/\/lplawyersfirm.com\/de\/wp-json\/wp\/v2\/comments?post=118817"}],"version-history":[{"count":21,"href":"https:\/\/lplawyersfirm.com\/de\/wp-json\/wp\/v2\/pages\/118817\/revisions"}],"predecessor-version":[{"id":119643,"href":"https:\/\/lplawyersfirm.com\/de\/wp-json\/wp\/v2\/pages\/118817\/revisions\/119643"}],"up":[{"embeddable":true,"href":"https:\/\/lplawyersfirm.com\/de\/wp-json\/wp\/v2\/pages\/118727"}],"wp:attachment":[{"href":"https:\/\/lplawyersfirm.com\/de\/wp-json\/wp\/v2\/media?parent=118817"}],"curies":[{"name":"wp","href":"https:\/\/api.w.org\/{rel}","templated":true}]}}