{"id":118812,"date":"2023-03-17T00:15:38","date_gmt":"2023-03-17T00:15:38","guid":{"rendered":"https:\/\/lplawyersfirm.com\/cyprus\/non-dom-status-and-taxes\/"},"modified":"2024-10-07T17:30:38","modified_gmt":"2024-10-07T17:30:38","slug":"personenstandsrecht-und-steuern","status":"publish","type":"page","link":"https:\/\/lplawyersfirm.com\/de\/cyprus\/personenstandsrecht-und-steuern\/","title":{"rendered":"Non-Dom Status und Steuern"},"content":{"rendered":"<p><section id=\"bt_bb_section69dc308e1e70a\" class=\"bt_bb_section bt_bb_color_scheme_1 bt_bb_layout_boxed_1200 bt_bb_vertical_align_top bt_bb_top_spacing_extra_large bt_bb_bottom_spacing_extra_large\" style=\"; --section-primary-color:#ffffff; --section-secondary-color:#191919;;background-color:rgb(255,255,255);\" data-bt-override-class=\"null\"><div class=\"bt_bb_background_image_holder_wrapper\"><div class=\"bt_bb_background_image_holder bt_bb_parallax\"  data-parallax=\"0.7\" data-parallax-offset=\"0\" data-parallax-zoom-start=\"1\" data-parallax-zoom-end=\"1\" data-parallax-blur-start=\"0\" data-parallax-blur-end=\"0\" data-parallax-opacity-start=\"1\" data-parallax-opacity-end=\"1\" style=\" background-image:url(&#039;https:\/\/lplawyersfirm.com\/wp-content\/uploads\/2022\/07\/eagle-crop-1.jpg&#039;);\"><\/div><\/div><div class=\"bt_bb_port\"><div class=\"bt_bb_cell\"><div class=\"bt_bb_cell_inner\"><div class=\"bt_bb_row \"  data-bt-override-class=\"{}\"><div class=\"bt_bb_row_holder\" ><div  class=\"bt_bb_column col-xl-2 bt_bb_align_left bt_bb_padding_normal\"  data-width=\"2\" data-bt-override-class=\"{}\"><div class=\"bt_bb_column_content bt_bb_vertical_align_top bt_bb_color_scheme_\"><div class=\"bt_bb_column_content_inner\"><\/div><\/div><\/div><div  class=\"bt_bb_column col-xl-8 bt_bb_align_center bt_bb_padding_normal\"  data-width=\"8\" data-bt-override-class=\"{}\"><div class=\"bt_bb_column_content bt_bb_vertical_align_bottom bt_bb_color_scheme_\"><div class=\"bt_bb_column_content_inner\"><div class=\"bt_bb_separator bt_bb_border_style_none bt_bb_bottom_spacing_medium\" data-bt-override-class=\"null\"><\/div><header class=\"bt_bb_headline bt_bb_subheadline_text_transform_default bt_bb_dash_none bt_bb_size_extrahuge bt_bb_align_inherit\" data-bt-override-class=\"{&quot;bt_bb_align_&quot;:{&quot;current_class&quot;:&quot;bt_bb_align_inherit&quot;,&quot;def&quot;:&quot;inherit&quot;,&quot;xl&quot;:&quot;inherit&quot;}}\"><h1 class=\"bt_bb_headline_tag\"><span class=\"bt_bb_headline_content\"><span>Non-Dom Status und Steuern<\/span><\/span><\/h1><\/header><div class=\"bt_bb_separator bt_bb_border_style_none bt_bb_bottom_spacing_small\" data-bt-override-class=\"null\"><\/div><\/div><\/div><\/div><div  class=\"bt_bb_column col-xl-2 bt_bb_align_left bt_bb_padding_normal\"  data-width=\"2\" data-bt-override-class=\"{}\"><div class=\"bt_bb_column_content bt_bb_vertical_align_top bt_bb_color_scheme_\"><div class=\"bt_bb_column_content_inner\"><\/div><\/div><\/div><\/div><\/div><\/div><!-- cell_inner --><\/div><!-- cell --><\/div><!-- port --><\/section><section id=\"bt_bb_section69dc308e1ea39\" class=\"bt_bb_section bt_bb_layout_boxed_1200 bt_bb_vertical_align_top bt_bb_top_spacing_medium bt_bb_bottom_spacing_large\"  data-bt-override-class=\"null\"><div class=\"bt_bb_port\"><div class=\"bt_bb_cell\"><div class=\"bt_bb_cell_inner\"><div class=\"bt_bb_row \"  data-bt-override-class=\"{}\"><div class=\"bt_bb_row_holder\" ><div  class=\"bt_bb_column col-xl-8 bt_bb_align_left bt_bb_padding_normal\"  data-width=\"8\" data-bt-override-class=\"{}\"><div class=\"bt_bb_column_content bt_bb_vertical_align_top bt_bb_color_scheme_\"><div class=\"bt_bb_column_content_inner\"><div  class=\"bt_bb_text\" ><\/p>\n<p>Der <strong>Non-Dom-Status<\/strong> ist der Schl\u00fcssel, um von den niedrigen Steuers\u00e4tzen zu profitieren, die f\u00fcr ausl\u00e4ndische Staatsb\u00fcrger eingef\u00fchrt wurden, die eine Limited (Gesellschaft mit beschr\u00e4nkter Haftung, kurz GmbH) in <strong>Zypern<\/strong> er\u00f6ffnen.<\/p>\n<p>Tats\u00e4chlich ist <strong>Zypern<\/strong> sehr unternehmensfreundlich und ermutigt mit dem <strong>Non-Dom Status<\/strong> auch besonders kleine Unternehmen, Freiberufler sowie mittlere Unternehmen, sich nach <strong>Zypern<\/strong> umzusiedeln und von ihrem Steuersystem zu profitieren.<\/p>\n<h2>Was ist der Non-Dom Status?<\/h2>\n<p>Der Non-Dom Status ist ein offizieller Status der Regierung, den ausl\u00e4ndische nat\u00fcrliche Personen in <strong>Zypern<\/strong> beantragen k\u00f6nnen. Der Inhaber dieses Status profitiert in den n\u00e4chsten 17 Jahren von 0% Steuern (Einkommenssteuern) auf die Dividenden, die er sich \u00fcber seine Limited ausbezahlt.<\/p>\n<p>Neben der Gewerbesteuer von 12,5% auf die Unternehmenseinnahmen Ihrer Limited fallen Sozialversicherungsbeitr\u00e4ge an, die Ihre Krankenversicherung \u201eGESY\u201c abdecken.<\/p>\n<p>Im Vergleich zu anderen europ\u00e4ischen L\u00e4ndern sind die Steuers\u00e4tze sehr niedrig und die Steuervorteile sehr hoch \u2013 stellen Sie sich vor, wie viel Steuern Sie in 17 Jahren im Vergleich zu Ihrem Heimatland sparen k\u00f6nnen.<\/p>\n<p>Gerne beantworten wir Ihre Fragen wie sich alles im Detail zusammensetzt.<\/p>\n<h2>Wie erhalte ich den Non-Dom Status?\u00a0<\/h2>\n<p>Um den Non-Dom-Status zu erhalten, m\u00fcssen Sie folgende Kriterien\u00a0erf\u00fcllen:<\/p>\n<ul>\n<li>Sie haben bereits den <strong>Yellow Slip<\/strong> erhalten (siehe Abschnitt \u201e<a href=\"https:\/\/lplawyersfirm.com\/de\/cyprus\/non-dom-status-und-steuern\/\">Wie man nach Zypern einwandert<\/a>\u201c)<\/li>\n<li>Sie k\u00f6nnen nachweisen, dass Sie l\u00e4nger als 4 Monate auf <strong>Zypern<\/strong> leben. Hier ist zwingend eine Immobilie (Miete oder Kauf) erforderlich, die Ihnen die Stromrechnungen sowie die Wasserrechnungen als Nachweis generiert.<\/li>\n<li>Der Nachweis Ihrer pers\u00f6nlichen Steuerbescheinigung zusammen mit den Sozialversicherungsbeitr\u00e4gen (Ihre Limited muss l\u00e4nger als 2 Monate bestehen).<\/li>\n<li>Keiner Ihrer Elternteile darf die zypriotische Staatsb\u00fcrgerschaft besitzen.<\/li>\n<li>Ihre Geburtsurkunde muss als Kopie vorgelegt werden.<\/li>\n<\/ul>\n<h2>Wie behalte ich den Non-Dom Status?<\/h2>\n<ul>\n<li>Um den <strong>Non-Dom Status<\/strong> aufrecht zu erhalten, m\u00fcssen Sie konsequent nachweisen, dass Sie auf Zypern leben.<\/li>\n<li>Dar\u00fcber hinaus m\u00fcssen Sie nachweisen k\u00f6nnen, dass Sie sich jedes Jahr mindestens 60 Tage im Kalenderjahr in Zypern aufhalten.<\/li>\n<li>Bitte beachten Sie, dass andere europ\u00e4ische L\u00e4nder, z.B. Ihr Heimatland, Regeln und Steuervorschriften zur Verbleibedauer angeben, die eingehalten werden m\u00fcssen, um nicht doppelt besteuert zu werden.<\/li>\n<\/ul>\n<p>Worauf hier zu achten ist, wie welche Nachweise erbracht werden, erl\u00e4utern wir Ihnen gerne im pers\u00f6nlichen Gespr\u00e4ch.<\/p>\n<p>Da das Auswandern nicht nur aus Steuervorteilen besteht, stehen wir Ihnen nat\u00fcrlich nicht nur mit der vollen Unterst\u00fctzung bei der b\u00fcrokratischen Einwanderung zur Seite, sondern mit all unserem Wissen. Eine Auswanderung beginnt schlie\u00dflich bereits in Ihrem Heimatland in dem es ebenfalls viel zu beachten gibt, um b\u00f6se \u00dcberraschungen zu vermeiden.<\/p>\n<p>Wir freuen uns von Ihnen zu h\u00f6ren.<\/p>\n<p>\n<\/div><\/div><\/div><\/div><div  class=\"bt_bb_column col-xl-4 bt_bb_align_left bt_bb_padding_normal\"  data-width=\"4\" data-bt-override-class=\"{}\"><div class=\"bt_bb_column_content bt_bb_vertical_align_top bt_bb_color_scheme_\"><div class=\"bt_bb_column_content_inner\"><div  class=\"bt_bb_text\" ><\/p>\n<h5>Fragen Sie unser Team der Einwanderungsberatung (geb\u00fchrenfrei)!<\/h5>\n<p>Egal welche Frage Sie haben, schreiben Sie uns eine schnelle Whatsapp.<\/p>\n<p>\n<\/div><div class=\"bt_bb_separator bt_bb_border_style_none bt_bb_bottom_spacing_small\" data-bt-override-class=\"null\"><\/div><div  class=\"bt_bb_text\" ><\/p>\n<p><span style=\"color: #353535\">Team Einwanderungsberatung<br \/>Telefon: +35796742400\u00a0(Beratung geb\u00fchrenfrei)<br \/>Kontaktieren Sie uns per Whatsapp (Beratung geb\u00fchrenfrei)<br \/><\/span><\/p>\n<p>Email: immigration@lplawyersfirm.com<\/p>\n<p>\n<\/div><div class=\"bt_bb_separator bt_bb_border_style_none bt_bb_bottom_spacing_small\" data-bt-override-class=\"null\"><\/div><div class=\"bt_bb_separator bt_bb_border_style_none bt_bb_bottom_spacing_medium\" data-bt-override-class=\"null\"><\/div><\/div><\/div><\/div><\/div><\/div><\/div><!-- cell_inner --><\/div><!-- cell --><\/div><!-- port --><\/section><\/p>\n","protected":false},"excerpt":{"rendered":"","protected":false},"author":6,"featured_media":0,"parent":118727,"menu_order":0,"comment_status":"closed","ping_status":"closed","template":"","meta":{"footnotes":""},"class_list":["post-118812","page","type-page","status-publish","hentry"],"yoast_head":"<!-- This site is optimized with the Yoast SEO plugin v24.5 - https:\/\/yoast.com\/wordpress\/plugins\/seo\/ -->\n<title>Non-Dom Status und Steuern - lplawyersfirm.com<\/title>\n<meta name=\"description\" content=\"Entdecken Sie die Vorteile des Non-Dom-Status in Zypern f\u00fcr ausl\u00e4ndische Staatsangeh\u00f6rige, die ein Unternehmen als Limited gr\u00fcnden. Optimieren Sie Ihre finanzielle Situation und profitieren Sie von niedrigen Steuers\u00e4tzen. Kontaktieren Sie uns f\u00fcr eine rechtssichere Beratung.\" \/>\n<meta name=\"robots\" content=\"index, follow, max-snippet:-1, max-image-preview:large, max-video-preview:-1\" \/>\n<link rel=\"canonical\" href=\"https:\/\/lplawyersfirm.com\/de\/cyprus\/personenstandsrecht-und-steuern\/\" \/>\n<meta property=\"og:locale\" content=\"de_DE\" \/>\n<meta property=\"og:type\" content=\"article\" \/>\n<meta property=\"og:title\" content=\"Non-Dom Status und Steuern - lplawyersfirm.com\" \/>\n<meta property=\"og:description\" content=\"Entdecken Sie die Vorteile des Non-Dom-Status in Zypern f\u00fcr ausl\u00e4ndische Staatsangeh\u00f6rige, die ein Unternehmen als Limited gr\u00fcnden. Optimieren Sie Ihre finanzielle Situation und profitieren Sie von niedrigen Steuers\u00e4tzen. Kontaktieren Sie uns f\u00fcr eine rechtssichere Beratung.\" \/>\n<meta property=\"og:url\" content=\"https:\/\/lplawyersfirm.com\/de\/cyprus\/personenstandsrecht-und-steuern\/\" \/>\n<meta property=\"og:site_name\" content=\"lplawyersfirm.com\" \/>\n<meta property=\"article:publisher\" content=\"https:\/\/www.facebook.com\/lplawyersfirm\" \/>\n<meta property=\"article:modified_time\" content=\"2024-10-07T17:30:38+00:00\" \/>\n<meta name=\"twitter:card\" content=\"summary_large_image\" \/>\n<meta name=\"twitter:label1\" content=\"Gesch\u00e4tzte Lesezeit\" \/>\n\t<meta name=\"twitter:data1\" content=\"4\u00a0Minuten\" \/>\n<script type=\"application\/ld+json\" class=\"yoast-schema-graph\">{\"@context\":\"https:\/\/schema.org\",\"@graph\":[{\"@type\":\"WebPage\",\"@id\":\"https:\/\/lplawyersfirm.com\/de\/cyprus\/personenstandsrecht-und-steuern\/\",\"url\":\"https:\/\/lplawyersfirm.com\/de\/cyprus\/personenstandsrecht-und-steuern\/\",\"name\":\"Non-Dom Status und Steuern - lplawyersfirm.com\",\"isPartOf\":{\"@id\":\"https:\/\/lplawyersfirm.com\/de\/#website\"},\"datePublished\":\"2023-03-17T00:15:38+00:00\",\"dateModified\":\"2024-10-07T17:30:38+00:00\",\"description\":\"Entdecken Sie die Vorteile des Non-Dom-Status in Zypern f\u00fcr ausl\u00e4ndische Staatsangeh\u00f6rige, die ein Unternehmen als Limited gr\u00fcnden. Optimieren Sie Ihre finanzielle Situation und profitieren Sie von niedrigen Steuers\u00e4tzen. Kontaktieren Sie uns f\u00fcr eine rechtssichere Beratung.\",\"breadcrumb\":{\"@id\":\"https:\/\/lplawyersfirm.com\/de\/cyprus\/personenstandsrecht-und-steuern\/#breadcrumb\"},\"inLanguage\":\"de\",\"potentialAction\":[{\"@type\":\"ReadAction\",\"target\":[\"https:\/\/lplawyersfirm.com\/de\/cyprus\/personenstandsrecht-und-steuern\/\"]}]},{\"@type\":\"BreadcrumbList\",\"@id\":\"https:\/\/lplawyersfirm.com\/de\/cyprus\/personenstandsrecht-und-steuern\/#breadcrumb\",\"itemListElement\":[{\"@type\":\"ListItem\",\"position\":1,\"name\":\"Home\",\"item\":\"https:\/\/lplawyersfirm.com\/de\/\"},{\"@type\":\"ListItem\",\"position\":2,\"name\":\"Zypern\",\"item\":\"https:\/\/lplawyersfirm.com\/de\/cyprus\/\"},{\"@type\":\"ListItem\",\"position\":3,\"name\":\"Non-Dom Status und Steuern\"}]},{\"@type\":\"WebSite\",\"@id\":\"https:\/\/lplawyersfirm.com\/de\/#website\",\"url\":\"https:\/\/lplawyersfirm.com\/de\/\",\"name\":\"https:\/\/www.lplawyersfirm.com\",\"description\":\"Papasavvas &amp; Liskavidou LLC - Expert Commercial Law Fir\",\"publisher\":{\"@id\":\"https:\/\/lplawyersfirm.com\/de\/#organization\"},\"potentialAction\":[{\"@type\":\"SearchAction\",\"target\":{\"@type\":\"EntryPoint\",\"urlTemplate\":\"https:\/\/lplawyersfirm.com\/de\/?s={search_term_string}\"},\"query-input\":{\"@type\":\"PropertyValueSpecification\",\"valueRequired\":true,\"valueName\":\"search_term_string\"}}],\"inLanguage\":\"de\"},{\"@type\":\"Organization\",\"@id\":\"https:\/\/lplawyersfirm.com\/de\/#organization\",\"name\":\"Papasavvas and Liskavidou\u00a0LLC\",\"url\":\"https:\/\/lplawyersfirm.com\/de\/\",\"logo\":{\"@type\":\"ImageObject\",\"inLanguage\":\"de\",\"@id\":\"https:\/\/lplawyersfirm.com\/de\/#\/schema\/logo\/image\/\",\"url\":\"https:\/\/lplawyersfirm.com\/wp-content\/uploads\/2021\/04\/logo-lpllc-white-270.png\",\"contentUrl\":\"https:\/\/lplawyersfirm.com\/wp-content\/uploads\/2021\/04\/logo-lpllc-white-270.png\",\"width\":270,\"height\":43,\"caption\":\"Papasavvas and Liskavidou\u00a0LLC\"},\"image\":{\"@id\":\"https:\/\/lplawyersfirm.com\/de\/#\/schema\/logo\/image\/\"},\"sameAs\":[\"https:\/\/www.facebook.com\/lplawyersfirm\"]}]}<\/script>\n<!-- \/ Yoast SEO plugin. -->","yoast_head_json":{"title":"Non-Dom Status und Steuern - lplawyersfirm.com","description":"Entdecken Sie die Vorteile des Non-Dom-Status in Zypern f\u00fcr ausl\u00e4ndische Staatsangeh\u00f6rige, die ein Unternehmen als Limited gr\u00fcnden. Optimieren Sie Ihre finanzielle Situation und profitieren Sie von niedrigen Steuers\u00e4tzen. Kontaktieren Sie uns f\u00fcr eine rechtssichere Beratung.","robots":{"index":"index","follow":"follow","max-snippet":"max-snippet:-1","max-image-preview":"max-image-preview:large","max-video-preview":"max-video-preview:-1"},"canonical":"https:\/\/lplawyersfirm.com\/de\/cyprus\/personenstandsrecht-und-steuern\/","og_locale":"de_DE","og_type":"article","og_title":"Non-Dom Status und Steuern - lplawyersfirm.com","og_description":"Entdecken Sie die Vorteile des Non-Dom-Status in Zypern f\u00fcr ausl\u00e4ndische Staatsangeh\u00f6rige, die ein Unternehmen als Limited gr\u00fcnden. Optimieren Sie Ihre finanzielle Situation und profitieren Sie von niedrigen Steuers\u00e4tzen. Kontaktieren Sie uns f\u00fcr eine rechtssichere Beratung.","og_url":"https:\/\/lplawyersfirm.com\/de\/cyprus\/personenstandsrecht-und-steuern\/","og_site_name":"lplawyersfirm.com","article_publisher":"https:\/\/www.facebook.com\/lplawyersfirm","article_modified_time":"2024-10-07T17:30:38+00:00","twitter_card":"summary_large_image","twitter_misc":{"Gesch\u00e4tzte Lesezeit":"4\u00a0Minuten"},"schema":{"@context":"https:\/\/schema.org","@graph":[{"@type":"WebPage","@id":"https:\/\/lplawyersfirm.com\/de\/cyprus\/personenstandsrecht-und-steuern\/","url":"https:\/\/lplawyersfirm.com\/de\/cyprus\/personenstandsrecht-und-steuern\/","name":"Non-Dom Status und Steuern - lplawyersfirm.com","isPartOf":{"@id":"https:\/\/lplawyersfirm.com\/de\/#website"},"datePublished":"2023-03-17T00:15:38+00:00","dateModified":"2024-10-07T17:30:38+00:00","description":"Entdecken Sie die Vorteile des Non-Dom-Status in Zypern f\u00fcr ausl\u00e4ndische Staatsangeh\u00f6rige, die ein Unternehmen als Limited gr\u00fcnden. Optimieren Sie Ihre finanzielle Situation und profitieren Sie von niedrigen Steuers\u00e4tzen. Kontaktieren Sie uns f\u00fcr eine rechtssichere Beratung.","breadcrumb":{"@id":"https:\/\/lplawyersfirm.com\/de\/cyprus\/personenstandsrecht-und-steuern\/#breadcrumb"},"inLanguage":"de","potentialAction":[{"@type":"ReadAction","target":["https:\/\/lplawyersfirm.com\/de\/cyprus\/personenstandsrecht-und-steuern\/"]}]},{"@type":"BreadcrumbList","@id":"https:\/\/lplawyersfirm.com\/de\/cyprus\/personenstandsrecht-und-steuern\/#breadcrumb","itemListElement":[{"@type":"ListItem","position":1,"name":"Home","item":"https:\/\/lplawyersfirm.com\/de\/"},{"@type":"ListItem","position":2,"name":"Zypern","item":"https:\/\/lplawyersfirm.com\/de\/cyprus\/"},{"@type":"ListItem","position":3,"name":"Non-Dom Status und Steuern"}]},{"@type":"WebSite","@id":"https:\/\/lplawyersfirm.com\/de\/#website","url":"https:\/\/lplawyersfirm.com\/de\/","name":"https:\/\/www.lplawyersfirm.com","description":"Papasavvas &amp; Liskavidou LLC - Expert Commercial Law Fir","publisher":{"@id":"https:\/\/lplawyersfirm.com\/de\/#organization"},"potentialAction":[{"@type":"SearchAction","target":{"@type":"EntryPoint","urlTemplate":"https:\/\/lplawyersfirm.com\/de\/?s={search_term_string}"},"query-input":{"@type":"PropertyValueSpecification","valueRequired":true,"valueName":"search_term_string"}}],"inLanguage":"de"},{"@type":"Organization","@id":"https:\/\/lplawyersfirm.com\/de\/#organization","name":"Papasavvas and Liskavidou\u00a0LLC","url":"https:\/\/lplawyersfirm.com\/de\/","logo":{"@type":"ImageObject","inLanguage":"de","@id":"https:\/\/lplawyersfirm.com\/de\/#\/schema\/logo\/image\/","url":"https:\/\/lplawyersfirm.com\/wp-content\/uploads\/2021\/04\/logo-lpllc-white-270.png","contentUrl":"https:\/\/lplawyersfirm.com\/wp-content\/uploads\/2021\/04\/logo-lpllc-white-270.png","width":270,"height":43,"caption":"Papasavvas and Liskavidou\u00a0LLC"},"image":{"@id":"https:\/\/lplawyersfirm.com\/de\/#\/schema\/logo\/image\/"},"sameAs":["https:\/\/www.facebook.com\/lplawyersfirm"]}]}},"_links":{"self":[{"href":"https:\/\/lplawyersfirm.com\/de\/wp-json\/wp\/v2\/pages\/118812"}],"collection":[{"href":"https:\/\/lplawyersfirm.com\/de\/wp-json\/wp\/v2\/pages"}],"about":[{"href":"https:\/\/lplawyersfirm.com\/de\/wp-json\/wp\/v2\/types\/page"}],"author":[{"embeddable":true,"href":"https:\/\/lplawyersfirm.com\/de\/wp-json\/wp\/v2\/users\/6"}],"replies":[{"embeddable":true,"href":"https:\/\/lplawyersfirm.com\/de\/wp-json\/wp\/v2\/comments?post=118812"}],"version-history":[{"count":27,"href":"https:\/\/lplawyersfirm.com\/de\/wp-json\/wp\/v2\/pages\/118812\/revisions"}],"predecessor-version":[{"id":119645,"href":"https:\/\/lplawyersfirm.com\/de\/wp-json\/wp\/v2\/pages\/118812\/revisions\/119645"}],"up":[{"embeddable":true,"href":"https:\/\/lplawyersfirm.com\/de\/wp-json\/wp\/v2\/pages\/118727"}],"wp:attachment":[{"href":"https:\/\/lplawyersfirm.com\/de\/wp-json\/wp\/v2\/media?parent=118812"}],"curies":[{"name":"wp","href":"https:\/\/api.w.org\/{rel}","templated":true}]}}