{"id":118806,"date":"2023-03-17T00:11:39","date_gmt":"2023-03-17T00:11:39","guid":{"rendered":"https:\/\/lplawyersfirm.com\/cyprus\/how-to-immigrate-to-cyprus\/"},"modified":"2025-02-22T12:57:40","modified_gmt":"2025-02-22T12:57:40","slug":"yellow-slip","status":"publish","type":"page","link":"https:\/\/lplawyersfirm.com\/de\/cyprus\/yellow-slip\/","title":{"rendered":"Yellow Slip"},"content":{"rendered":"<p><section id=\"bt_bb_section69effef130189\" class=\"bt_bb_section bt_bb_color_scheme_1 bt_bb_layout_boxed_1200 bt_bb_vertical_align_top bt_bb_top_spacing_extra_large bt_bb_bottom_spacing_extra_large\" style=\"; --section-primary-color:#ffffff; --section-secondary-color:#191919;;background-color:rgb(255,255,255);\" data-bt-override-class=\"null\"><div class=\"bt_bb_background_image_holder_wrapper\"><div class=\"bt_bb_background_image_holder bt_bb_parallax\"  data-parallax=\"0.7\" data-parallax-offset=\"0\" data-parallax-zoom-start=\"1\" data-parallax-zoom-end=\"1\" data-parallax-blur-start=\"0\" data-parallax-blur-end=\"0\" data-parallax-opacity-start=\"1\" data-parallax-opacity-end=\"1\" style=\" background-image:url(&#039;https:\/\/lplawyersfirm.com\/wp-content\/uploads\/2022\/07\/P23-R-Bottom123.jpg&#039;);\"><\/div><\/div><div class=\"bt_bb_port\"><div class=\"bt_bb_cell\"><div class=\"bt_bb_cell_inner\"><div class=\"bt_bb_row \"  data-bt-override-class=\"{}\"><div class=\"bt_bb_row_holder\" ><div  class=\"bt_bb_column col-xl-2 bt_bb_align_left bt_bb_padding_normal\"  data-width=\"2\" data-bt-override-class=\"{}\"><div class=\"bt_bb_column_content bt_bb_vertical_align_top bt_bb_color_scheme_\"><div class=\"bt_bb_column_content_inner\"><\/div><\/div><\/div><div  class=\"bt_bb_column col-xl-8 bt_bb_align_center bt_bb_padding_normal\"  data-width=\"8\" data-bt-override-class=\"{}\"><div class=\"bt_bb_column_content bt_bb_vertical_align_bottom bt_bb_color_scheme_\"><div class=\"bt_bb_column_content_inner\"><div class=\"bt_bb_separator bt_bb_border_style_none bt_bb_bottom_spacing_medium\" data-bt-override-class=\"null\"><\/div><header class=\"bt_bb_headline bt_bb_subheadline_text_transform_default bt_bb_dash_none bt_bb_size_extrahuge bt_bb_align_inherit\" data-bt-override-class=\"{&quot;bt_bb_align_&quot;:{&quot;current_class&quot;:&quot;bt_bb_align_inherit&quot;,&quot;def&quot;:&quot;inherit&quot;,&quot;xl&quot;:&quot;inherit&quot;}}\"><h1 class=\"bt_bb_headline_tag\"><span class=\"bt_bb_headline_content\"><span>Wie man nach Zypern einwandert (Yellow Slip)<\/span><\/span><\/h1><\/header><div class=\"bt_bb_separator bt_bb_border_style_none bt_bb_bottom_spacing_small\" data-bt-override-class=\"null\"><\/div><\/div><\/div><\/div><div  class=\"bt_bb_column col-xl-2 bt_bb_align_left bt_bb_padding_normal\"  data-width=\"2\" data-bt-override-class=\"{}\"><div class=\"bt_bb_column_content bt_bb_vertical_align_top bt_bb_color_scheme_\"><div class=\"bt_bb_column_content_inner\"><\/div><\/div><\/div><\/div><\/div><\/div><!-- cell_inner --><\/div><!-- cell --><\/div><!-- port --><\/section><section id=\"bt_bb_section69effef1305c4\" class=\"bt_bb_section bt_bb_layout_boxed_1200 bt_bb_vertical_align_top bt_bb_top_spacing_medium bt_bb_bottom_spacing_large\"  data-bt-override-class=\"null\"><div class=\"bt_bb_port\"><div class=\"bt_bb_cell\"><div class=\"bt_bb_cell_inner\"><div class=\"bt_bb_row \"  data-bt-override-class=\"{}\"><div class=\"bt_bb_row_holder\" ><div  class=\"bt_bb_column col-xl-8 bt_bb_align_left bt_bb_padding_normal\"  data-width=\"8\" data-bt-override-class=\"{}\"><div class=\"bt_bb_column_content bt_bb_vertical_align_top bt_bb_color_scheme_\"><div class=\"bt_bb_column_content_inner\"><div  class=\"bt_bb_text\" ><\/p>\n<p data-olk-copy-source=\"MessageBody\">Die Immigration ist der erste Schritt zur Einwanderung nach Zypern. Dabei spielt der sogenannte\u00a0<strong>Yellow Slip<\/strong>\u00a0eine zentrale Rolle.<\/p>\n<h3>Was ist der Yellow Slip?<\/h3>\n<p>Der\u00a0<strong>Yellow Slip<\/strong>\u00a0ist ein offizielles Dokument, das Ihnen das uneingeschr\u00e4nkte und dauerhafte Leben in Zypern erm\u00f6glicht. Mit Erhalt dieses Dokuments k\u00f6nnen Sie eine Firma gr\u00fcnden, Versicherungen abschlie\u00dfen, Wohnraum mieten oder kaufen und ohne Einschr\u00e4nkungen in Zypern leben und arbeiten. Kurz gesagt: Der Yellow Slip er\u00f6ffnet Ihnen alle M\u00f6glichkeiten, Ihr Leben in Zypern zu beginnen.<\/p>\n<h3>Wie beantrage ich den Yellow Slip?<\/h3>\n<p>Nachdem Sie uns kontaktiert haben, beantragen wir f\u00fcr Sie einen Termin beim zust\u00e4ndigen Amt. Die Terminvergabe erfolgt in der Regel innerhalb von ein bis drei Tagen.<\/p>\n<p>F\u00fcr diesen Termin ist Ihre pers\u00f6nliche Anwesenheit erforderlich. Wir begleiten und unterst\u00fctzen Sie selbstverst\u00e4ndlich an diesem wichtigen Tag. Vor Ort wird ein Passfoto von Ihnen aufgenommen, das sp\u00e4ter auf dem Yellow Slip erscheint.<\/p>\n<p>Nach etwa 30 Minuten halten Sie Ihr Dokument in den H\u00e4nden und k\u00f6nnen Ihr neues Leben in Zypern beginnen.<\/p>\n<h3>Welche Voraussetzungen m\u00fcssen erf\u00fcllt sein?<\/h3>\n<p>Um den Yellow Slip zu erhalten, ben\u00f6tigen Sie einen g\u00fcltigen Personalausweis oder Reisepass. Zudem m\u00fcssen Sozialversicherungsbeitr\u00e4ge nachgewiesen werden.<\/p>\n<p>Falls Sie Eigent\u00fcmer eines zypriotischen Unternehmens sind, m\u00fcssen mindestens zwei Sozialversicherungsbeitr\u00e4ge an die zypriotische Regierung gezahlt worden sein. Wenn Sie bereits l\u00e4nger als zwei Monate bei einem zypriotischen Unternehmen angestellt sind, wurden diese Beitr\u00e4ge automatisch \u00fcber Ihr Gehalt abgef\u00fchrt.<\/p>\n<p>Falls Sie noch keine Sozialversicherungsbeitr\u00e4ge gezahlt haben und sich selbstst\u00e4ndig machen m\u00f6chten, beispielsweise durch eine Limited (LTD), k\u00f6nnen wir diese Beitr\u00e4ge f\u00fcr Sie r\u00fcckwirkend entrichten. Dar\u00fcber hinaus gibt es weitere M\u00f6glichkeiten, die wir Ihnen gerne im Detail erl\u00e4utern.<\/p>\n<h3>Jetzt den Yellow Slip beantragen!<\/h3>\n<p>Sobald alle Anforderungen erf\u00fcllt sind, steht der Beantragung nichts mehr im Wege. Wir stehen Ihnen nicht nur in rechtlichen Fragen zur Seite \u2013 kontaktieren Sie uns, und wir k\u00fcmmern uns um den gesamten Prozess.<\/p>\n<p>\n<\/div><\/div><\/div><\/div><div  class=\"bt_bb_column col-xl-4 bt_bb_align_left bt_bb_padding_normal\"  data-width=\"4\" data-bt-override-class=\"{}\"><div class=\"bt_bb_column_content bt_bb_vertical_align_top bt_bb_color_scheme_\"><div class=\"bt_bb_column_content_inner\"><div  class=\"bt_bb_text\" ><\/p>\n<h5>Fragen Sie unser Team der Einwanderungsberatung (geb\u00fchrenfrei)!<\/h5>\n<p>Egal welche Frage Sie haben, schreiben Sie uns eine schnelle Whatsapp.<\/p>\n<p>\n<\/div><div class=\"bt_bb_separator bt_bb_border_style_none bt_bb_bottom_spacing_small\" data-bt-override-class=\"null\"><\/div><div  class=\"bt_bb_text\" ><\/p>\n<p><span style=\"color: #353535\">Team Einwanderungsberatung<br \/>Telefon: + 357 96742400 (Beratung geb\u00fchrenfrei) Kontaktieren Sie uns per Whatsapp (Beratung geb\u00fchrenfrei)<br \/>Email: immigration@lplawyersfirm.com<br \/><\/span><\/p>\n<p>\n<\/div><div class=\"bt_bb_separator bt_bb_border_style_none bt_bb_bottom_spacing_small\" data-bt-override-class=\"null\"><\/div><div class=\"bt_bb_separator bt_bb_border_style_none bt_bb_bottom_spacing_medium\" data-bt-override-class=\"null\"><\/div><\/div><\/div><\/div><\/div><\/div><\/div><!-- cell_inner --><\/div><!-- cell --><\/div><!-- port --><\/section><\/p>\n","protected":false},"excerpt":{"rendered":"","protected":false},"author":6,"featured_media":0,"parent":118727,"menu_order":0,"comment_status":"closed","ping_status":"closed","template":"","meta":{"footnotes":""},"class_list":["post-118806","page","type-page","status-publish","hentry"],"yoast_head":"<!-- This site is optimized with the Yoast SEO plugin v24.5 - https:\/\/yoast.com\/wordpress\/plugins\/seo\/ -->\n<title>Yellow Slip - lplawyersfirm.com<\/title>\n<meta name=\"robots\" content=\"index, follow, max-snippet:-1, max-image-preview:large, max-video-preview:-1\" \/>\n<link rel=\"canonical\" href=\"https:\/\/lplawyersfirm.com\/de\/cyprus\/yellow-slip\/\" \/>\n<meta property=\"og:locale\" content=\"de_DE\" \/>\n<meta property=\"og:type\" content=\"article\" \/>\n<meta property=\"og:title\" content=\"Yellow Slip - lplawyersfirm.com\" \/>\n<meta property=\"og:url\" content=\"https:\/\/lplawyersfirm.com\/de\/cyprus\/yellow-slip\/\" \/>\n<meta property=\"og:site_name\" content=\"lplawyersfirm.com\" \/>\n<meta property=\"article:publisher\" content=\"https:\/\/www.facebook.com\/lplawyersfirm\" \/>\n<meta property=\"article:modified_time\" content=\"2025-02-22T12:57:40+00:00\" \/>\n<meta name=\"twitter:card\" content=\"summary_large_image\" \/>\n<meta name=\"twitter:label1\" content=\"Gesch\u00e4tzte Lesezeit\" \/>\n\t<meta name=\"twitter:data1\" content=\"1\u00a0Minute\" \/>\n<script type=\"application\/ld+json\" class=\"yoast-schema-graph\">{\"@context\":\"https:\/\/schema.org\",\"@graph\":[{\"@type\":\"WebPage\",\"@id\":\"https:\/\/lplawyersfirm.com\/de\/cyprus\/yellow-slip\/\",\"url\":\"https:\/\/lplawyersfirm.com\/de\/cyprus\/yellow-slip\/\",\"name\":\"Yellow Slip - lplawyersfirm.com\",\"isPartOf\":{\"@id\":\"https:\/\/lplawyersfirm.com\/de\/#website\"},\"datePublished\":\"2023-03-17T00:11:39+00:00\",\"dateModified\":\"2025-02-22T12:57:40+00:00\",\"breadcrumb\":{\"@id\":\"https:\/\/lplawyersfirm.com\/de\/cyprus\/yellow-slip\/#breadcrumb\"},\"inLanguage\":\"de\",\"potentialAction\":[{\"@type\":\"ReadAction\",\"target\":[\"https:\/\/lplawyersfirm.com\/de\/cyprus\/yellow-slip\/\"]}]},{\"@type\":\"BreadcrumbList\",\"@id\":\"https:\/\/lplawyersfirm.com\/de\/cyprus\/yellow-slip\/#breadcrumb\",\"itemListElement\":[{\"@type\":\"ListItem\",\"position\":1,\"name\":\"Home\",\"item\":\"https:\/\/lplawyersfirm.com\/de\/\"},{\"@type\":\"ListItem\",\"position\":2,\"name\":\"Zypern\",\"item\":\"https:\/\/lplawyersfirm.com\/de\/cyprus\/\"},{\"@type\":\"ListItem\",\"position\":3,\"name\":\"Yellow Slip\"}]},{\"@type\":\"WebSite\",\"@id\":\"https:\/\/lplawyersfirm.com\/de\/#website\",\"url\":\"https:\/\/lplawyersfirm.com\/de\/\",\"name\":\"https:\/\/www.lplawyersfirm.com\",\"description\":\"Papasavvas &amp; Liskavidou LLC - Expert Commercial Law Fir\",\"publisher\":{\"@id\":\"https:\/\/lplawyersfirm.com\/de\/#organization\"},\"potentialAction\":[{\"@type\":\"SearchAction\",\"target\":{\"@type\":\"EntryPoint\",\"urlTemplate\":\"https:\/\/lplawyersfirm.com\/de\/?s={search_term_string}\"},\"query-input\":{\"@type\":\"PropertyValueSpecification\",\"valueRequired\":true,\"valueName\":\"search_term_string\"}}],\"inLanguage\":\"de\"},{\"@type\":\"Organization\",\"@id\":\"https:\/\/lplawyersfirm.com\/de\/#organization\",\"name\":\"Papasavvas and Liskavidou\u00a0LLC\",\"url\":\"https:\/\/lplawyersfirm.com\/de\/\",\"logo\":{\"@type\":\"ImageObject\",\"inLanguage\":\"de\",\"@id\":\"https:\/\/lplawyersfirm.com\/de\/#\/schema\/logo\/image\/\",\"url\":\"https:\/\/lplawyersfirm.com\/wp-content\/uploads\/2021\/04\/logo-lpllc-white-270.png\",\"contentUrl\":\"https:\/\/lplawyersfirm.com\/wp-content\/uploads\/2021\/04\/logo-lpllc-white-270.png\",\"width\":270,\"height\":43,\"caption\":\"Papasavvas and Liskavidou\u00a0LLC\"},\"image\":{\"@id\":\"https:\/\/lplawyersfirm.com\/de\/#\/schema\/logo\/image\/\"},\"sameAs\":[\"https:\/\/www.facebook.com\/lplawyersfirm\"]}]}<\/script>\n<!-- \/ Yoast SEO plugin. -->","yoast_head_json":{"title":"Yellow Slip - lplawyersfirm.com","robots":{"index":"index","follow":"follow","max-snippet":"max-snippet:-1","max-image-preview":"max-image-preview:large","max-video-preview":"max-video-preview:-1"},"canonical":"https:\/\/lplawyersfirm.com\/de\/cyprus\/yellow-slip\/","og_locale":"de_DE","og_type":"article","og_title":"Yellow Slip - lplawyersfirm.com","og_url":"https:\/\/lplawyersfirm.com\/de\/cyprus\/yellow-slip\/","og_site_name":"lplawyersfirm.com","article_publisher":"https:\/\/www.facebook.com\/lplawyersfirm","article_modified_time":"2025-02-22T12:57:40+00:00","twitter_card":"summary_large_image","twitter_misc":{"Gesch\u00e4tzte Lesezeit":"1\u00a0Minute"},"schema":{"@context":"https:\/\/schema.org","@graph":[{"@type":"WebPage","@id":"https:\/\/lplawyersfirm.com\/de\/cyprus\/yellow-slip\/","url":"https:\/\/lplawyersfirm.com\/de\/cyprus\/yellow-slip\/","name":"Yellow Slip - lplawyersfirm.com","isPartOf":{"@id":"https:\/\/lplawyersfirm.com\/de\/#website"},"datePublished":"2023-03-17T00:11:39+00:00","dateModified":"2025-02-22T12:57:40+00:00","breadcrumb":{"@id":"https:\/\/lplawyersfirm.com\/de\/cyprus\/yellow-slip\/#breadcrumb"},"inLanguage":"de","potentialAction":[{"@type":"ReadAction","target":["https:\/\/lplawyersfirm.com\/de\/cyprus\/yellow-slip\/"]}]},{"@type":"BreadcrumbList","@id":"https:\/\/lplawyersfirm.com\/de\/cyprus\/yellow-slip\/#breadcrumb","itemListElement":[{"@type":"ListItem","position":1,"name":"Home","item":"https:\/\/lplawyersfirm.com\/de\/"},{"@type":"ListItem","position":2,"name":"Zypern","item":"https:\/\/lplawyersfirm.com\/de\/cyprus\/"},{"@type":"ListItem","position":3,"name":"Yellow Slip"}]},{"@type":"WebSite","@id":"https:\/\/lplawyersfirm.com\/de\/#website","url":"https:\/\/lplawyersfirm.com\/de\/","name":"https:\/\/www.lplawyersfirm.com","description":"Papasavvas &amp; Liskavidou LLC - Expert Commercial Law Fir","publisher":{"@id":"https:\/\/lplawyersfirm.com\/de\/#organization"},"potentialAction":[{"@type":"SearchAction","target":{"@type":"EntryPoint","urlTemplate":"https:\/\/lplawyersfirm.com\/de\/?s={search_term_string}"},"query-input":{"@type":"PropertyValueSpecification","valueRequired":true,"valueName":"search_term_string"}}],"inLanguage":"de"},{"@type":"Organization","@id":"https:\/\/lplawyersfirm.com\/de\/#organization","name":"Papasavvas and Liskavidou\u00a0LLC","url":"https:\/\/lplawyersfirm.com\/de\/","logo":{"@type":"ImageObject","inLanguage":"de","@id":"https:\/\/lplawyersfirm.com\/de\/#\/schema\/logo\/image\/","url":"https:\/\/lplawyersfirm.com\/wp-content\/uploads\/2021\/04\/logo-lpllc-white-270.png","contentUrl":"https:\/\/lplawyersfirm.com\/wp-content\/uploads\/2021\/04\/logo-lpllc-white-270.png","width":270,"height":43,"caption":"Papasavvas and Liskavidou\u00a0LLC"},"image":{"@id":"https:\/\/lplawyersfirm.com\/de\/#\/schema\/logo\/image\/"},"sameAs":["https:\/\/www.facebook.com\/lplawyersfirm"]}]}},"_links":{"self":[{"href":"https:\/\/lplawyersfirm.com\/de\/wp-json\/wp\/v2\/pages\/118806"}],"collection":[{"href":"https:\/\/lplawyersfirm.com\/de\/wp-json\/wp\/v2\/pages"}],"about":[{"href":"https:\/\/lplawyersfirm.com\/de\/wp-json\/wp\/v2\/types\/page"}],"author":[{"embeddable":true,"href":"https:\/\/lplawyersfirm.com\/de\/wp-json\/wp\/v2\/users\/6"}],"replies":[{"embeddable":true,"href":"https:\/\/lplawyersfirm.com\/de\/wp-json\/wp\/v2\/comments?post=118806"}],"version-history":[{"count":23,"href":"https:\/\/lplawyersfirm.com\/de\/wp-json\/wp\/v2\/pages\/118806\/revisions"}],"predecessor-version":[{"id":119832,"href":"https:\/\/lplawyersfirm.com\/de\/wp-json\/wp\/v2\/pages\/118806\/revisions\/119832"}],"up":[{"embeddable":true,"href":"https:\/\/lplawyersfirm.com\/de\/wp-json\/wp\/v2\/pages\/118727"}],"wp:attachment":[{"href":"https:\/\/lplawyersfirm.com\/de\/wp-json\/wp\/v2\/media?parent=118806"}],"curies":[{"name":"wp","href":"https:\/\/api.w.org\/{rel}","templated":true}]}}