{"id":118796,"date":"2023-03-16T23:57:41","date_gmt":"2023-03-16T23:57:41","guid":{"rendered":"https:\/\/lplawyersfirm.com\/cyprus\/why-cyprus\/"},"modified":"2024-10-07T17:31:15","modified_gmt":"2024-10-07T17:31:15","slug":"warum-zypern","status":"publish","type":"page","link":"https:\/\/lplawyersfirm.com\/de\/cyprus\/warum-zypern\/","title":{"rendered":"Warum Zypern?"},"content":{"rendered":"<p><section id=\"bt_bb_section69dc307ebfbf7\" class=\"bt_bb_section bt_bb_color_scheme_1 bt_bb_layout_boxed_1200 bt_bb_vertical_align_top bt_bb_top_spacing_extra_large bt_bb_bottom_spacing_extra_large\" style=\"; --section-primary-color:#ffffff; --section-secondary-color:#191919;;background-color:rgb(255,255,255);\" data-bt-override-class=\"null\"><div class=\"bt_bb_background_image_holder_wrapper\"><div class=\"bt_bb_background_image_holder bt_bb_parallax\"  data-parallax=\"0.7\" data-parallax-offset=\"0\" data-parallax-zoom-start=\"1\" data-parallax-zoom-end=\"1\" data-parallax-blur-start=\"0\" data-parallax-blur-end=\"0\" data-parallax-opacity-start=\"1\" data-parallax-opacity-end=\"1\" style=\" background-image:url(&#039;https:\/\/lplawyersfirm.com\/wp-content\/uploads\/2021\/05\/buscyprys-scaled.jpg&#039;);\"><\/div><\/div><div class=\"bt_bb_port\"><div class=\"bt_bb_cell\"><div class=\"bt_bb_cell_inner\"><div class=\"bt_bb_row \"  data-bt-override-class=\"{}\"><div class=\"bt_bb_row_holder\" ><div  class=\"bt_bb_column col-xl-2 bt_bb_align_left bt_bb_padding_normal\"  data-width=\"2\" data-bt-override-class=\"{}\"><div class=\"bt_bb_column_content bt_bb_vertical_align_top bt_bb_color_scheme_\"><div class=\"bt_bb_column_content_inner\"><\/div><\/div><\/div><div  class=\"bt_bb_column col-xl-8 bt_bb_align_center bt_bb_padding_normal\"  data-width=\"8\" data-bt-override-class=\"{}\"><div class=\"bt_bb_column_content bt_bb_vertical_align_bottom bt_bb_color_scheme_\"><div class=\"bt_bb_column_content_inner\"><div class=\"bt_bb_separator bt_bb_border_style_none bt_bb_bottom_spacing_medium\" data-bt-override-class=\"null\"><\/div><header class=\"bt_bb_headline bt_bb_subheadline_text_transform_default bt_bb_color_scheme_1 bt_bb_dash_none bt_bb_size_extrahuge bt_bb_align_inherit\" style=\"; --primary-color:#ffffff; --secondary-color:#191919;\" data-bt-override-class=\"{&quot;bt_bb_align_&quot;:{&quot;current_class&quot;:&quot;bt_bb_align_inherit&quot;,&quot;def&quot;:&quot;inherit&quot;,&quot;xl&quot;:&quot;inherit&quot;}}\"><h1 class=\"bt_bb_headline_tag\"><span class=\"bt_bb_headline_content\"><span>Warum Zypern?<\/span><\/span><\/h1><\/header><div class=\"bt_bb_separator bt_bb_border_style_none bt_bb_bottom_spacing_small\" data-bt-override-class=\"null\"><\/div><\/div><\/div><\/div><div  class=\"bt_bb_column col-xl-2 bt_bb_align_left bt_bb_padding_normal\"  data-width=\"2\" data-bt-override-class=\"{}\"><div class=\"bt_bb_column_content bt_bb_vertical_align_top bt_bb_color_scheme_\"><div class=\"bt_bb_column_content_inner\"><\/div><\/div><\/div><\/div><\/div><\/div><!-- cell_inner --><\/div><!-- cell --><\/div><!-- port --><\/section><section id=\"bt_bb_section69dc307ec00cd\" class=\"bt_bb_section bt_bb_layout_boxed_1200 bt_bb_vertical_align_top bt_bb_top_spacing_medium bt_bb_bottom_spacing_large\"  data-bt-override-class=\"null\"><div class=\"bt_bb_port\"><div class=\"bt_bb_cell\"><div class=\"bt_bb_cell_inner\"><div class=\"bt_bb_row \"  data-bt-override-class=\"{}\"><div class=\"bt_bb_row_holder\" ><div  class=\"bt_bb_column col-xl-8 bt_bb_align_left bt_bb_padding_normal\"  data-width=\"8\" data-bt-override-class=\"{}\"><div class=\"bt_bb_column_content bt_bb_vertical_align_top bt_bb_color_scheme_\"><div class=\"bt_bb_column_content_inner\"><div  class=\"bt_bb_text\" ><\/p>\n<p><strong>Warum Zypern<\/strong> das ideale Ziel f\u00fcr <strong>digitale Nomaden<\/strong> ist? Es bietet eine einzigartige Kombination aus atemberaubender Landschaft, reicher Kultur und niedrigen Steuern. Mit seinem warmen Klima und entspannten Lebensstil ist es ein idealer Ort, um remote zu arbeiten und eine hohe Lebensqualit\u00e4t zu genie\u00dfen. Die Insel ist gut vernetzt mit schnellem Internet und erleichtert es digitalen Nomaden, mit ihren Kunden und Kollegen in Verbindung zu bleiben. Dar\u00fcber hinaus bietet <strong>Zypern<\/strong> ein gesch\u00e4ftsfreundliches Umfeld, das es <strong>digitalen Nomaden<\/strong> erm\u00f6glicht, eine Limited Company zu gr\u00fcnden und von einem Non-Dom-Status zu profitieren. Aus diesem Grund ist <strong>Zypern<\/strong> zu einem beliebten Ziel f\u00fcr digitale Nomaden geworden, die eine bessere Work-Life-Balance in einer wundersch\u00f6nen mediterranen Umgebung suchen.<\/p>\n<p>Neben den Steuererleichterungen bringt <strong>Zypern<\/strong> in vielen Bereichen weitere Vorteile. Diese fallen am Ende genau so stark ins Gewicht wie\u00a0die Steuerersparnisse. Schlie\u00dflich will man hier ja auch leben und sich wohl f\u00fchlen. Entsprechend m\u00fcssen das Umfeld, die Menschen, die Sicherheit, wie auch all die kleinen Alltagsdinge ebenso stimmen. <strong>Zypern<\/strong> bringt alles mit sich, was f\u00fcr ein Gef\u00fchl von echter Freiheit, hoher Lebensqualit\u00e4t und dem Gef\u00fchl des Willkommen-Seins n\u00f6tig sind. Wichtig sei auch zu sagen, dass <strong>Zypern<\/strong> von der EU mit seinen Steuererleichterungen nicht als \u201eSteuerparadies\u201ceingestuft wird. Hier m\u00f6chten wir in Stichpunkten darstellen, was <strong>Zypern<\/strong> zu bieten hat.<\/p>\n<p>\u00a0<\/p>\n<h2>Was macht Zypern insgesamt so attraktiv:<\/h2>\n<h2>Wirtschaftlich<\/h2>\n<ul>\n<li>Steuern gedeckelt bei 12,5% als <a href=\"https:\/\/lplawyersfirm.com\/de\/cyprus\/personenstandsrecht-und-steuern\/\">Zypern Non-Dom<\/a><\/li>\n<li>Geringe Sozialabgaben und Lohnnebenkosten<\/li>\n<li>Viele internationale Unternehmer mit dem gleichen Mindset<\/li>\n<li>Unternehmerfreundliche Gesetze &amp; Politik<\/li>\n<li>Weniger B\u00fcrokratie und H\u00fcrden<\/li>\n<li>G\u00fcnstiges und einfaches <a href=\"https:\/\/lplawyersfirm.com\/de\/cyprus\/wie-man-ein-limited-unternehmen-auf-zypern-gruendet\/\">Gr\u00fcnden einer Ltd ( GmbH )<\/a><\/li>\n<li>G\u00fcnstige und gute Krankenversicherung<\/li>\n<\/ul>\n<h3>Natur<\/h3>\n<ul>\n<li>Das Klima (mehrere Klimazonen)<\/li>\n<li>320 Sonnentage im Jahr<\/li>\n<li>Berge, Meer, Str\u00e4nde, W\u00e4lder usw.<\/li>\n<li>Saubere Luft<\/li>\n<\/ul>\n<h3>Leben und Alltag<\/h3>\n<ul>\n<li>Familienfreundlich<\/li>\n<li>G\u00fcnstige Lebenshaltungskosten<\/li>\n<li>Sehr niedrige Kriminalit\u00e4tsrate<\/li>\n<li>Gastfreundschaft der Zyprioten<\/li>\n<li>Medizinische Versorgung (blaue EU-Krankenkarte)<\/li>\n<li>Sehr viel frisches, regionales Obst und Gem\u00fcse<\/li>\n<li>Sehr hohe Lebensqualit\u00e4t und entspannteres Leben<\/li>\n<li>Sehr gutes Internet<\/li>\n<\/ul>\n<h3>Weitere Vorteile<\/h3>\n<ul>\n<li>Neben Griechisch spricht jeder auch Englisch<\/li>\n<li>Viele Flugverbindungen<\/li>\n<li>Zentrale Lage der Insel<\/li>\n<li>Kurze Flugzeiten nach Deutschland, \u00d6sterreich und Schweiz<\/li>\n<li>Tierfreundlich<\/li>\n<li>Teil der EU<\/li>\n<li>Renommierte internationale Schulen<\/li>\n<\/ul>\n<p>und vieles vieles mehr\u2026.<\/p>\n<p>Wir beantworten Ihnen gerne alle Fragen, nicht nur die rechtlichen.<\/p>\n<p>\n<\/div><\/div><\/div><\/div><div  class=\"bt_bb_column col-xl-4 bt_bb_align_left bt_bb_padding_normal\"  data-width=\"4\" data-bt-override-class=\"{}\"><div class=\"bt_bb_column_content bt_bb_vertical_align_top bt_bb_color_scheme_\"><div class=\"bt_bb_column_content_inner\"><div  class=\"bt_bb_text\" ><\/p>\n<h5>Fragen Sie unser Team der Einwanderungsberatung (geb\u00fchrenfrei)!<\/h5>\n<p>Egal welche Frage Sie haben, schreiben Sie uns eine schnelle Whatsapp.<\/p>\n<p>\n<\/div><div class=\"bt_bb_separator bt_bb_border_style_none bt_bb_bottom_spacing_small\" data-bt-override-class=\"null\"><\/div><div  class=\"bt_bb_text\" ><\/p>\n<p><span style=\"color: #353535\">Team Einwanderungsberatung<br \/>Telefon: +35796742400 (Beratung geb\u00fchrenfrei)<br \/>Kontaktieren Sie uns per Whatsapp (Beratung geb\u00fchrenfrei)<br \/>Email: immigration@lplawyersfirm.com<br \/><\/span><\/p>\n<p>\n<\/div><div class=\"bt_bb_separator bt_bb_border_style_none bt_bb_bottom_spacing_small\" data-bt-override-class=\"null\"><\/div><div class=\"bt_bb_separator bt_bb_border_style_none bt_bb_bottom_spacing_medium\" data-bt-override-class=\"null\"><\/div><\/div><\/div><\/div><\/div><\/div><\/div><!-- cell_inner --><\/div><!-- cell --><\/div><!-- port --><\/section><\/p>\n","protected":false},"excerpt":{"rendered":"","protected":false},"author":6,"featured_media":0,"parent":118727,"menu_order":0,"comment_status":"closed","ping_status":"closed","template":"","meta":{"footnotes":""},"class_list":["post-118796","page","type-page","status-publish","hentry"],"yoast_head":"<!-- This site is optimized with the Yoast SEO plugin v24.5 - https:\/\/yoast.com\/wordpress\/plugins\/seo\/ -->\n<title>Warum Zypern das ideale Ziel f\u00fcr digitale Nomaden ist<\/title>\n<meta name=\"description\" content=\"Suchen Sie nach einem Ort, an dem Sie Steuern sparen und das Leben genie\u00dfen k\u00f6nnen? Sie fragen sich, warum Zypern in Frage kommt? Wir kl\u00e4ren auf!\" \/>\n<meta name=\"robots\" content=\"index, follow, max-snippet:-1, max-image-preview:large, max-video-preview:-1\" \/>\n<link rel=\"canonical\" href=\"https:\/\/lplawyersfirm.com\/de\/cyprus\/warum-zypern\/\" \/>\n<meta property=\"og:locale\" content=\"de_DE\" \/>\n<meta property=\"og:type\" content=\"article\" \/>\n<meta property=\"og:title\" content=\"Warum Zypern das ideale Ziel f\u00fcr digitale Nomaden ist\" \/>\n<meta property=\"og:description\" content=\"Suchen Sie nach einem Ort, an dem Sie Steuern sparen und das Leben genie\u00dfen k\u00f6nnen? Sie fragen sich, warum Zypern in Frage kommt? Wir kl\u00e4ren auf!\" \/>\n<meta property=\"og:url\" content=\"https:\/\/lplawyersfirm.com\/de\/cyprus\/warum-zypern\/\" \/>\n<meta property=\"og:site_name\" content=\"lplawyersfirm.com\" \/>\n<meta property=\"article:publisher\" content=\"https:\/\/www.facebook.com\/lplawyersfirm\" \/>\n<meta property=\"article:modified_time\" content=\"2024-10-07T17:31:15+00:00\" \/>\n<meta name=\"twitter:card\" content=\"summary_large_image\" \/>\n<meta name=\"twitter:label1\" content=\"Gesch\u00e4tzte Lesezeit\" \/>\n\t<meta name=\"twitter:data1\" content=\"4\u00a0Minuten\" \/>\n<script type=\"application\/ld+json\" class=\"yoast-schema-graph\">{\"@context\":\"https:\/\/schema.org\",\"@graph\":[{\"@type\":\"WebPage\",\"@id\":\"https:\/\/lplawyersfirm.com\/de\/cyprus\/warum-zypern\/\",\"url\":\"https:\/\/lplawyersfirm.com\/de\/cyprus\/warum-zypern\/\",\"name\":\"Warum Zypern das ideale Ziel f\u00fcr digitale Nomaden ist\",\"isPartOf\":{\"@id\":\"https:\/\/lplawyersfirm.com\/de\/#website\"},\"datePublished\":\"2023-03-16T23:57:41+00:00\",\"dateModified\":\"2024-10-07T17:31:15+00:00\",\"description\":\"Suchen Sie nach einem Ort, an dem Sie Steuern sparen und das Leben genie\u00dfen k\u00f6nnen? Sie fragen sich, warum Zypern in Frage kommt? Wir kl\u00e4ren auf!\",\"breadcrumb\":{\"@id\":\"https:\/\/lplawyersfirm.com\/de\/cyprus\/warum-zypern\/#breadcrumb\"},\"inLanguage\":\"de\",\"potentialAction\":[{\"@type\":\"ReadAction\",\"target\":[\"https:\/\/lplawyersfirm.com\/de\/cyprus\/warum-zypern\/\"]}]},{\"@type\":\"BreadcrumbList\",\"@id\":\"https:\/\/lplawyersfirm.com\/de\/cyprus\/warum-zypern\/#breadcrumb\",\"itemListElement\":[{\"@type\":\"ListItem\",\"position\":1,\"name\":\"Home\",\"item\":\"https:\/\/lplawyersfirm.com\/de\/\"},{\"@type\":\"ListItem\",\"position\":2,\"name\":\"Zypern\",\"item\":\"https:\/\/lplawyersfirm.com\/de\/cyprus\/\"},{\"@type\":\"ListItem\",\"position\":3,\"name\":\"Warum Zypern?\"}]},{\"@type\":\"WebSite\",\"@id\":\"https:\/\/lplawyersfirm.com\/de\/#website\",\"url\":\"https:\/\/lplawyersfirm.com\/de\/\",\"name\":\"https:\/\/www.lplawyersfirm.com\",\"description\":\"Papasavvas &amp; Liskavidou LLC - Expert Commercial Law Fir\",\"publisher\":{\"@id\":\"https:\/\/lplawyersfirm.com\/de\/#organization\"},\"potentialAction\":[{\"@type\":\"SearchAction\",\"target\":{\"@type\":\"EntryPoint\",\"urlTemplate\":\"https:\/\/lplawyersfirm.com\/de\/?s={search_term_string}\"},\"query-input\":{\"@type\":\"PropertyValueSpecification\",\"valueRequired\":true,\"valueName\":\"search_term_string\"}}],\"inLanguage\":\"de\"},{\"@type\":\"Organization\",\"@id\":\"https:\/\/lplawyersfirm.com\/de\/#organization\",\"name\":\"Papasavvas and Liskavidou\u00a0LLC\",\"url\":\"https:\/\/lplawyersfirm.com\/de\/\",\"logo\":{\"@type\":\"ImageObject\",\"inLanguage\":\"de\",\"@id\":\"https:\/\/lplawyersfirm.com\/de\/#\/schema\/logo\/image\/\",\"url\":\"https:\/\/lplawyersfirm.com\/wp-content\/uploads\/2021\/04\/logo-lpllc-white-270.png\",\"contentUrl\":\"https:\/\/lplawyersfirm.com\/wp-content\/uploads\/2021\/04\/logo-lpllc-white-270.png\",\"width\":270,\"height\":43,\"caption\":\"Papasavvas and Liskavidou\u00a0LLC\"},\"image\":{\"@id\":\"https:\/\/lplawyersfirm.com\/de\/#\/schema\/logo\/image\/\"},\"sameAs\":[\"https:\/\/www.facebook.com\/lplawyersfirm\"]}]}<\/script>\n<!-- \/ Yoast SEO plugin. -->","yoast_head_json":{"title":"Warum Zypern das ideale Ziel f\u00fcr digitale Nomaden ist","description":"Suchen Sie nach einem Ort, an dem Sie Steuern sparen und das Leben genie\u00dfen k\u00f6nnen? Sie fragen sich, warum Zypern in Frage kommt? Wir kl\u00e4ren auf!","robots":{"index":"index","follow":"follow","max-snippet":"max-snippet:-1","max-image-preview":"max-image-preview:large","max-video-preview":"max-video-preview:-1"},"canonical":"https:\/\/lplawyersfirm.com\/de\/cyprus\/warum-zypern\/","og_locale":"de_DE","og_type":"article","og_title":"Warum Zypern das ideale Ziel f\u00fcr digitale Nomaden ist","og_description":"Suchen Sie nach einem Ort, an dem Sie Steuern sparen und das Leben genie\u00dfen k\u00f6nnen? Sie fragen sich, warum Zypern in Frage kommt? Wir kl\u00e4ren auf!","og_url":"https:\/\/lplawyersfirm.com\/de\/cyprus\/warum-zypern\/","og_site_name":"lplawyersfirm.com","article_publisher":"https:\/\/www.facebook.com\/lplawyersfirm","article_modified_time":"2024-10-07T17:31:15+00:00","twitter_card":"summary_large_image","twitter_misc":{"Gesch\u00e4tzte Lesezeit":"4\u00a0Minuten"},"schema":{"@context":"https:\/\/schema.org","@graph":[{"@type":"WebPage","@id":"https:\/\/lplawyersfirm.com\/de\/cyprus\/warum-zypern\/","url":"https:\/\/lplawyersfirm.com\/de\/cyprus\/warum-zypern\/","name":"Warum Zypern das ideale Ziel f\u00fcr digitale Nomaden ist","isPartOf":{"@id":"https:\/\/lplawyersfirm.com\/de\/#website"},"datePublished":"2023-03-16T23:57:41+00:00","dateModified":"2024-10-07T17:31:15+00:00","description":"Suchen Sie nach einem Ort, an dem Sie Steuern sparen und das Leben genie\u00dfen k\u00f6nnen? Sie fragen sich, warum Zypern in Frage kommt? Wir kl\u00e4ren auf!","breadcrumb":{"@id":"https:\/\/lplawyersfirm.com\/de\/cyprus\/warum-zypern\/#breadcrumb"},"inLanguage":"de","potentialAction":[{"@type":"ReadAction","target":["https:\/\/lplawyersfirm.com\/de\/cyprus\/warum-zypern\/"]}]},{"@type":"BreadcrumbList","@id":"https:\/\/lplawyersfirm.com\/de\/cyprus\/warum-zypern\/#breadcrumb","itemListElement":[{"@type":"ListItem","position":1,"name":"Home","item":"https:\/\/lplawyersfirm.com\/de\/"},{"@type":"ListItem","position":2,"name":"Zypern","item":"https:\/\/lplawyersfirm.com\/de\/cyprus\/"},{"@type":"ListItem","position":3,"name":"Warum Zypern?"}]},{"@type":"WebSite","@id":"https:\/\/lplawyersfirm.com\/de\/#website","url":"https:\/\/lplawyersfirm.com\/de\/","name":"https:\/\/www.lplawyersfirm.com","description":"Papasavvas &amp; Liskavidou LLC - Expert Commercial Law Fir","publisher":{"@id":"https:\/\/lplawyersfirm.com\/de\/#organization"},"potentialAction":[{"@type":"SearchAction","target":{"@type":"EntryPoint","urlTemplate":"https:\/\/lplawyersfirm.com\/de\/?s={search_term_string}"},"query-input":{"@type":"PropertyValueSpecification","valueRequired":true,"valueName":"search_term_string"}}],"inLanguage":"de"},{"@type":"Organization","@id":"https:\/\/lplawyersfirm.com\/de\/#organization","name":"Papasavvas and Liskavidou\u00a0LLC","url":"https:\/\/lplawyersfirm.com\/de\/","logo":{"@type":"ImageObject","inLanguage":"de","@id":"https:\/\/lplawyersfirm.com\/de\/#\/schema\/logo\/image\/","url":"https:\/\/lplawyersfirm.com\/wp-content\/uploads\/2021\/04\/logo-lpllc-white-270.png","contentUrl":"https:\/\/lplawyersfirm.com\/wp-content\/uploads\/2021\/04\/logo-lpllc-white-270.png","width":270,"height":43,"caption":"Papasavvas and Liskavidou\u00a0LLC"},"image":{"@id":"https:\/\/lplawyersfirm.com\/de\/#\/schema\/logo\/image\/"},"sameAs":["https:\/\/www.facebook.com\/lplawyersfirm"]}]}},"_links":{"self":[{"href":"https:\/\/lplawyersfirm.com\/de\/wp-json\/wp\/v2\/pages\/118796"}],"collection":[{"href":"https:\/\/lplawyersfirm.com\/de\/wp-json\/wp\/v2\/pages"}],"about":[{"href":"https:\/\/lplawyersfirm.com\/de\/wp-json\/wp\/v2\/types\/page"}],"author":[{"embeddable":true,"href":"https:\/\/lplawyersfirm.com\/de\/wp-json\/wp\/v2\/users\/6"}],"replies":[{"embeddable":true,"href":"https:\/\/lplawyersfirm.com\/de\/wp-json\/wp\/v2\/comments?post=118796"}],"version-history":[{"count":25,"href":"https:\/\/lplawyersfirm.com\/de\/wp-json\/wp\/v2\/pages\/118796\/revisions"}],"predecessor-version":[{"id":119646,"href":"https:\/\/lplawyersfirm.com\/de\/wp-json\/wp\/v2\/pages\/118796\/revisions\/119646"}],"up":[{"embeddable":true,"href":"https:\/\/lplawyersfirm.com\/de\/wp-json\/wp\/v2\/pages\/118727"}],"wp:attachment":[{"href":"https:\/\/lplawyersfirm.com\/de\/wp-json\/wp\/v2\/media?parent=118796"}],"curies":[{"name":"wp","href":"https:\/\/api.w.org\/{rel}","templated":true}]}}