{"id":118740,"date":"2021-03-09T20:35:27","date_gmt":"2021-03-09T20:35:27","guid":{"rendered":"https:\/\/lplawyersfirm.com\/legal-notice\/"},"modified":"2023-03-30T14:58:58","modified_gmt":"2023-03-30T14:58:58","slug":"legal-notice","status":"publish","type":"page","link":"https:\/\/lplawyersfirm.com\/de\/legal-notice\/","title":{"rendered":"Rechtlicher Hinweis"},"content":{"rendered":"<p><section id=\"bt_bb_section69dc307f7381b\" class=\"bt_bb_section bt_bb_color_scheme_1 bt_bb_layout_boxed_1200 bt_bb_vertical_align_top bt_bb_top_spacing_extra_large bt_bb_bottom_spacing_extra_large\" style=\"; --section-primary-color:#ffffff; --section-secondary-color:#191919;\" data-bt-override-class=\"null\"><div class=\"bt_bb_background_image_holder_wrapper\"><div class=\"bt_bb_background_image_holder bt_bb_parallax\"  data-parallax=\"0.7\" data-parallax-offset=\"0\" data-parallax-zoom-start=\"1\" data-parallax-zoom-end=\"1\" data-parallax-blur-start=\"0\" data-parallax-blur-end=\"0\" data-parallax-opacity-start=\"1\" data-parallax-opacity-end=\"1\" style=\" background-image:url(&#039;https:\/\/lplawyersfirm.com\/wp-content\/uploads\/2022\/07\/vecteezy_man-with-megaphone-shouting__142123.jpg&#039;);\"><\/div><\/div><div class=\"bt_bb_port\"><div class=\"bt_bb_cell\"><div class=\"bt_bb_cell_inner\"><div class=\"bt_bb_row \"  data-bt-override-class=\"{}\"><div class=\"bt_bb_row_holder\" ><div  class=\"bt_bb_column col-xl-2 bt_bb_align_left bt_bb_padding_normal\"  data-width=\"2\" data-bt-override-class=\"{}\"><div class=\"bt_bb_column_content bt_bb_vertical_align_top bt_bb_color_scheme_\"><div class=\"bt_bb_column_content_inner\"><\/div><\/div><\/div><div  class=\"bt_bb_column col-xl-8 bt_bb_align_center bt_bb_padding_normal\"  data-width=\"8\" data-bt-override-class=\"{}\"><div class=\"bt_bb_column_content bt_bb_vertical_align_bottom bt_bb_color_scheme_\"><div class=\"bt_bb_column_content_inner\"><div class=\"bt_bb_separator bt_bb_border_style_none bt_bb_bottom_spacing_medium\" data-bt-override-class=\"null\"><\/div><header class=\"bt_bb_headline bt_bb_subheadline_text_transform_default bt_bb_dash_none bt_bb_size_extrahuge bt_bb_align_center\" data-bt-override-class=\"{&quot;bt_bb_align_&quot;:{&quot;current_class&quot;:&quot;bt_bb_align_center&quot;,&quot;def&quot;:&quot;center&quot;,&quot;xl&quot;:&quot;center&quot;}}\"><h1 class=\"bt_bb_headline_tag\"><span class=\"bt_bb_headline_content\"><span>Impressum<\/span><\/span><\/h1><\/header><div class=\"bt_bb_separator bt_bb_border_style_none bt_bb_bottom_spacing_40\" data-bt-override-class=\"null\"><\/div><\/div><\/div><\/div><div  class=\"bt_bb_column col-xl-2 bt_bb_align_left bt_bb_padding_normal\"  data-width=\"2\" data-bt-override-class=\"{}\"><div class=\"bt_bb_column_content bt_bb_vertical_align_top bt_bb_color_scheme_\"><div class=\"bt_bb_column_content_inner\"><\/div><\/div><\/div><\/div><\/div><\/div><!-- cell_inner --><\/div><!-- cell --><\/div><!-- port --><\/section><div  class=\"bt_bb_text\" ><\/p>\n<p>PAPASAVVAS &amp; LISKAVIDOU LLC<\/p>\n<div class=\"bt_bb_icon bt_bb_color_scheme_4 bt_bb_style_borderless bt_bb_shape_circle bt_bb_text_align_top bt_bb_size_xsmall bt_bb_align_inherit\"><span class=\"bt_bb_icon_holder\">Apostolou Pavlou Stra\u00dfe 16,<\/span><\/div>\n<div>\u00a0<\/div>\n<div class=\"bt_bb_icon bt_bb_color_scheme_4 bt_bb_style_borderless bt_bb_shape_circle bt_bb_text_align_top bt_bb_size_xsmall bt_bb_align_inherit\"><span class=\"bt_bb_icon_holder\"> 2. Stockwerk,\u00a0<\/span><\/div>\n<div>\u00a0<\/div>\n<p>8046\u00a0Paphos<\/p>\n<p>Zypern<\/p>\n<p>Handelsregister-Nummer: HE 417937<\/p>\n<p>Gerichtsstand: Paphos<\/p>\n<h3>Vertreten durch:<\/h3>\n<p>Kristina Liskavidou , Charalambos Papasavvas<\/p>\n<h3>Kontakt<\/h3>\n<p>Telefon: +357 26 622 400<\/p>\n<p>Telefax: +357\u00a026623600<\/p>\n<p>E-mail: info@lplawyersfirm.com<\/p>\n<h3>USt-ID<\/h3>\n<p>Umsatzsteuer-Identifikationsnummer gem\u00e4\u00df Steuergesetz: 10417937Y<\/p>\n<h3>Aufsichtsbeh\u00f6rde<\/h3>\n<p>Abteilung f\u00fcr Handelsregister und Konkursverwalter<\/p>\n<p>Ecke Makarios Avenue und Karpenisiou Street, 1427 Nikosia, Zypern.<\/p>\n<p><a href=\"http:\/\/www.mcit.gov.cy\/mcit\/drcor\/drcor.nsf\/index_en\/index_en\">http:\/\/www.mcit.gov.cy\/mcit\/drcor\/drcor.nsf\/index_en\/index_en<\/a><\/p>\n<h3>Berufsbezeichnung und berufsrechtliche Regelungen<\/h3>\n<p>Berufsbezeichnung und berufsrechtliche Regelungen<br \/>Berufsbezeichnung: Zugelassene Rechtsanw\u00e4lte der zypriotischen Anwaltskammer<\/p>\n<p>Zust\u00e4ndige Kammer: Paphos<br \/>Zulassung erteilt in: Zypern<\/p>\n<p>Es gelten folgende berufsrechtliche Regelungen:<\/p>\n<p>DAS RECHT DER ANW\u00c4LTE (CAP.2) (In der aktuellen Fassung) VERHALTENSKODEX-VERORDNUNGEN [Verordnungen gem\u00e4\u00df Artikel 24(1)(b) und (l)]<\/p>\n<p>Reglement erh\u00e4ltlich unter:<\/p>\n<p><a href=\"https:\/\/www.cyprusbarassociation.org\/index.php\/en\/\">https:\/\/www.cyprusbarassociation.org\/index.php\/en\/<\/a><\/p>\n<p><a href=\"https:\/\/www.cyprusbarassociation.org\/files\/disciplinary\/New_code_of_counduct_eng.pdf\">https:\/\/www.cyprusbarassociation.org\/files\/disciplinary\/New_code_of_counduct_eng.pdf<\/a><\/p>\n<h3>Angaben zur Berufshaftpflichtversicherung Name und Sitz des Versicherers:<\/h3>\n<p>SoEasy Versicherungsmakler GmbH<\/p>\n<p>53 Nicolaou Nicolaide Avenue,<\/p>\n<p>Hof \u201eAndri \u2013 Melina\u201c, Laden 1 &amp; 2<\/p>\n<p>Paphos, 8010<\/p>\n<p>Zypern<\/p>\n<p>Versicherungsumfang:<\/p>\n<p>Berufshaftpflichtversicherungsnachweis f\u00fcr Rechtsanw\u00e4lte.<\/p>\n<h3>EU Streitbeilegung<\/h3>\n<p>Die Europ\u00e4ische Kommission stellt eine Plattform zur Online-Streitbeilegung (OS) bereit: https:\/\/ec.europa.eu\/consumers\/odr.<\/p>\n<p>Unsere E-Mail-Adresse finden Sie oben im Impressum.<\/p>\n<h3>Streitbeilegungsverfahren vor einer Verbraucherschlichtungsstelle<\/h3>\n<p>Wir sind nicht bereit und nicht verpflichtet, an Streitbeilegungsverfahren vor einer Verbraucherschlichtungsstelle teilzunehmen.<\/p>\n<h3>Haftung f\u00fcr Inhalte<\/h3>\n<p>Als Dienstleistungsanbieter sind wir f\u00fcr die eigenen Inhalte dieser Seiten verantwortlich. Dienstleistungsanbieter sind jedoch nicht verpflichtet, \u00fcbermittelte oder gespeicherte fremde Informationen zu \u00fcberwachen oder nach Umst\u00e4nden zu forschen, die auf eine rechtswidrige T\u00e4tigkeit hinweisen.<\/p>\n<p>Gesetzliche Verpflichtungen zur Entfernung von Informationen oder Sperrung der Nutzung von Informationen bleiben unber\u00fchrt. Eine diesbez\u00fcgliche Haftung ist jedoch erst ab dem Zeitpunkt der Kenntnis einer konkreten Rechtsverletzung m\u00f6glich. Rechtswidrige Inhalte werden bei Kenntnis dar\u00fcber umgehend entfernt.<\/p>\n<h3>Haftung f\u00fcr Links<\/h3>\n<p>Unser Angebot enth\u00e4lt Links zu externen Webseiten Dritter. Auf die Inhalte dieser Seiten haben wir keinen Einfluss, deshalb k\u00f6nnen wir f\u00fcr diese Inhalte auch keine Gew\u00e4hr \u00fcbernehmen. F\u00fcr die Inhalte der verlinkten Seiten sind stets deren Anbieter oder Betreiber verantwortlich.<\/p>\n<p>Die verlinkten Seiten wurden zum Zeitpunkt der Verlinkung auf m\u00f6gliche Rechtsverst\u00f6\u00dfe \u00fcberpr\u00fcft. Rechtswidrige Inhalte waren zum Zeitpunkt der Verlinkung nicht erkennbar. Eine permanente inhaltliche Kontrolle verlinkter Seiten ist ohne begr\u00fcndete Anhaltspunkte einer Rechtsverletzung nicht zumutbar. Rechtswidrige Links werden bei Kenntnisnahme umgehend entfernt.<\/p>\n<h3>Urheberrecht<\/h3>\n<p>Die durch die Anbieter auf diesen Seiten ver\u00f6ffentlichten Inhalte und Zusammenstellungen unterliegen dem deutschen Urheberrecht. Die Vervielf\u00e4ltigung, Bearbeitung, Verbreitung sowie die Verwertung in jeglicher Art au\u00dferhalb der Reichweite des Urheberrechtsgesetzes bed\u00fcrfen der schriftlichen Zustimmung des Autors bzw. Urhebers. Downloads und Kopien dieser Seite sind nur f\u00fcr den privaten Gebrauch gestattet.<\/p>\n<p>Die gewerbliche Nutzung unserer Inhalte ohne Genehmigung des Urhebers ist untersagt.<\/p>\n<p>Urheberrechte Dritter werden beachtet, sofern die Inhalte auf diesen Seiten nicht vom Anbieter stammen. Beitr\u00e4ge Dritter auf dieser Seite sind als solche gekennzeichnet. Sollten Ihnen dennoch Urheberrechtsverletzungen auffallen, teilen Sie uns dies bitte mit. Bei Bekanntwerden von Rechtsverletzungen werden wir derartige Inhalte umgehend entfernen.<\/p>\n<p>\n<\/div><section id=\"bt_bb_section69dc307f73d7a\" class=\"bt_bb_section bt_bb_color_scheme_10 bt_bb_layout_wide bt_bb_vertical_align_top bt_bb_top_spacing_large bt_bb_bottom_spacing_large\" style=\"; --section-primary-color:#ffffff; --section-secondary-color:#353535;\" data-bt-override-class=\"null\"><div class=\"bt_bb_port\"><div class=\"bt_bb_cell\"><div class=\"bt_bb_cell_inner\"><div class=\"bt_bb_row \"  data-bt-override-class=\"{}\"><div class=\"bt_bb_row_holder\" ><div  class=\"bt_bb_column col-xl-12 bt_bb_align_center bt_bb_padding_normal\"  data-width=\"12\" data-bt-override-class=\"{}\"><div class=\"bt_bb_column_content bt_bb_vertical_align_top bt_bb_color_scheme_\"><div class=\"bt_bb_column_content_inner\"><header class=\"bt_bb_headline bt_bb_color_scheme_1 bt_bb_dash_top bt_bb_size_normal bt_bb_align_inherit\" style=\"; --primary-color:#ffffff; --secondary-color:#191919;\" data-bt-override-class=\"{}\"><h3 class=\"bt_bb_headline_tag\"><span class=\"bt_bb_headline_content\"><span>Kontaktieren <strong>Sie<\/strong> uns<\/span><\/span><\/h3><\/header><div class=\"bt_bb_separator bt_bb_border_style_none bt_bb_bottom_spacing_80\" data-bt-override-class=\"null\"><\/div><div class=\"bt_bb_button bt_bb_color_scheme_6 bt_bb_icon_color_scheme_6 bt_bb_style_outline bt_bb_size_large bt_bb_width_inline bt_bb_shape_square bt_bb_align_inherit\" style=\"; --button-primary-color:#ffffff; --button-secondary-color:#b07c4b;; --button-icon-primary-color:#ffffff; --button-icon-secondary-color:#b07c4b;\" data-bt-override-class=\"{}\"><a href=\"https:\/\/lplawyersfirm.com\/contact-us\/\" target=\"_self\" class=\"bt_bb_link\" title=\"Termin vereinbaren\"><span class=\"bt_bb_button_text\">Termin vereinbaren<\/span><\/a><\/div><\/div><\/div><\/div><\/div><\/div><\/div><!-- cell_inner --><\/div><!-- cell --><\/div><!-- port --><\/section><\/p>\n","protected":false},"excerpt":{"rendered":"","protected":false},"author":1,"featured_media":0,"parent":0,"menu_order":0,"comment_status":"closed","ping_status":"closed","template":"","meta":{"footnotes":""},"class_list":["post-118740","page","type-page","status-publish","hentry"],"yoast_head":"<!-- This site is optimized with the Yoast SEO plugin v24.5 - https:\/\/yoast.com\/wordpress\/plugins\/seo\/ -->\n<title>Rechtlicher Hinweis - lplawyersfirm.com<\/title>\n<meta name=\"robots\" content=\"index, follow, max-snippet:-1, max-image-preview:large, max-video-preview:-1\" \/>\n<link rel=\"canonical\" href=\"https:\/\/lplawyersfirm.com\/de\/legal-notice\/\" \/>\n<meta property=\"og:locale\" content=\"de_DE\" \/>\n<meta property=\"og:type\" content=\"article\" \/>\n<meta property=\"og:title\" content=\"Rechtlicher Hinweis - lplawyersfirm.com\" \/>\n<meta property=\"og:url\" content=\"https:\/\/lplawyersfirm.com\/de\/legal-notice\/\" \/>\n<meta property=\"og:site_name\" content=\"lplawyersfirm.com\" \/>\n<meta property=\"article:publisher\" content=\"https:\/\/www.facebook.com\/lplawyersfirm\" \/>\n<meta property=\"article:modified_time\" content=\"2023-03-30T14:58:58+00:00\" \/>\n<meta name=\"twitter:card\" content=\"summary_large_image\" \/>\n<meta name=\"twitter:label1\" content=\"Gesch\u00e4tzte Lesezeit\" \/>\n\t<meta name=\"twitter:data1\" content=\"4\u00a0Minuten\" \/>\n<script type=\"application\/ld+json\" class=\"yoast-schema-graph\">{\"@context\":\"https:\/\/schema.org\",\"@graph\":[{\"@type\":\"WebPage\",\"@id\":\"https:\/\/lplawyersfirm.com\/de\/legal-notice\/\",\"url\":\"https:\/\/lplawyersfirm.com\/de\/legal-notice\/\",\"name\":\"Rechtlicher Hinweis - lplawyersfirm.com\",\"isPartOf\":{\"@id\":\"https:\/\/lplawyersfirm.com\/de\/#website\"},\"datePublished\":\"2021-03-09T20:35:27+00:00\",\"dateModified\":\"2023-03-30T14:58:58+00:00\",\"breadcrumb\":{\"@id\":\"https:\/\/lplawyersfirm.com\/de\/legal-notice\/#breadcrumb\"},\"inLanguage\":\"de\",\"potentialAction\":[{\"@type\":\"ReadAction\",\"target\":[\"https:\/\/lplawyersfirm.com\/de\/legal-notice\/\"]}]},{\"@type\":\"BreadcrumbList\",\"@id\":\"https:\/\/lplawyersfirm.com\/de\/legal-notice\/#breadcrumb\",\"itemListElement\":[{\"@type\":\"ListItem\",\"position\":1,\"name\":\"Home\",\"item\":\"https:\/\/lplawyersfirm.com\/de\/\"},{\"@type\":\"ListItem\",\"position\":2,\"name\":\"Rechtlicher Hinweis\"}]},{\"@type\":\"WebSite\",\"@id\":\"https:\/\/lplawyersfirm.com\/de\/#website\",\"url\":\"https:\/\/lplawyersfirm.com\/de\/\",\"name\":\"https:\/\/www.lplawyersfirm.com\",\"description\":\"Papasavvas &amp; Liskavidou LLC - Expert Commercial Law Fir\",\"publisher\":{\"@id\":\"https:\/\/lplawyersfirm.com\/de\/#organization\"},\"potentialAction\":[{\"@type\":\"SearchAction\",\"target\":{\"@type\":\"EntryPoint\",\"urlTemplate\":\"https:\/\/lplawyersfirm.com\/de\/?s={search_term_string}\"},\"query-input\":{\"@type\":\"PropertyValueSpecification\",\"valueRequired\":true,\"valueName\":\"search_term_string\"}}],\"inLanguage\":\"de\"},{\"@type\":\"Organization\",\"@id\":\"https:\/\/lplawyersfirm.com\/de\/#organization\",\"name\":\"Papasavvas and Liskavidou\u00a0LLC\",\"url\":\"https:\/\/lplawyersfirm.com\/de\/\",\"logo\":{\"@type\":\"ImageObject\",\"inLanguage\":\"de\",\"@id\":\"https:\/\/lplawyersfirm.com\/de\/#\/schema\/logo\/image\/\",\"url\":\"https:\/\/lplawyersfirm.com\/wp-content\/uploads\/2021\/04\/logo-lpllc-white-270.png\",\"contentUrl\":\"https:\/\/lplawyersfirm.com\/wp-content\/uploads\/2021\/04\/logo-lpllc-white-270.png\",\"width\":270,\"height\":43,\"caption\":\"Papasavvas and Liskavidou\u00a0LLC\"},\"image\":{\"@id\":\"https:\/\/lplawyersfirm.com\/de\/#\/schema\/logo\/image\/\"},\"sameAs\":[\"https:\/\/www.facebook.com\/lplawyersfirm\"]}]}<\/script>\n<!-- \/ Yoast SEO plugin. -->","yoast_head_json":{"title":"Rechtlicher Hinweis - lplawyersfirm.com","robots":{"index":"index","follow":"follow","max-snippet":"max-snippet:-1","max-image-preview":"max-image-preview:large","max-video-preview":"max-video-preview:-1"},"canonical":"https:\/\/lplawyersfirm.com\/de\/legal-notice\/","og_locale":"de_DE","og_type":"article","og_title":"Rechtlicher Hinweis - lplawyersfirm.com","og_url":"https:\/\/lplawyersfirm.com\/de\/legal-notice\/","og_site_name":"lplawyersfirm.com","article_publisher":"https:\/\/www.facebook.com\/lplawyersfirm","article_modified_time":"2023-03-30T14:58:58+00:00","twitter_card":"summary_large_image","twitter_misc":{"Gesch\u00e4tzte Lesezeit":"4\u00a0Minuten"},"schema":{"@context":"https:\/\/schema.org","@graph":[{"@type":"WebPage","@id":"https:\/\/lplawyersfirm.com\/de\/legal-notice\/","url":"https:\/\/lplawyersfirm.com\/de\/legal-notice\/","name":"Rechtlicher Hinweis - lplawyersfirm.com","isPartOf":{"@id":"https:\/\/lplawyersfirm.com\/de\/#website"},"datePublished":"2021-03-09T20:35:27+00:00","dateModified":"2023-03-30T14:58:58+00:00","breadcrumb":{"@id":"https:\/\/lplawyersfirm.com\/de\/legal-notice\/#breadcrumb"},"inLanguage":"de","potentialAction":[{"@type":"ReadAction","target":["https:\/\/lplawyersfirm.com\/de\/legal-notice\/"]}]},{"@type":"BreadcrumbList","@id":"https:\/\/lplawyersfirm.com\/de\/legal-notice\/#breadcrumb","itemListElement":[{"@type":"ListItem","position":1,"name":"Home","item":"https:\/\/lplawyersfirm.com\/de\/"},{"@type":"ListItem","position":2,"name":"Rechtlicher Hinweis"}]},{"@type":"WebSite","@id":"https:\/\/lplawyersfirm.com\/de\/#website","url":"https:\/\/lplawyersfirm.com\/de\/","name":"https:\/\/www.lplawyersfirm.com","description":"Papasavvas &amp; Liskavidou LLC - Expert Commercial Law Fir","publisher":{"@id":"https:\/\/lplawyersfirm.com\/de\/#organization"},"potentialAction":[{"@type":"SearchAction","target":{"@type":"EntryPoint","urlTemplate":"https:\/\/lplawyersfirm.com\/de\/?s={search_term_string}"},"query-input":{"@type":"PropertyValueSpecification","valueRequired":true,"valueName":"search_term_string"}}],"inLanguage":"de"},{"@type":"Organization","@id":"https:\/\/lplawyersfirm.com\/de\/#organization","name":"Papasavvas and Liskavidou\u00a0LLC","url":"https:\/\/lplawyersfirm.com\/de\/","logo":{"@type":"ImageObject","inLanguage":"de","@id":"https:\/\/lplawyersfirm.com\/de\/#\/schema\/logo\/image\/","url":"https:\/\/lplawyersfirm.com\/wp-content\/uploads\/2021\/04\/logo-lpllc-white-270.png","contentUrl":"https:\/\/lplawyersfirm.com\/wp-content\/uploads\/2021\/04\/logo-lpllc-white-270.png","width":270,"height":43,"caption":"Papasavvas and Liskavidou\u00a0LLC"},"image":{"@id":"https:\/\/lplawyersfirm.com\/de\/#\/schema\/logo\/image\/"},"sameAs":["https:\/\/www.facebook.com\/lplawyersfirm"]}]}},"_links":{"self":[{"href":"https:\/\/lplawyersfirm.com\/de\/wp-json\/wp\/v2\/pages\/118740"}],"collection":[{"href":"https:\/\/lplawyersfirm.com\/de\/wp-json\/wp\/v2\/pages"}],"about":[{"href":"https:\/\/lplawyersfirm.com\/de\/wp-json\/wp\/v2\/types\/page"}],"author":[{"embeddable":true,"href":"https:\/\/lplawyersfirm.com\/de\/wp-json\/wp\/v2\/users\/1"}],"replies":[{"embeddable":true,"href":"https:\/\/lplawyersfirm.com\/de\/wp-json\/wp\/v2\/comments?post=118740"}],"version-history":[{"count":8,"href":"https:\/\/lplawyersfirm.com\/de\/wp-json\/wp\/v2\/pages\/118740\/revisions"}],"predecessor-version":[{"id":119212,"href":"https:\/\/lplawyersfirm.com\/de\/wp-json\/wp\/v2\/pages\/118740\/revisions\/119212"}],"wp:attachment":[{"href":"https:\/\/lplawyersfirm.com\/de\/wp-json\/wp\/v2\/media?parent=118740"}],"curies":[{"name":"wp","href":"https:\/\/api.w.org\/{rel}","templated":true}]}}