{"id":118727,"date":"2019-10-09T14:33:39","date_gmt":"2019-10-09T14:33:39","guid":{"rendered":"https:\/\/lplawyersfirm.com\/cyprus\/"},"modified":"2023-03-30T15:02:34","modified_gmt":"2023-03-30T15:02:34","slug":"cyprus","status":"publish","type":"page","link":"https:\/\/lplawyersfirm.com\/de\/cyprus\/","title":{"rendered":"Zypern"},"content":{"rendered":"<p><section id=\"bt_bb_section69dc30b26b2e6\" class=\"bt_bb_section bt_bb_color_scheme_1 bt_bb_layout_boxed_1200 bt_bb_vertical_align_top bt_bb_top_spacing_extra_large bt_bb_bottom_spacing_extra_large\" style=\"; --section-primary-color:#ffffff; --section-secondary-color:#191919;\" data-bt-override-class=\"null\"><div class=\"bt_bb_background_image_holder_wrapper\"><div class=\"bt_bb_background_image_holder bt_bb_parallax\"  data-parallax=\"0.7\" data-parallax-offset=\"0\" data-parallax-zoom-start=\"1\" data-parallax-zoom-end=\"1\" data-parallax-blur-start=\"0\" data-parallax-blur-end=\"0\" data-parallax-opacity-start=\"1\" data-parallax-opacity-end=\"1\" style=\" background-image:url(&#039;https:\/\/lplawyersfirm.com\/wp-content\/uploads\/2021\/01\/paphos1.jpg&#039;);\"><\/div><\/div><div class=\"bt_bb_port\"><div class=\"bt_bb_cell\"><div class=\"bt_bb_cell_inner\"><div class=\"bt_bb_row \"  data-bt-override-class=\"{}\"><div class=\"bt_bb_row_holder\" ><div  class=\"bt_bb_column col-xl-2 bt_bb_align_left bt_bb_padding_normal\"  data-width=\"2\" data-bt-override-class=\"{}\"><div class=\"bt_bb_column_content bt_bb_vertical_align_top bt_bb_color_scheme_\"><div class=\"bt_bb_column_content_inner\"><\/div><\/div><\/div><div  class=\"bt_bb_column col-xl-8 bt_bb_align_center bt_bb_padding_normal\"  data-width=\"8\" data-bt-override-class=\"{}\"><div class=\"bt_bb_column_content bt_bb_vertical_align_bottom bt_bb_color_scheme_\"><div class=\"bt_bb_column_content_inner\"><div class=\"bt_bb_separator bt_bb_border_style_none bt_bb_bottom_spacing_medium\" data-bt-override-class=\"null\"><\/div><header class=\"bt_bb_headline bt_bb_dash_none bt_bb_superheadline bt_bb_size_extrahuge bt_bb_align_inherit\" data-bt-override-class=\"{}\"><h1 class=\"bt_bb_headline_tag\"><span class=\"bt_bb_headline_superheadline\">CYPRUS<\/span><span class=\"bt_bb_headline_content\"><span>Ein <strong>sicheres &amp; attraktives <\/strong>Rechtssystem<\/span><\/span><\/h1><\/header><div class=\"bt_bb_separator bt_bb_border_style_none bt_bb_bottom_spacing_small\" data-bt-override-class=\"null\"><\/div><\/div><\/div><\/div><div  class=\"bt_bb_column col-xl-2 bt_bb_align_left bt_bb_padding_normal\"  data-width=\"2\" data-bt-override-class=\"{}\"><div class=\"bt_bb_column_content bt_bb_vertical_align_top bt_bb_color_scheme_\"><div class=\"bt_bb_column_content_inner\"><\/div><\/div><\/div><\/div><\/div><\/div><!-- cell_inner --><\/div><!-- cell --><\/div><!-- port --><\/section><section id=\"bt_bb_section69dc30b26b78a\" class=\"bt_bb_section bt_bb_layout_boxed_1200 bt_bb_vertical_align_top bt_bb_top_spacing_medium bt_bb_bottom_spacing_medium\"  data-bt-override-class=\"null\"><div class=\"bt_bb_port\"><div class=\"bt_bb_cell\"><div class=\"bt_bb_cell_inner\"><div class=\"bt_bb_row \"  data-bt-override-class=\"{}\"><div class=\"bt_bb_row_holder\" ><div  class=\"bt_bb_column col-xl-12 bt_bb_align_left bt_bb_padding_normal\"  data-width=\"12\" data-bt-override-class=\"{}\"><div class=\"bt_bb_column_content bt_bb_vertical_align_top bt_bb_color_scheme_\"><div class=\"bt_bb_column_content_inner\"><div class=\"bt_bb_separator bt_bb_border_style_none bt_bb_bottom_spacing_normal\" data-bt-override-class=\"null\"><\/div><div  class=\"bt_bb_text\" ><\/p>\n<p>Da Zypern ein Niedrigsteuerland ist, erm\u00f6glicht es eine einmalige Kombination von Vorteilen, die sehr attraktive Planungsm\u00f6glichkeiten bieten, von dem verm\u00f6gende Privatpersonen und Unternehmen durch Steuerminimierung, Verm\u00f6gensschutz sowie erh\u00f6hte Stabilit\u00e4t und Flexibilit\u00e4t in Bezug auf Ihre Verm\u00f6gensverwaltung profitieren k\u00f6nnen.\u00a0<\/p>\n<p>Als Mitglied der Europ\u00e4ischen Union genie\u00dft Zypern weltweit ein hohes Ansehen, da seine Steuer- und Regulierungssysteme vollst\u00e4ndig den internationalen Standards entsprechen und sicherstellen, dass es seit seiner Gr\u00fcndung auf der wei\u00dfen Liste der OECD-Rechtsordnungen steht.<\/p>\n<p>Daher ist der regulatorische Rahmen Zyperns so konzipiert, dass er die in Zypern registrierten internationalen Handelsunternehmen sch\u00fctzt und ihnen dennoch erm\u00f6glicht, ihre Aktivit\u00e4ten in einem Umfeld frei von b\u00fcrokratischen Einschr\u00e4nkungen, mit einer Vielzahl von Steuervorteilen, einfachen Verwaltungsverfahren und ohne Einschr\u00e4nkungen in Bezug auf auf Auslandsinvestitionen durchzuf\u00fchren.<\/p>\n<p>\n<\/div><div class=\"bt_bb_separator bt_bb_border_style_none bt_bb_bottom_spacing_40\" data-bt-override-class=\"null\"><\/div><\/div><\/div><\/div><\/div><\/div><\/div><!-- cell_inner --><\/div><!-- cell --><\/div><!-- port --><\/section><section id=\"bt_bb_section69dc30b26ba20\" class=\"bt_bb_section bt_bb_layout_wide bt_bb_vertical_align_top\"  data-bt-override-class=\"null\"><div class=\"bt_bb_port\"><div class=\"bt_bb_cell\"><div class=\"bt_bb_cell_inner\"><div class=\"bt_bb_row  bt_bb_layout_special btOverlapLeft\"  data-bt-override-class=\"{}\"><div class=\"bt_bb_row_holder\" ><div  class=\"bt_bb_column col-xl-6 bt_bb_align_right bt_bb_padding_normal\"  data-width=\"6\" data-bt-override-class=\"{}\"><div class=\"bt_bb_column_content bt_bb_vertical_align_top bt_bb_color_scheme_\"><div class=\"bt_bb_column_content_inner\"><header class=\"bt_bb_headline bt_bb_color_scheme_14 bt_bb_dash_none bt_bb_size_medium bt_bb_align_inherit\" style=\"; --primary-color:#353535; --secondary-color:#b07c4b;\" data-bt-override-class=\"{&quot;bt_bb_align_&quot;:{&quot;current_class&quot;:&quot;bt_bb_align_inherit&quot;,&quot;def&quot;:&quot;inherit&quot;,&quot;xl&quot;:&quot;inherit&quot;}}\"><h3 class=\"bt_bb_headline_tag\"><span class=\"bt_bb_headline_content\"><span>WARUM ZYPERN<\/span><\/span><\/h3><\/header><div class=\"bt_bb_separator bt_bb_border_style_none bt_bb_bottom_spacing_medium\" data-bt-override-class=\"null\"><\/div><div  class=\"bt_bb_text\" ><\/p>\n<p>Neben den Steuererleichterungen bringt Zypern in vielen Bereichen weitere Vorteile. Diese fallen am Ende genau so stark ins Gewicht wie\u00a0 die Steuerersparnisse. Schlie\u00dflich will man hier ja auch leben und sich wohl f\u00fchlen\u2026<\/p>\n<p>\n<\/div><div class=\"bt_bb_separator bt_bb_border_style_none bt_bb_bottom_spacing_medium\" data-bt-override-class=\"null\"><\/div><div class=\"bt_bb_button bt_bb_color_scheme_13 bt_bb_style_clean bt_bb_size_large bt_bb_width_inline bt_bb_shape_inherit bt_bb_align_inherit\" style=\"; --button-primary-color:#b07c4b; --button-secondary-color:#353535;\" data-bt-override-class=\"{}\"><a href=\"\/de\/cyprus\/why-cyprus\" target=\"_self\" class=\"bt_bb_link\" title=\"WEITER\"><span class=\"bt_bb_button_text\">WEITER<\/span><\/a><\/div><\/div><\/div><\/div><div  class=\"bt_bb_column col-xl-6 bt_bb_align_left bt_bb_padding_normal\"  data-width=\"6\" data-bt-override-class=\"{}\"><div class=\"bt_bb_column_content bt_bb_vertical_align_top bt_bb_color_scheme_ bt_bb_column_background_image\" style=\"background-image:url(&#039;https:\/\/lplawyersfirm.com\/wp-content\/uploads\/2021\/01\/CYPRUS-Custom.jpg&#039;);\"><div class=\"bt_bb_column_content_inner\"><div class=\"bt_bb_separator bt_bb_border_style_none bt_bb_bottom_spacing_extra_large\" data-bt-override-class=\"null\"><\/div><\/div><\/div><\/div><\/div><\/div><\/div><!-- cell_inner --><\/div><!-- cell --><\/div><!-- port --><\/section><section id=\"bt_bb_section69dc30b26bfc6\" class=\"bt_bb_section bt_bb_layout_wide bt_bb_vertical_align_top\"  data-bt-override-class=\"null\"><div class=\"bt_bb_port\"><div class=\"bt_bb_cell\"><div class=\"bt_bb_cell_inner\"><div class=\"bt_bb_row  bt_bb_layout_special btOverlapRight\"  data-bt-override-class=\"{}\"><div class=\"bt_bb_row_holder\" ><div  class=\"bt_bb_column col-xl-6 bt_bb_align_left bt_bb_padding_normal\"  data-width=\"6\" data-bt-override-class=\"{}\"><div class=\"bt_bb_column_content bt_bb_vertical_align_top bt_bb_color_scheme_ bt_bb_column_background_image\" style=\"background-image:url(&#039;https:\/\/lplawyersfirm.com\/wp-content\/uploads\/2021\/01\/1427774.jpg&#039;);\"><div class=\"bt_bb_column_content_inner\"><div class=\"bt_bb_separator bt_bb_border_style_none bt_bb_bottom_spacing_extra_large\" data-bt-override-class=\"null\"><\/div><\/div><\/div><\/div><div  class=\"bt_bb_column col-xl-6 btWithIcon bt_bb_align_left bt_bb_icon_color_scheme_6 bt_bb_padding_normal\" style=\"; --column-icon-primary-color:#ffffff; --column-icon-secondary-color:#b07c4b;\" data-width=\"6\" data-bt-override-class=\"{}\"><div class=\"bt_bb_column_content bt_bb_vertical_align_top bt_bb_color_scheme_\"><div class=\"bt_bb_column_icon\"><span  data-ico-icon7stroke=\"&#xe622;\" class=\"bt_bb_icon_holder\"><\/span><\/div><div class=\"bt_bb_column_content_inner\"><div class=\" bt_bb_row_inner\"   data-bt-override-class=\"{}\"><div class=\"bt_bb_row_inner_holder\"  ><div  class=\"bt_bb_column_inner col-xl-6 bt_bb_align_left bt_bb_vertical_align_bottom bt_bb_padding_normal\"  data-width=\"6\" data-bt-override-class=\"{}\"><div class=\"bt_bb_column_inner_content\"><header class=\"bt_bb_headline bt_bb_color_scheme_14 bt_bb_dash_none bt_bb_size_medium bt_bb_align_inherit\" style=\"; --primary-color:#353535; --secondary-color:#b07c4b;\" data-bt-override-class=\"{&quot;bt_bb_align_&quot;:{&quot;current_class&quot;:&quot;bt_bb_align_inherit&quot;,&quot;def&quot;:&quot;inherit&quot;,&quot;xl&quot;:&quot;inherit&quot;}}\"><h3 class=\"bt_bb_headline_tag\"><span class=\"bt_bb_headline_content\"><span>WIE MAN EIN <strong>LIMITED<\/strong> UNTERNEHMEN AUF ZYPERN GR\u00dcNDET<\/span><\/span><\/h3><\/header><div class=\"bt_bb_separator bt_bb_border_style_none bt_bb_bottom_spacing_normal bt_bb_hidden_md bt_bb_hidden_lg\" data-bt-override-class=\"null\"><\/div><\/div><\/div><div  class=\"bt_bb_column_inner col-xl-6 bt_bb_align_right bt_bb_vertical_align_bottom bt_bb_padding_normal\"  data-width=\"6\" data-bt-override-class=\"{}\"><div class=\"bt_bb_column_inner_content\"><div class=\"bt_bb_button bt_bb_color_scheme_13 bt_bb_style_clean bt_bb_size_normal bt_bb_width_inline bt_bb_shape_inherit bt_bb_align_inherit\" style=\"; --button-primary-color:#b07c4b; --button-secondary-color:#353535;\" data-bt-override-class=\"{}\"><a href=\"\/de\/cyprus\/wie-man-ein-limited-unternehmen-auf-zypern-gruendet\" target=\"_self\" class=\"bt_bb_link\" title=\"WEITER\"><span class=\"bt_bb_button_text\">WEITER<\/span><\/a><\/div><\/div><\/div><\/div><\/div><div class=\"bt_bb_separator bt_bb_border_style_none bt_bb_bottom_spacing_normal\" data-bt-override-class=\"null\"><\/div><div class=\" bt_bb_row_inner\"   data-bt-override-class=\"{}\"><div class=\"bt_bb_row_inner_holder\"  ><div  class=\"bt_bb_column_inner col-xl-12 bt_bb_align_left bt_bb_vertical_align_top bt_bb_padding_normal\"  data-width=\"12\" data-bt-override-class=\"{}\"><div class=\"bt_bb_column_inner_content\"><div  class=\"bt_bb_text\" ><\/p>\n<p>Bevor Sie ein Unternehmen in Zypern er\u00f6ffnen, m\u00fcssen Sie entscheiden, welche Art von Unternehmensstruktur Sie haben m\u00f6chten.<\/p>\n<p>Unter anderem ist die vorteilhafteste in Kombination mit dem Non-Dom Status (siehe Abschnitt \u201eNon-Dom Status und Steuern\u201c) eindeutig die Gr\u00fcndung einer Gesellschaft mit beschr\u00e4nkter Haftung auf Zypern, genannt Limited, kurz LTD\u2026<\/p>\n<p>\n<\/div><\/div><\/div><\/div><\/div><\/div><\/div><\/div><\/div><\/div><\/div><!-- cell_inner --><\/div><!-- cell --><\/div><!-- port --><\/section><section id=\"bt_bb_section69dc30b26c8b5\" class=\"bt_bb_section bt_bb_color_scheme_10 bt_bb_layout_wide bt_bb_vertical_align_top bt_bb_top_spacing_large bt_bb_bottom_spacing_large\" style=\"; --section-primary-color:#ffffff; --section-secondary-color:#353535;\" data-bt-override-class=\"null\"><div class=\"bt_bb_port\"><div class=\"bt_bb_cell\"><div class=\"bt_bb_cell_inner\"><div class=\"bt_bb_row \"  data-bt-override-class=\"{}\"><div class=\"bt_bb_row_holder\" ><div  class=\"bt_bb_column col-xl-12 bt_bb_align_center bt_bb_padding_normal\"  data-width=\"12\" data-bt-override-class=\"{}\"><div class=\"bt_bb_column_content bt_bb_vertical_align_top bt_bb_color_scheme_\"><div class=\"bt_bb_column_content_inner\"><header class=\"bt_bb_headline bt_bb_color_scheme_1 bt_bb_dash_top bt_bb_size_normal bt_bb_align_inherit\" style=\"; --primary-color:#ffffff; --secondary-color:#191919;\" data-bt-override-class=\"{}\"><h3 class=\"bt_bb_headline_tag\"><span class=\"bt_bb_headline_content\"><span>Kontaktieren Sie <strong>uns<\/strong> <\/span><\/span><\/h3><\/header><div class=\"bt_bb_separator bt_bb_border_style_none bt_bb_bottom_spacing_80\" data-bt-override-class=\"null\"><\/div><div class=\"bt_bb_button bt_bb_color_scheme_6 bt_bb_icon_color_scheme_6 bt_bb_style_outline bt_bb_size_large bt_bb_width_inline bt_bb_shape_square bt_bb_align_inherit\" style=\"; --button-primary-color:#ffffff; --button-secondary-color:#b07c4b;; --button-icon-primary-color:#ffffff; --button-icon-secondary-color:#b07c4b;\" data-bt-override-class=\"{}\"><a href=\"https:\/\/lplawyersfirm.com\/contact-us\/\" target=\"_self\" class=\"bt_bb_link\" title=\"Termin vereinbaren\"><span class=\"bt_bb_button_text\">Termin vereinbaren<\/span><\/a><\/div><\/div><\/div><\/div><\/div><\/div><\/div><!-- cell_inner --><\/div><!-- cell --><\/div><!-- port --><\/section><\/p>\n","protected":false},"excerpt":{"rendered":"","protected":false},"author":1,"featured_media":0,"parent":0,"menu_order":0,"comment_status":"closed","ping_status":"closed","template":"","meta":{"footnotes":""},"class_list":["post-118727","page","type-page","status-publish","hentry"],"yoast_head":"<!-- This site is optimized with the Yoast SEO plugin v24.5 - https:\/\/yoast.com\/wordpress\/plugins\/seo\/ -->\n<title>Zypern - lplawyersfirm.com<\/title>\n<meta name=\"robots\" content=\"index, follow, max-snippet:-1, max-image-preview:large, max-video-preview:-1\" \/>\n<link rel=\"canonical\" href=\"https:\/\/lplawyersfirm.com\/de\/cyprus\/\" \/>\n<meta property=\"og:locale\" content=\"de_DE\" \/>\n<meta property=\"og:type\" content=\"article\" \/>\n<meta property=\"og:title\" content=\"Zypern - lplawyersfirm.com\" \/>\n<meta property=\"og:url\" content=\"https:\/\/lplawyersfirm.com\/de\/cyprus\/\" \/>\n<meta property=\"og:site_name\" content=\"lplawyersfirm.com\" \/>\n<meta property=\"article:publisher\" content=\"https:\/\/www.facebook.com\/lplawyersfirm\" \/>\n<meta property=\"article:modified_time\" content=\"2023-03-30T15:02:34+00:00\" \/>\n<meta name=\"twitter:card\" content=\"summary_large_image\" \/>\n<meta name=\"twitter:label1\" content=\"Gesch\u00e4tzte Lesezeit\" \/>\n\t<meta name=\"twitter:data1\" content=\"4\u00a0Minuten\" \/>\n<script type=\"application\/ld+json\" class=\"yoast-schema-graph\">{\"@context\":\"https:\/\/schema.org\",\"@graph\":[{\"@type\":\"WebPage\",\"@id\":\"https:\/\/lplawyersfirm.com\/de\/cyprus\/\",\"url\":\"https:\/\/lplawyersfirm.com\/de\/cyprus\/\",\"name\":\"Zypern - lplawyersfirm.com\",\"isPartOf\":{\"@id\":\"https:\/\/lplawyersfirm.com\/de\/#website\"},\"datePublished\":\"2019-10-09T14:33:39+00:00\",\"dateModified\":\"2023-03-30T15:02:34+00:00\",\"breadcrumb\":{\"@id\":\"https:\/\/lplawyersfirm.com\/de\/cyprus\/#breadcrumb\"},\"inLanguage\":\"de\",\"potentialAction\":[{\"@type\":\"ReadAction\",\"target\":[\"https:\/\/lplawyersfirm.com\/de\/cyprus\/\"]}]},{\"@type\":\"BreadcrumbList\",\"@id\":\"https:\/\/lplawyersfirm.com\/de\/cyprus\/#breadcrumb\",\"itemListElement\":[{\"@type\":\"ListItem\",\"position\":1,\"name\":\"Home\",\"item\":\"https:\/\/lplawyersfirm.com\/de\/\"},{\"@type\":\"ListItem\",\"position\":2,\"name\":\"Zypern\"}]},{\"@type\":\"WebSite\",\"@id\":\"https:\/\/lplawyersfirm.com\/de\/#website\",\"url\":\"https:\/\/lplawyersfirm.com\/de\/\",\"name\":\"https:\/\/www.lplawyersfirm.com\",\"description\":\"Papasavvas &amp; Liskavidou LLC - Expert Commercial Law Fir\",\"publisher\":{\"@id\":\"https:\/\/lplawyersfirm.com\/de\/#organization\"},\"potentialAction\":[{\"@type\":\"SearchAction\",\"target\":{\"@type\":\"EntryPoint\",\"urlTemplate\":\"https:\/\/lplawyersfirm.com\/de\/?s={search_term_string}\"},\"query-input\":{\"@type\":\"PropertyValueSpecification\",\"valueRequired\":true,\"valueName\":\"search_term_string\"}}],\"inLanguage\":\"de\"},{\"@type\":\"Organization\",\"@id\":\"https:\/\/lplawyersfirm.com\/de\/#organization\",\"name\":\"Papasavvas and Liskavidou\u00a0LLC\",\"url\":\"https:\/\/lplawyersfirm.com\/de\/\",\"logo\":{\"@type\":\"ImageObject\",\"inLanguage\":\"de\",\"@id\":\"https:\/\/lplawyersfirm.com\/de\/#\/schema\/logo\/image\/\",\"url\":\"https:\/\/lplawyersfirm.com\/wp-content\/uploads\/2021\/04\/logo-lpllc-white-270.png\",\"contentUrl\":\"https:\/\/lplawyersfirm.com\/wp-content\/uploads\/2021\/04\/logo-lpllc-white-270.png\",\"width\":270,\"height\":43,\"caption\":\"Papasavvas and Liskavidou\u00a0LLC\"},\"image\":{\"@id\":\"https:\/\/lplawyersfirm.com\/de\/#\/schema\/logo\/image\/\"},\"sameAs\":[\"https:\/\/www.facebook.com\/lplawyersfirm\"]}]}<\/script>\n<!-- \/ Yoast SEO plugin. -->","yoast_head_json":{"title":"Zypern - lplawyersfirm.com","robots":{"index":"index","follow":"follow","max-snippet":"max-snippet:-1","max-image-preview":"max-image-preview:large","max-video-preview":"max-video-preview:-1"},"canonical":"https:\/\/lplawyersfirm.com\/de\/cyprus\/","og_locale":"de_DE","og_type":"article","og_title":"Zypern - lplawyersfirm.com","og_url":"https:\/\/lplawyersfirm.com\/de\/cyprus\/","og_site_name":"lplawyersfirm.com","article_publisher":"https:\/\/www.facebook.com\/lplawyersfirm","article_modified_time":"2023-03-30T15:02:34+00:00","twitter_card":"summary_large_image","twitter_misc":{"Gesch\u00e4tzte Lesezeit":"4\u00a0Minuten"},"schema":{"@context":"https:\/\/schema.org","@graph":[{"@type":"WebPage","@id":"https:\/\/lplawyersfirm.com\/de\/cyprus\/","url":"https:\/\/lplawyersfirm.com\/de\/cyprus\/","name":"Zypern - lplawyersfirm.com","isPartOf":{"@id":"https:\/\/lplawyersfirm.com\/de\/#website"},"datePublished":"2019-10-09T14:33:39+00:00","dateModified":"2023-03-30T15:02:34+00:00","breadcrumb":{"@id":"https:\/\/lplawyersfirm.com\/de\/cyprus\/#breadcrumb"},"inLanguage":"de","potentialAction":[{"@type":"ReadAction","target":["https:\/\/lplawyersfirm.com\/de\/cyprus\/"]}]},{"@type":"BreadcrumbList","@id":"https:\/\/lplawyersfirm.com\/de\/cyprus\/#breadcrumb","itemListElement":[{"@type":"ListItem","position":1,"name":"Home","item":"https:\/\/lplawyersfirm.com\/de\/"},{"@type":"ListItem","position":2,"name":"Zypern"}]},{"@type":"WebSite","@id":"https:\/\/lplawyersfirm.com\/de\/#website","url":"https:\/\/lplawyersfirm.com\/de\/","name":"https:\/\/www.lplawyersfirm.com","description":"Papasavvas &amp; Liskavidou LLC - Expert Commercial Law Fir","publisher":{"@id":"https:\/\/lplawyersfirm.com\/de\/#organization"},"potentialAction":[{"@type":"SearchAction","target":{"@type":"EntryPoint","urlTemplate":"https:\/\/lplawyersfirm.com\/de\/?s={search_term_string}"},"query-input":{"@type":"PropertyValueSpecification","valueRequired":true,"valueName":"search_term_string"}}],"inLanguage":"de"},{"@type":"Organization","@id":"https:\/\/lplawyersfirm.com\/de\/#organization","name":"Papasavvas and Liskavidou\u00a0LLC","url":"https:\/\/lplawyersfirm.com\/de\/","logo":{"@type":"ImageObject","inLanguage":"de","@id":"https:\/\/lplawyersfirm.com\/de\/#\/schema\/logo\/image\/","url":"https:\/\/lplawyersfirm.com\/wp-content\/uploads\/2021\/04\/logo-lpllc-white-270.png","contentUrl":"https:\/\/lplawyersfirm.com\/wp-content\/uploads\/2021\/04\/logo-lpllc-white-270.png","width":270,"height":43,"caption":"Papasavvas and Liskavidou\u00a0LLC"},"image":{"@id":"https:\/\/lplawyersfirm.com\/de\/#\/schema\/logo\/image\/"},"sameAs":["https:\/\/www.facebook.com\/lplawyersfirm"]}]}},"_links":{"self":[{"href":"https:\/\/lplawyersfirm.com\/de\/wp-json\/wp\/v2\/pages\/118727"}],"collection":[{"href":"https:\/\/lplawyersfirm.com\/de\/wp-json\/wp\/v2\/pages"}],"about":[{"href":"https:\/\/lplawyersfirm.com\/de\/wp-json\/wp\/v2\/types\/page"}],"author":[{"embeddable":true,"href":"https:\/\/lplawyersfirm.com\/de\/wp-json\/wp\/v2\/users\/1"}],"replies":[{"embeddable":true,"href":"https:\/\/lplawyersfirm.com\/de\/wp-json\/wp\/v2\/comments?post=118727"}],"version-history":[{"count":6,"href":"https:\/\/lplawyersfirm.com\/de\/wp-json\/wp\/v2\/pages\/118727\/revisions"}],"predecessor-version":[{"id":119215,"href":"https:\/\/lplawyersfirm.com\/de\/wp-json\/wp\/v2\/pages\/118727\/revisions\/119215"}],"wp:attachment":[{"href":"https:\/\/lplawyersfirm.com\/de\/wp-json\/wp\/v2\/media?parent=118727"}],"curies":[{"name":"wp","href":"https:\/\/api.w.org\/{rel}","templated":true}]}}